{"id":390,"date":"2025-09-09T11:21:08","date_gmt":"2025-09-09T11:21:08","guid":{"rendered":"https:\/\/mhnm.ghost.uem.mz\/?page_id=390"},"modified":"2025-12-28T16:47:32","modified_gmt":"2025-12-28T16:47:32","slug":"home","status":"publish","type":"page","link":"https:\/\/mhnm.uem.mz\/","title":{"rendered":"home"},"content":{"rendered":"\t\t<div data-elementor-type=\"wp-page\" data-elementor-id=\"390\" class=\"elementor elementor-390\">\n\t\t\t\t<div class=\"elementor-element elementor-element-10b83a5 e-flex e-con-boxed e-con e-parent\" data-id=\"10b83a5\" data-element_type=\"container\" data-e-type=\"container\">\n\t\t\t\t\t<div class=\"e-con-inner\">\n\t\t\t\t<div class=\"elementor-element elementor-element-d473053 elementor-widget elementor-widget-shortcode\" data-id=\"d473053\" data-element_type=\"widget\" data-e-type=\"widget\" data-widget_type=\"shortcode.default\">\n\t\t\t\t\t\t\t<div class=\"elementor-shortcode\"><\/div>\n\t\t\t\t\t\t<\/div>\n\t\t\t\t\t<\/div>\n\t\t\t\t<\/div>\n\t\t<div class=\"elementor-element elementor-element-a03611a e-flex e-con-boxed e-con e-parent\" data-id=\"a03611a\" data-element_type=\"container\" data-e-type=\"container\" data-settings=\"{&quot;background_background&quot;:&quot;gradient&quot;}\">\n\t\t\t\t\t<div class=\"e-con-inner\">\n\t\t\t\t<div class=\"elementor-element elementor-element-9c2690e elementor-widget elementor-widget-heading\" data-id=\"9c2690e\" data-element_type=\"widget\" data-e-type=\"widget\" data-widget_type=\"heading.default\">\n\t\t\t\t\t<h2 class=\"elementor-heading-title elementor-size-default\">Bem-vindo ao Museu de Hist\u00f3ria Natural de Maputo<\/h2>\t\t\t\t<\/div>\n\t\t\t\t\t<\/div>\n\t\t\t\t<\/div>\n\t\t<div class=\"elementor-element elementor-element-d8a9dab e-flex e-con-boxed e-con e-parent\" data-id=\"d8a9dab\" data-element_type=\"container\" data-e-type=\"container\" data-settings=\"{&quot;background_background&quot;:&quot;classic&quot;}\">\n\t\t\t\t\t<div class=\"e-con-inner\">\n\t\t\t\t<div class=\"elementor-element elementor-element-68c9739 elementor-align-center animated-slow elementor-invisible elementor-widget elementor-widget-button\" data-id=\"68c9739\" data-element_type=\"widget\" data-e-type=\"widget\" data-settings=\"{&quot;_animation&quot;:&quot;fadeInUp&quot;,&quot;_animation_delay&quot;:200}\" data-widget_type=\"button.default\">\n\t\t\t\t\t\t\t\t\t\t<a class=\"elementor-button elementor-button-link elementor-size-sm elementor-animation-pulse\" href=\"https:\/\/mhnm.uem.mz\/wp-content\/uploads\/2025\/11\/tikets.png\">\n\t\t\t\t\t\t<span class=\"elementor-button-content-wrapper\">\n\t\t\t\t\t\t\t\t\t<span class=\"elementor-button-text\">CLIQUE AQUI E ENCONTRE TABELA DE PRE\u00c7OS<\/span>\n\t\t\t\t\t<\/span>\n\t\t\t\t\t<\/a>\n\t\t\t\t\t\t\t\t<\/div>\n\t\t\t\t\t<\/div>\n\t\t\t\t<\/div>\n\t\t<div class=\"elementor-element elementor-element-7abf4a2 e-flex e-con-boxed e-con e-parent\" data-id=\"7abf4a2\" data-element_type=\"container\" data-e-type=\"container\">\n\t\t\t\t\t<div class=\"e-con-inner\">\n\t\t<div class=\"elementor-element elementor-element-6cbdd19 e-con-full e-flex e-con e-child\" data-id=\"6cbdd19\" data-element_type=\"container\" data-e-type=\"container\" data-settings=\"{&quot;background_background&quot;:&quot;gradient&quot;}\">\n\t\t\t\t<div class=\"elementor-element elementor-element-0846350 elementor-widget elementor-widget-heading\" data-id=\"0846350\" data-element_type=\"widget\" data-e-type=\"widget\" data-widget_type=\"heading.default\">\n\t\t\t\t\t<h2 class=\"elementor-heading-title elementor-size-default\">Visitar o Museu<\/h2>\t\t\t\t<\/div>\n\t\t\t\t<div class=\"elementor-element elementor-element-7c7a615 elementor-widget elementor-widget-text-editor\" data-id=\"7c7a615\" data-element_type=\"widget\" data-e-type=\"widget\" data-widget_type=\"text-editor.default\">\n\t\t\t\t\t\t\t\t\t<ul style=\"font-weight: 400;\"><li style=\"font-style: inherit; font-weight: inherit;\"><h5><strong>De Ter\u00e7a \u00e1 Quinta-feira<\/strong>: <strong>08:30 at\u00e9 \u00e0s 15:30<\/strong><\/h5><\/li><li style=\"font-style: inherit; font-weight: inherit;\"><h5>De Sexta \u00e0 Domingo: Das 10:00 at\u00e9 \u00e0s 17:00<\/h5><\/li><li style=\"font-style: inherit; font-weight: inherit;\"><h5>\u00c0s quartas-feiras, o Museu de Hist\u00f3ria Natural <strong>aplica uma pol\u00edtica especial: as visitas individuais t\u00eam entrada gratuita, enquanto as visitas em grupo continuam sujeitas ao pagamento do ingresso, conforme a tabela de pre\u00e7os em vigor. Esta medida facilita o acesso individual e organiza melhor as visitas coletivas.<\/strong><\/h5><\/li><\/ul><h5><b><strong>Feriados<\/strong><\/b><span style=\"font-weight: 400;\"> A Exposi\u00e7\u00e3o abre todos os dias excepto: 1 de Janeiro, 1 de Maio e 25 de Dezembro<\/span><\/h5>\t\t\t\t\t\t\t\t<\/div>\n\t\t\t\t<div class=\"elementor-element elementor-element-3372bd5 elementor-widget elementor-widget-text-editor\" data-id=\"3372bd5\" data-element_type=\"widget\" data-e-type=\"widget\" data-widget_type=\"text-editor.default\">\n\t\t\t\t\t\t\t\t\t<h5 class=\"elementor-heading-title elementor-size-default\">As marca\u00e7\u00f5es das visitas podem ser feitas por via de:<\/h5>\t\t\t\t\t\t\t\t<\/div>\n\t\t\t\t<div class=\"elementor-element elementor-element-4b04350 elementor-list-item-link-inline elementor-icon-list--layout-traditional elementor-widget elementor-widget-icon-list\" data-id=\"4b04350\" data-element_type=\"widget\" data-e-type=\"widget\" data-widget_type=\"icon-list.default\">\n\t\t\t\t\t\t\t<ul class=\"elementor-icon-list-items\">\n\t\t\t\t\t\t\t<li class=\"elementor-icon-list-item\">\n\t\t\t\t\t\t\t\t\t\t\t<span class=\"elementor-icon-list-icon\">\n\t\t\t\t\t\t\t<svg aria-hidden=\"true\" class=\"e-font-icon-svg e-fas-phone-alt\" viewBox=\"0 0 512 512\" xmlns=\"http:\/\/www.w3.org\/2000\/svg\"><path d=\"M497.39 361.8l-112-48a24 24 0 0 0-28 6.9l-49.6 60.6A370.66 370.66 0 0 1 130.6 204.11l60.6-49.6a23.94 23.94 0 0 0 6.9-28l-48-112A24.16 24.16 0 0 0 122.6.61l-104 24A24 24 0 0 0 0 48c0 256.5 207.9 464 464 464a24 24 0 0 0 23.4-18.6l24-104a24.29 24.29 0 0 0-14.01-27.6z\"><\/path><\/svg>\t\t\t\t\t\t<\/span>\n\t\t\t\t\t\t\t\t\t\t<span class=\"elementor-icon-list-text\">Chamada Telef\u00f3nica: (+258) 85 143 2766<\/span>\n\t\t\t\t\t\t\t\t\t<\/li>\n\t\t\t\t\t\t\t\t<li class=\"elementor-icon-list-item\">\n\t\t\t\t\t\t\t\t\t\t\t<span class=\"elementor-icon-list-icon\">\n\t\t\t\t\t\t\t<i aria-hidden=\"true\" class=\"icon icon-email1\"><\/i>\t\t\t\t\t\t<\/span>\n\t\t\t\t\t\t\t\t\t\t<span class=\"elementor-icon-list-text\">Preencher o formul\u00e1rio aqui dispon\u00edvel<\/span>\n\t\t\t\t\t\t\t\t\t<\/li>\n\t\t\t\t\t\t<\/ul>\n\t\t\t\t\t\t<\/div>\n\t\t\t\t<\/div>\n\t\t<div class=\"elementor-element elementor-element-1535d00 e-con-full e-flex e-con e-child\" data-id=\"1535d00\" data-element_type=\"container\" data-e-type=\"container\">\n\t\t\t\t<div class=\"elementor-element elementor-element-8469677 elementor-widget elementor-widget-heading\" data-id=\"8469677\" data-element_type=\"widget\" data-e-type=\"widget\" data-widget_type=\"heading.default\">\n\t\t\t\t\t<h2 class=\"elementor-heading-title elementor-size-default\">Destaques<\/h2>\t\t\t\t<\/div>\n\t\t\t\t<div class=\"elementor-element elementor-element-32ae06a elementor-widget elementor-widget-elementskit-post-grid\" data-id=\"32ae06a\" data-element_type=\"widget\" data-e-type=\"widget\" data-widget_type=\"elementskit-post-grid.default\">\n\t\t\t\t<div class=\"elementor-widget-container\">\n\t\t\t\t\t<div class=\"ekit-wid-con\" >\n        <div class=\"ekit--tab__post__details ekit-post_grid\">\n                                                                                                        <div class=\"tab__post__single--item ekit___column-2 tablet-ekit___column-2 mobile-ekit___column-2 post-count-3\">\n                            <a href=\"https:\/\/mhnm.uem.mz\/index.php\/2026\/04\/23\/entre-legado-e-futuro-museu-de-historia-natural-de-maputo-assinala-nova-etapa-de-lideranca\/\" class=\"tab__post--header\" aria-label=\"url\">\n                                                                <div class=\"post_grid_img_thumb\" style=\"background-image: url('https:\/\/mhnm.uem.mz\/wp-content\/uploads\/2026\/04\/DSC_1412-238x300.jpg')\"><\/div>\n                                                            <\/a>\n                            <h3 class=\"tab__post--title ekit-post_grid-title\"><a href=\"https:\/\/mhnm.uem.mz\/index.php\/2026\/04\/23\/entre-legado-e-futuro-museu-de-historia-natural-de-maputo-assinala-nova-etapa-de-lideranca\/\">Uma Nova Etapa de Lideran\u00e7a: Museu de Hist\u00f3ria Natural Celebra Continuidade e Renova\u00e7\u00e3o<\/a><\/h3>\n                        <\/div>\n                                        \n                                                                                <div class=\"tab__post__single--item ekit___column-2 tablet-ekit___column-2 mobile-ekit___column-2 post-count-3\">\n                            <a href=\"https:\/\/mhnm.uem.mz\/index.php\/2026\/04\/02\/sala-de-exposicoes-temporarias-acolhe-evento-literario-viajar-na-palavra-com-o-escritor-mia-couto\/\" class=\"tab__post--header\" aria-label=\"url\">\n                                                                <div class=\"post_grid_img_thumb\" style=\"background-image: url('https:\/\/mhnm.uem.mz\/wp-content\/uploads\/2026\/04\/1775126339909-225x300.jpg')\"><\/div>\n                                                            <\/a>\n                            <h3 class=\"tab__post--title ekit-post_grid-title\"><a href=\"https:\/\/mhnm.uem.mz\/index.php\/2026\/04\/02\/sala-de-exposicoes-temporarias-acolhe-evento-literario-viajar-na-palavra-com-o-escritor-mia-couto\/\">Sala de\u00a0Exposi\u00e7\u00f5es\u00a0Tempor\u00e1rias\u00a0acolhe\u00a0evento\u00a0liter\u00e1rio\u00a0\u201cViajar\u00a0na\u00a0Palavra\u201d com o\u00a0escritor\u00a0Mia Couto\u00a0<\/a><\/h3>\n                        <\/div>\n                                        \n                                                                                <div class=\"tab__post__single--item ekit___column-2 tablet-ekit___column-2 mobile-ekit___column-2 post-count-3\">\n                            <a href=\"https:\/\/mhnm.uem.mz\/index.php\/2026\/03\/24\/um-espaco-onde-ideias-ganham-vida-realize-o-seu-evento-no-museu-de-historia-natural\/\" class=\"tab__post--header\" aria-label=\"url\">\n                                                                <div class=\"post_grid_img_thumb\" style=\"background-image: url('https:\/\/mhnm.uem.mz\/wp-content\/uploads\/2026\/03\/1774340300469-300x200.jpg')\"><\/div>\n                                                            <\/a>\n                            <h3 class=\"tab__post--title ekit-post_grid-title\"><a href=\"https:\/\/mhnm.uem.mz\/index.php\/2026\/03\/24\/um-espaco-onde-ideias-ganham-vida-realize-o-seu-evento-no-museu-de-historia-natural\/\">Um espa\u00e7o onde ideias ganham vida \u2014 realize o seu evento no Museu de Hist\u00f3ria Natural<\/a><\/h3>\n                        <\/div>\n                                        \n                        <\/div>\n    <\/div>\t\t\t\t<\/div>\n\t\t\t\t<\/div>\n\t\t\t\t<\/div>\n\t\t\t\t\t<\/div>\n\t\t\t\t<\/div>\n\t\t<div class=\"elementor-element elementor-element-1defd51 e-flex e-con-boxed e-con e-parent\" data-id=\"1defd51\" data-element_type=\"container\" data-e-type=\"container\" data-settings=\"{&quot;background_background&quot;:&quot;classic&quot;}\">\n\t\t\t\t\t<div class=\"e-con-inner\">\n\t\t<div class=\"elementor-element elementor-element-d79a3b3 e-con-full e-flex e-con e-child\" data-id=\"d79a3b3\" data-element_type=\"container\" data-e-type=\"container\">\n\t\t\t\t<div class=\"elementor-element elementor-element-8b2f008 elementor-widget elementor-widget-heading\" data-id=\"8b2f008\" data-element_type=\"widget\" data-e-type=\"widget\" data-widget_type=\"heading.default\">\n\t\t\t\t\t<h2 class=\"elementor-heading-title elementor-size-default\">Virtual Tour<\/h2>\t\t\t\t<\/div>\n\t\t\t\t<div class=\"elementor-element elementor-element-96c20af elementor-widget elementor-widget-text-editor\" data-id=\"96c20af\" data-element_type=\"widget\" data-e-type=\"widget\" data-widget_type=\"text-editor.default\">\n\t\t\t\t\t\t\t\t\t<p>Fa\u00e7a um visita\u00a0<em>online<\/em>\u00a0ao museu atrav\u00e9s do Virtual Tour. O Virtual Tour \u00e9 uma experi\u00eancia \u00fanica que permite visitar todo o Musue virtualmente, a qualquer momento, sem nenhum custo associado.<\/p><p>Clique na imagem para iniciar o Virtual Tour.<\/p>\t\t\t\t\t\t\t\t<\/div>\n\t\t\t\t<\/div>\n\t\t<div class=\"elementor-element elementor-element-a9bcf0c e-con-full e-flex e-con e-child\" data-id=\"a9bcf0c\" data-element_type=\"container\" data-e-type=\"container\">\n\t\t\t\t<div class=\"elementor-element elementor-element-36c4964 elementor-widget elementor-widget-html\" data-id=\"36c4964\" data-element_type=\"widget\" data-e-type=\"widget\" data-widget_type=\"html.default\">\n\t\t\t\t\t<iframe src=\"https:\/\/mhnm.uem.mz\/vtour\/index.htm\"\r\n        width=\"100%\" height=\"200\"\r\n        style=\"border:none;\" allowfullscreen>\r\n<\/iframe>\t\t\t\t<\/div>\n\t\t\t\t<\/div>\n\t\t\t\t\t<\/div>\n\t\t\t\t<\/div>\n\t\t<div class=\"elementor-element elementor-element-7caca46 e-flex e-con-boxed e-con e-parent\" data-id=\"7caca46\" data-element_type=\"container\" data-e-type=\"container\">\n\t\t\t\t\t<div class=\"e-con-inner\">\n\t\t\t\t<div class=\"elementor-element elementor-element-e464afc elementor-widget elementor-widget-heading\" data-id=\"e464afc\" data-element_type=\"widget\" data-e-type=\"widget\" data-widget_type=\"heading.default\">\n\t\t\t\t\t<h2 class=\"elementor-heading-title elementor-size-default\">Junte-se a n\u00f3s online!<\/h2>\t\t\t\t<\/div>\n\t\t\t\t\t<\/div>\n\t\t\t\t<\/div>\n\t\t<div class=\"elementor-element elementor-element-c7acc9f e-flex e-con-boxed e-con e-parent\" data-id=\"c7acc9f\" data-element_type=\"container\" data-e-type=\"container\" data-settings=\"{&quot;background_background&quot;:&quot;classic&quot;}\">\n\t\t\t\t\t<div class=\"e-con-inner\">\n\t\t<div class=\"elementor-element elementor-element-520f271 e-con-full e-flex e-con e-child\" data-id=\"520f271\" data-element_type=\"container\" data-e-type=\"container\">\n\t\t\t\t<div class=\"elementor-element elementor-element-7323139 elementor-widget elementor-widget-wpforms\" data-id=\"7323139\" data-element_type=\"widget\" data-e-type=\"widget\" data-widget_type=\"wpforms.default\">\n\t\t\t\t<div class=\"elementor-widget-container\">\n\t\t\t\t\t<div class=\"wpforms-container wpforms-container-full wpforms-render-modern\" id=\"wpforms-1478\"><form id=\"wpforms-form-1478\" class=\"wpforms-validate wpforms-form wpforms-ajax-form\" data-formid=\"1478\" method=\"post\" enctype=\"multipart\/form-data\" action=\"\/index.php\/wp-json\/wp\/v2\/pages\/390\" data-token=\"cacaa9dc953a88663e79c2d15687a165\" data-token-time=\"1777681887\"><noscript class=\"wpforms-error-noscript\">Please enable JavaScript in your browser to complete this form.<\/noscript><div id=\"wpforms-error-noscript\" style=\"display: none;\">Please enable JavaScript in your browser to complete this form.<\/div><div class=\"wpforms-field-container\">\t\t<div id=\"wpforms-1478-field_4-container\"\n\t\t\tclass=\"wpforms-field wpforms-field-text\"\n\t\t\tdata-field-type=\"text\"\n\t\t\tdata-field-id=\"4\"\n\t\t\t>\n\t\t\t<label class=\"wpforms-field-label\" for=\"wpforms-1478-field_4\" >Deixe Email Completo<\/label>\n\t\t\t<input type=\"text\" id=\"wpforms-1478-field_4\" class=\"wpforms-field-medium\" name=\"wpforms[fields][4]\" >\n\t\t<\/div>\n\t\t<div id=\"wpforms-1478-field_1-container\" class=\"wpforms-field wpforms-field-name\" data-field-id=\"1\"><label class=\"wpforms-field-label\" for=\"wpforms-1478-field_1\">Nome Completo <span class=\"wpforms-required-label\" aria-hidden=\"true\">*<\/span><\/label><input type=\"text\" id=\"wpforms-1478-field_1\" class=\"wpforms-field-medium wpforms-field-required\" name=\"wpforms[fields][1]\" aria-errormessage=\"wpforms-1478-field_1-error\" required><\/div><div id=\"wpforms-1478-field_2-container\" class=\"wpforms-field wpforms-field-email\" data-field-id=\"2\"><label class=\"wpforms-field-label\" for=\"wpforms-1478-field_2\">Email <span class=\"wpforms-required-label\" aria-hidden=\"true\">*<\/span><\/label><input type=\"email\" id=\"wpforms-1478-field_2\" class=\"wpforms-field-medium wpforms-field-required\" name=\"wpforms[fields][2]\" spellcheck=\"false\" aria-errormessage=\"wpforms-1478-field_2-error\" required><\/div><div id=\"wpforms-1478-field_3-container\" class=\"wpforms-field wpforms-field-textarea\" data-field-id=\"3\"><label class=\"wpforms-field-label\" for=\"wpforms-1478-field_3\">Deixe sua mensagem <span class=\"wpforms-required-label\" aria-hidden=\"true\">*<\/span><\/label><textarea id=\"wpforms-1478-field_3\" class=\"wpforms-field-medium wpforms-field-required wpforms-limit-words-enabled\" data-form-id=\"1478\" data-field-id=\"3\" data-text-limit=\"75\" name=\"wpforms[fields][3]\" aria-errormessage=\"wpforms-1478-field_3-error\" required><\/textarea><\/div><script>\n\t\t\t\t( function() {\n\t\t\t\t\tconst style = document.createElement( 'style' );\n\t\t\t\t\tstyle.appendChild( document.createTextNode( '#wpforms-1478-field_4-container { position: absolute !important; overflow: hidden !important; display: inline !important; height: 1px !important; width: 1px !important; z-index: -1000 !important; padding: 0 !important; } #wpforms-1478-field_4-container input { visibility: hidden; } #wpforms-conversational-form-page #wpforms-1478-field_4-container label { counter-increment: none; }' ) );\n\t\t\t\t\tdocument.head.appendChild( style );\n\t\t\t\t\tdocument.currentScript?.remove();\n\t\t\t\t} )();\n\t\t\t<\/script><\/div><!-- .wpforms-field-container --><div class=\"wpforms-recaptcha-container wpforms-is-recaptcha wpforms-is-recaptcha-type-v3\" ><input type=\"hidden\" name=\"wpforms[recaptcha]\" value=\"\"><\/div><div class=\"wpforms-submit-container\" ><input type=\"hidden\" name=\"wpforms[id]\" value=\"1478\"><input type=\"hidden\" name=\"page_title\" value=\"\"><input type=\"hidden\" name=\"page_url\" value=\"https:\/\/mhnm.uem.mz\/index.php\/wp-json\/wp\/v2\/pages\/390\"><input type=\"hidden\" name=\"url_referer\" value=\"\"><button type=\"submit\" name=\"wpforms[submit]\" id=\"wpforms-submit-1478\" class=\"wpforms-submit\" data-alt-text=\"Enviando\u23f3...\" data-submit-text=\"Submetido\" aria-live=\"assertive\" value=\"wpforms-submit\">Submetido<\/button><img decoding=\"async\" src=\"https:\/\/mhnm.uem.mz\/wp-content\/plugins\/wpforms-lite\/assets\/images\/submit-spin.svg\" class=\"wpforms-submit-spinner\" style=\"display: none;\" width=\"26\" height=\"26\" alt=\"Loading\"><\/div><\/form><\/div>  <!-- .wpforms-container -->\t\t\t\t<\/div>\n\t\t\t\t<\/div>\n\t\t\t\t<\/div>\n\t\t<div class=\"elementor-element elementor-element-b67ad64 e-con-full e-flex e-con e-child\" data-id=\"b67ad64\" data-element_type=\"container\" data-e-type=\"container\">\n\t\t<div class=\"elementor-element elementor-element-492a0f7 e-con-full e-flex e-con e-child\" data-id=\"492a0f7\" data-element_type=\"container\" data-e-type=\"container\">\n\t\t\t\t<div class=\"elementor-element elementor-element-5b3a16f elementor-widget elementor-widget-html\" data-id=\"5b3a16f\" data-element_type=\"widget\" data-e-type=\"widget\" data-widget_type=\"html.default\">\n\t\t\t\t\t<iframe src=\"https:\/\/docs.google.com\/forms\/d\/e\/1FAIpQLSd8awaKC52hIe2goLq0GpowwmU5IN1GsJ3yhTkkcCFZMFg1Yg\/viewform?embedded=true\" width=\"640\" height=\"6673\" frameborder=\"0\" marginheight=\"0\" marginwidth=\"0\">A carregar\u2026<\/iframe>\t\t\t\t<\/div>\n\t\t\t\t<\/div>\n\t\t\t\t<\/div>\n\t\t\t\t\t<\/div>\n\t\t\t\t<\/div>\n\t\t<div class=\"elementor-element elementor-element-ad1a830 e-flex e-con-boxed e-con e-parent\" data-id=\"ad1a830\" data-element_type=\"container\" data-e-type=\"container\">\n\t\t\t\t\t<div class=\"e-con-inner\">\n\t\t\t\t\t<\/div>\n\t\t\t\t<\/div>\n\t\t\t\t<\/div>\n\t\t","protected":false},"excerpt":{"rendered":"<p>Bem-vindo ao Museu de Hist\u00f3ria Natural de Maputo CLIQUE AQUI E ENCONTRE TABELA DE PRE\u00c7OS Visitar o Museu De Ter\u00e7a [&hellip;]<\/p>\n","protected":false},"author":1,"featured_media":0,"parent":0,"menu_order":0,"comment_status":"closed","ping_status":"closed","template":"","meta":{"site-sidebar-layout":"no-sidebar","site-content-layout":"","ast-site-content-layout":"full-width-container","site-content-style":"default","site-sidebar-style":"default","ast-global-header-display":"","ast-banner-title-visibility":"","ast-main-header-display":"","ast-hfb-above-header-display":"","ast-hfb-below-header-display":"","ast-hfb-mobile-header-display":"","site-post-title":"disabled","ast-breadcrumbs-content":"","ast-featured-img":"disabled","footer-sml-layout":"","ast-disable-related-posts":"","theme-transparent-header-meta":"default","adv-header-id-meta":"","stick-header-meta":"","header-above-stick-meta":"","header-main-stick-meta":"","header-below-stick-meta":"","astra-migrate-meta-layouts":"set","ast-page-background-enabled":"default","ast-page-background-meta":{"desktop":{"background-color":"var(--ast-global-color-5)","background-image":"","background-repeat":"repeat","background-position":"center center","background-size":"auto","background-attachment":"scroll","background-type":"","background-media":"","overlay-type":"","overlay-color":"","overlay-opacity":"","overlay-gradient":""},"tablet":{"background-color":"","background-image":"","background-repeat":"repeat","background-position":"center center","background-size":"auto","background-attachment":"scroll","background-type":"","background-media":"","overlay-type":"","overlay-color":"","overlay-opacity":"","overlay-gradient":""},"mobile":{"background-color":"","background-image":"","background-repeat":"repeat","background-position":"center center","background-size":"auto","background-attachment":"scroll","background-type":"","background-media":"","overlay-type":"","overlay-color":"","overlay-opacity":"","overlay-gradient":""}},"ast-content-background-meta":{"desktop":{"background-color":"var(--ast-global-color-4)","background-image":"","background-repeat":"repeat","background-position":"center center","background-size":"auto","background-attachment":"scroll","background-type":"","background-media":"","overlay-type":"","overlay-color":"","overlay-opacity":"","overlay-gradient":""},"tablet":{"background-color":"var(--ast-global-color-4)","background-image":"","background-repeat":"repeat","background-position":"center center","background-size":"auto","background-attachment":"scroll","background-type":"","background-media":"","overlay-type":"","overlay-color":"","overlay-opacity":"","overlay-gradient":""},"mobile":{"background-color":"var(--ast-global-color-4)","background-image":"","background-repeat":"repeat","background-position":"center center","background-size":"auto","background-attachment":"scroll","background-type":"","background-media":"","overlay-type":"","overlay-color":"","overlay-opacity":"","overlay-gradient":""}},"footnotes":""},"class_list":["post-390","page","type-page","status-publish","hentry"],"_links":{"self":[{"href":"https:\/\/mhnm.uem.mz\/index.php\/wp-json\/wp\/v2\/pages\/390","targetHints":{"allow":["GET"]}}],"collection":[{"href":"https:\/\/mhnm.uem.mz\/index.php\/wp-json\/wp\/v2\/pages"}],"about":[{"href":"https:\/\/mhnm.uem.mz\/index.php\/wp-json\/wp\/v2\/types\/page"}],"author":[{"embeddable":true,"href":"https:\/\/mhnm.uem.mz\/index.php\/wp-json\/wp\/v2\/users\/1"}],"replies":[{"embeddable":true,"href":"https:\/\/mhnm.uem.mz\/index.php\/wp-json\/wp\/v2\/comments?post=390"}],"version-history":[{"count":142,"href":"https:\/\/mhnm.uem.mz\/index.php\/wp-json\/wp\/v2\/pages\/390\/revisions"}],"predecessor-version":[{"id":1775,"href":"https:\/\/mhnm.uem.mz\/index.php\/wp-json\/wp\/v2\/pages\/390\/revisions\/1775"}],"wp:attachment":[{"href":"https:\/\/mhnm.uem.mz\/index.php\/wp-json\/wp\/v2\/media?parent=390"}],"curies":[{"name":"wp","href":"https:\/\/api.w.org\/{rel}","templated":true}]}}