{"id":392,"date":"2025-09-09T11:21:08","date_gmt":"2025-09-09T11:21:08","guid":{"rendered":"https:\/\/mhnm.ghost.uem.mz\/?page_id=392"},"modified":"2025-09-09T11:21:08","modified_gmt":"2025-09-09T11:21:08","slug":"visao-e-missao","status":"publish","type":"page","link":"https:\/\/mhnm.uem.mz\/index.php\/visao-e-missao\/","title":{"rendered":"Vis\u00e3o e Miss\u00e3o"},"content":{"rendered":"\t\t<div data-elementor-type=\"wp-page\" data-elementor-id=\"392\" class=\"elementor elementor-392\">\n\t\t\t\t<div class=\"elementor-element elementor-element-23e23a5 e-flex e-con-boxed e-con e-parent\" data-id=\"23e23a5\" data-element_type=\"container\" data-e-type=\"container\">\n\t\t\t\t\t<div class=\"e-con-inner\">\n\t\t\t\t<div class=\"elementor-element elementor-element-cc02cde elementor-widget elementor-widget-heading\" data-id=\"cc02cde\" data-element_type=\"widget\" data-e-type=\"widget\" data-widget_type=\"heading.default\">\n\t\t\t\t\t<h2 class=\"elementor-heading-title elementor-size-default\">Vis\u00e3o e Miss\u00e3o<\/h2>\t\t\t\t<\/div>\n\t\t\t\t<div class=\"elementor-element elementor-element-8dff527 elementor-widget elementor-widget-text-editor\" data-id=\"8dff527\" data-element_type=\"widget\" data-e-type=\"widget\" data-widget_type=\"text-editor.default\">\n\t\t\t\t\t\t\t\t\t<ul><li>O Museu de Hist\u00f3ria Natural \u00e9 a \u00fanica institui\u00e7\u00e3o nacional exclusivamente vocacionada ao estudo da taxonomia e sistem\u00e1tica da fauna de Mo\u00e7ambique. O Museu preserva exemplares de fauna em colec\u00e7\u00f5es cient\u00edficas de refer\u00eancia.<\/li><li>Nas suas actividades de extens\u00e3o presta servi\u00e7os p\u00fablicos de apoio ao ensino, educa\u00e7\u00e3o informal do cidad\u00e3o, divulga\u00e7\u00e3o do patrim\u00f3nio faun\u00edstico e cultural (etnogr\u00e1fico) e servi\u00e7os de assessoria \u00e0s institui\u00e7\u00f5es p\u00fablicas e privadas nas \u00e1reas de fauna e biodiversidade.<\/li><li>O Museu \u00e9 tamb\u00e9m uma institui\u00e7\u00e3o de refer\u00eancia tur\u00edstica de Mo\u00e7ambique e da Cidade de Maputo, servindo como local de divulga\u00e7\u00e3o do patrim\u00f3nio faun\u00edstico e cultural e de divulga\u00e7\u00e3o da biodiversidade aos cidad\u00e3os nacionais e estrangeiros.<\/li><\/ul>\t\t\t\t\t\t\t\t<\/div>\n\t\t\t\t<div class=\"elementor-element elementor-element-6d50172 elementor-widget elementor-widget-heading\" data-id=\"6d50172\" data-element_type=\"widget\" data-e-type=\"widget\" data-widget_type=\"heading.default\">\n\t\t\t\t\t<h2 class=\"elementor-heading-title elementor-size-default\">Vis\u00e3o<\/h2>\t\t\t\t<\/div>\n\t\t\t\t<div class=\"elementor-element elementor-element-be70f62 elementor-widget elementor-widget-text-editor\" data-id=\"be70f62\" data-element_type=\"widget\" data-e-type=\"widget\" data-widget_type=\"text-editor.default\">\n\t\t\t\t\t\t\t\t\t<ul><li>O Museu de Hist\u00f3ria Natural pretende ser uma institui\u00e7\u00e3o regional de excel\u00eancia na investiga\u00e7\u00e3o faun\u00edstica, assim como na qualidade de deposit\u00e1rio do patrim\u00f3nio faun\u00edstico de Mo\u00e7ambique.\u00a0<\/li><li>O Museu tem interesse de compilar a informa\u00e7\u00e3o sobre o uso dos recursos faun\u00edsticos a n\u00edvel das comunidades rurais. Outro papel importante do Museu de Hist\u00f3ria Natural \u00e9 a educa\u00e7\u00e3o ambiental e a divulga\u00e7\u00e3o da fauna.<\/li><li>O Museu pretende alargar a sua presen\u00e7a e ac\u00e7\u00f5es educativas a todo territ\u00f3rio nacional atrav\u00e9s do uso das tecnologias de informa\u00e7\u00e3o e de outros meios audiovisuais.<\/li><\/ul>\t\t\t\t\t\t\t\t<\/div>\n\t\t\t\t\t<\/div>\n\t\t\t\t<\/div>\n\t\t\t\t<\/div>\n\t\t","protected":false},"excerpt":{"rendered":"<p>Vis\u00e3o e Miss\u00e3o O Museu de Hist\u00f3ria Natural \u00e9 a \u00fanica institui\u00e7\u00e3o nacional exclusivamente vocacionada ao estudo da taxonomia e [&hellip;]<\/p>\n","protected":false},"author":1,"featured_media":0,"parent":0,"menu_order":0,"comment_status":"closed","ping_status":"closed","template":"elementor_header_footer","meta":{"site-sidebar-layout":"no-sidebar","site-content-layout":"","ast-site-content-layout":"full-width-container","site-content-style":"default","site-sidebar-style":"default","ast-global-header-display":"","ast-banner-title-visibility":"","ast-main-header-display":"","ast-hfb-above-header-display":"","ast-hfb-below-header-display":"","ast-hfb-mobile-header-display":"","site-post-title":"","ast-breadcrumbs-content":"","ast-featured-img":"disabled","footer-sml-layout":"","ast-disable-related-posts":"","theme-transparent-header-meta":"default","adv-header-id-meta":"","stick-header-meta":"","header-above-stick-meta":"","header-main-stick-meta":"","header-below-stick-meta":"","astra-migrate-meta-layouts":"set","ast-page-background-enabled":"default","ast-page-background-meta":{"desktop":{"background-color":"var(--ast-global-color-5)","background-image":"","background-repeat":"repeat","background-position":"center center","background-size":"auto","background-attachment":"scroll","background-type":"","background-media":"","overlay-type":"","overlay-color":"","overlay-opacity":"","overlay-gradient":""},"tablet":{"background-color":"","background-image":"","background-repeat":"repeat","background-position":"center center","background-size":"auto","background-attachment":"scroll","background-type":"","background-media":"","overlay-type":"","overlay-color":"","overlay-opacity":"","overlay-gradient":""},"mobile":{"background-color":"","background-image":"","background-repeat":"repeat","background-position":"center center","background-size":"auto","background-attachment":"scroll","background-type":"","background-media":"","overlay-type":"","overlay-color":"","overlay-opacity":"","overlay-gradient":""}},"ast-content-background-meta":{"desktop":{"background-color":"var(--ast-global-color-4)","background-image":"","background-repeat":"repeat","background-position":"center center","background-size":"auto","background-attachment":"scroll","background-type":"","background-media":"","overlay-type":"","overlay-color":"","overlay-opacity":"","overlay-gradient":""},"tablet":{"background-color":"var(--ast-global-color-4)","background-image":"","background-repeat":"repeat","background-position":"center center","background-size":"auto","background-attachment":"scroll","background-type":"","background-media":"","overlay-type":"","overlay-color":"","overlay-opacity":"","overlay-gradient":""},"mobile":{"background-color":"var(--ast-global-color-4)","background-image":"","background-repeat":"repeat","background-position":"center center","background-size":"auto","background-attachment":"scroll","background-type":"","background-media":"","overlay-type":"","overlay-color":"","overlay-opacity":"","overlay-gradient":""}},"footnotes":""},"class_list":["post-392","page","type-page","status-publish","hentry"],"_links":{"self":[{"href":"https:\/\/mhnm.uem.mz\/index.php\/wp-json\/wp\/v2\/pages\/392","targetHints":{"allow":["GET"]}}],"collection":[{"href":"https:\/\/mhnm.uem.mz\/index.php\/wp-json\/wp\/v2\/pages"}],"about":[{"href":"https:\/\/mhnm.uem.mz\/index.php\/wp-json\/wp\/v2\/types\/page"}],"author":[{"embeddable":true,"href":"https:\/\/mhnm.uem.mz\/index.php\/wp-json\/wp\/v2\/users\/1"}],"replies":[{"embeddable":true,"href":"https:\/\/mhnm.uem.mz\/index.php\/wp-json\/wp\/v2\/comments?post=392"}],"version-history":[{"count":0,"href":"https:\/\/mhnm.uem.mz\/index.php\/wp-json\/wp\/v2\/pages\/392\/revisions"}],"wp:attachment":[{"href":"https:\/\/mhnm.uem.mz\/index.php\/wp-json\/wp\/v2\/media?parent=392"}],"curies":[{"name":"wp","href":"https:\/\/api.w.org\/{rel}","templated":true}]}}