{"id":418,"date":"2025-09-09T12:46:16","date_gmt":"2025-09-09T12:46:16","guid":{"rendered":"https:\/\/mhnm.ghost.uem.mz\/?page_id=418"},"modified":"2025-09-18T14:34:06","modified_gmt":"2025-09-18T14:34:06","slug":"historial","status":"publish","type":"page","link":"https:\/\/mhnm.uem.mz\/index.php\/historial\/","title":{"rendered":"Historial"},"content":{"rendered":"\t\t<div data-elementor-type=\"wp-page\" data-elementor-id=\"418\" class=\"elementor elementor-418\">\n\t\t\t\t<div class=\"elementor-element elementor-element-663dead e-flex e-con-boxed e-con e-parent\" data-id=\"663dead\" data-element_type=\"container\" data-e-type=\"container\" data-settings=\"{&quot;background_background&quot;:&quot;slideshow&quot;,&quot;background_slideshow_gallery&quot;:[{&quot;id&quot;:&quot;1185&quot;,&quot;url&quot;:&quot;http:\\\/\\\/mhnm.ghost.uem.mz\\\/wp-content\\\/uploads\\\/sites\\\/39\\\/2025\\\/09\\\/Screenshot-2025-09-17-134211.png&quot;}],&quot;background_slideshow_loop&quot;:&quot;yes&quot;,&quot;background_slideshow_slide_duration&quot;:5000,&quot;background_slideshow_slide_transition&quot;:&quot;fade&quot;,&quot;background_slideshow_transition_duration&quot;:500}\">\n\t\t\t\t\t<div class=\"e-con-inner\">\n\t\t\t\t\t<\/div>\n\t\t\t\t<\/div>\n\t\t<div class=\"elementor-element elementor-element-1092ba4 e-flex e-con-boxed e-con e-parent\" data-id=\"1092ba4\" data-element_type=\"container\" data-e-type=\"container\">\n\t\t\t\t\t<div class=\"e-con-inner\">\n\t\t\t\t<div class=\"elementor-element elementor-element-ee83391 elementor-widget elementor-widget-text-editor\" data-id=\"ee83391\" data-element_type=\"widget\" data-e-type=\"widget\" data-widget_type=\"text-editor.default\">\n\t\t\t\t\t\t\t\t\t<div class=\"elementor-element elementor-element-f05caf6 e-flex e-con-boxed e-con e-parent e-lazyloaded\" data-id=\"f05caf6\" data-element_type=\"container\"><div class=\"e-con-inner\"><div class=\"elementor-element elementor-element-3799720 elementor-widget elementor-widget-heading\" data-id=\"3799720\" data-element_type=\"widget\" data-widget_type=\"heading.default\"><div class=\"elementor-widget-container\"><h2 class=\"elementor-heading-title elementor-size-default\" style=\"color: #22702d;\">Historial<\/h2><\/div><\/div><div class=\"elementor-element elementor-element-5872395 elementor-widget elementor-widget-text-editor\" data-id=\"5872395\" data-element_type=\"widget\" data-widget_type=\"text-editor.default\"><div class=\"elementor-widget-container\" style=\"text-align: justify; color: black;\">O Museu de Hist\u00f3ria Natural (MHN), foi fundado a 05 de Julho de 1913 com designa\u00e7\u00e3o de Museu Provincial pela Portaria N\u00b0 1095-A de 09 de Julho de 1913. Na altura da sua funda\u00e7\u00e3o, o Museu esteve agregado a extinta Escola 5 de Outubro at\u00e9 15 de Julho de 1915, data a que passou para a tutela da Secretaria Geral da Prov\u00edncia de Mo\u00e7ambique. Em Dezembro de 1916 o Museu foi instalado na ent\u00e3o Vila Joia, hoje Tribunal Supremo. Em 1928 o Museu Provincial foi anexado ao Liceu 5 de Outubro, hoje Escola Secund\u00e1ria Josina Machel. Em 1932 devido ao interesse do ent\u00e3o Governo Colonial em desenvolver o Museu, este tomou a designa\u00e7\u00e3o de Museu \u201cDr. \u00c1lvaro de Castro\u201d pela Portaria n\u00b0. 1841 de 17 de Dezembro de 1932 e foi desanexado do \u201cLiceu 5 de Outubro\u201d em 23 de Dezembro de 1957 pelo decreto N\u00b0. 41 472, tendo ficando dependente dos Servi\u00e7os de Instru\u00e7\u00e3o P\u00fablica.<br \/>Em 13 de Agosto de 1958 por despacho do Subsecret\u00e1rio do Estado do Ultramar, o Museu passou a subordina\u00e7\u00e3o do Instituto de Investiga\u00e7\u00e3o Cient\u00edfica de Mo\u00e7ambique.<br \/>Em 1975 com a extin\u00e7\u00e3o do Instituto de Investiga\u00e7\u00e3o Cient\u00edfica de Mo\u00e7ambique, o Museu de Hist\u00f3ria Natural passou \u00e0 tutela da Universidade Eduardo Mondlane.<\/div><\/div><\/div><\/div><div class=\"elementor-element elementor-element-7bb91d1 e-flex e-con-boxed e-con e-parent e-lazyloaded\" data-id=\"7bb91d1\" data-element_type=\"container\" data-settings=\"{&quot;background_background&quot;:&quot;classic&quot;}\"><div class=\"e-con-inner\"><div class=\"elementor-element elementor-element-6ec018a elementor-position-right elementor-vertical-align-top elementor-widget elementor-widget-image-box\" data-id=\"6ec018a\" data-element_type=\"widget\" data-widget_type=\"image-box.default\"><div class=\"elementor-widget-container\"><div class=\"elementor-image-box-wrapper\"><figure class=\"elementor-image-box-img\"><\/figure><div class=\"elementor-image-box-content\" style=\"text-align: justify;\"><p class=\"elementor-image-box-description\" style=\"text-align: justify; color: black;\">As actividades de investiga\u00e7\u00e3o do Museu foram iniciadas em 1947 com a contrata\u00e7\u00e3o de naturalistas. No entanto, ap\u00f3s a independ\u00eancia, os naturalistas do Museu abandonaram o pa\u00eds, tendo o Museu entre 1975 e 1994 tido apenas o ent\u00e3o Director do Museu, Dr. Augusto Cabral, que exercia as fun\u00e7\u00f5es de gest\u00e3o e de investiga\u00e7\u00e3o. Em 1995 foram contratados os primeiros dois investigadores do Museu e um docente do Departamento de Ci\u00eancias Biol\u00f3gicas foi formalmente indicado colaborador na \u00e1rea de Entomologia. Em 1998 o Museu foi refor\u00e7ado com mais uma Investigadora na \u00e1rea de Museologia. Desde 1998 at\u00e9 2013 o Museu trabalhou com apenas tr\u00eas investigadores (um docente e dois investigadores). Em 2013 o Museu recebeu uma investigadora transferida da Escola Superior de Ci\u00eancias Marinhas de Quelimane.<\/p><\/div><\/div><\/div><\/div><\/div><\/div>\t\t\t\t\t\t\t\t<\/div>\n\t\t\t\t\t<\/div>\n\t\t\t\t<\/div>\n\t\t<div class=\"elementor-element elementor-element-3475854 e-flex e-con-boxed e-con e-parent\" data-id=\"3475854\" data-element_type=\"container\" data-e-type=\"container\">\n\t\t\t\t\t<div class=\"e-con-inner\">\n\t\t\t\t<div class=\"elementor-element elementor-element-c6bb0a1 elementor-widget elementor-widget-image\" data-id=\"c6bb0a1\" data-element_type=\"widget\" data-e-type=\"widget\" data-widget_type=\"image.default\">\n\t\t\t\t\t\t\t\t\t\t\t\t\t\t\t<img fetchpriority=\"high\" decoding=\"async\" width=\"1000\" height=\"668\" src=\"https:\/\/mhnm.uem.mz\/wp-content\/uploads\/2025\/09\/Historial-03.jpg\" class=\"attachment-large size-large wp-image-1205\" alt=\"\" srcset=\"https:\/\/mhnm.uem.mz\/wp-content\/uploads\/2025\/09\/Historial-03.jpg 1000w, https:\/\/mhnm.uem.mz\/wp-content\/uploads\/2025\/09\/Historial-03-300x200.jpg 300w, https:\/\/mhnm.uem.mz\/wp-content\/uploads\/2025\/09\/Historial-03-768x513.jpg 768w\" sizes=\"(max-width: 1000px) 100vw, 1000px\" \/>\t\t\t\t\t\t\t\t\t\t\t\t\t\t\t<\/div>\n\t\t\t\t\t<\/div>\n\t\t\t\t<\/div>\n\t\t<div class=\"elementor-element elementor-element-263e32b e-flex e-con-boxed e-con e-parent\" data-id=\"263e32b\" data-element_type=\"container\" data-e-type=\"container\">\n\t\t\t\t\t<div class=\"e-con-inner\">\n\t\t\t\t<div class=\"elementor-element elementor-element-6442ed5 elementor-widget elementor-widget-text-editor\" data-id=\"6442ed5\" data-element_type=\"widget\" data-e-type=\"widget\" data-widget_type=\"text-editor.default\">\n\t\t\t\t\t\t\t\t\t<div class=\"elementor-element elementor-element-7bb91d1 e-flex e-con-boxed e-con e-parent e-lazyloaded\" data-id=\"7bb91d1\" data-element_type=\"container\" data-settings=\"{&quot;background_background&quot;:&quot;classic&quot;}\"><div class=\"e-con-inner\"><div class=\"elementor-element elementor-element-6ec018a elementor-position-right elementor-vertical-align-top elementor-widget elementor-widget-image-box\" data-id=\"6ec018a\" data-element_type=\"widget\" data-widget_type=\"image-box.default\"><div class=\"elementor-widget-container\"><div class=\"elementor-image-box-wrapper\"><div class=\"elementor-image-box-content\" style=\"text-align: justify;\"><p><span style=\"color: black; font-size: 16px;\">Em 2015 o Museu contou com mais quatro investigadores estagi\u00e1rios contratados, sendo que destes at\u00e9 Novembro de 2017 apenas 2 investigadores estagi\u00e1rios contratados se mantiveram em fun\u00e7\u00f5es, tendo dois sido dispensados por incumprimento dos seus contratos ao fim de 2 anos. Actualmente o Museu conta com quatro investigadores dos quais um \u00e9 investigador contratado e uma Directora Adjunta para a \u00e1rea de Investiga\u00e7\u00e3o, que refor\u00e7a o papel do Museu na Investiga\u00e7\u00e3o e bem como refor\u00e7a a miss\u00e3o do Museu de contribuir para uma Universidade de Investiga\u00e7\u00e3o.<\/span><\/p><\/div><\/div><\/div><\/div><\/div><\/div><div class=\"elementor-element elementor-element-d81f203 e-flex e-con-boxed e-con e-parent e-lazyloaded\" data-id=\"d81f203\" data-element_type=\"container\"><div class=\"e-con-inner\"><div class=\"elementor-element elementor-element-16e5884 elementor-widget elementor-widget-text-editor\" data-id=\"16e5884\" data-element_type=\"widget\" data-widget_type=\"text-editor.default\"><div class=\"elementor-widget-container\" style=\"text-align: justify; color: black;\">O Museu de Hist\u00f3ria Natural \u00e9 a \u00fanica institui\u00e7\u00e3o nacional exclusivamente vocacionada ao estudo da taxonomia e sistem\u00e1tica da fauna de Mo\u00e7ambique. O Museu preserva exemplares de fauna em cole\u00e7\u00f5es cient\u00edficas de refer\u00eancia. O Museu faz a compila\u00e7\u00e3o da informa\u00e7\u00e3o sobre distribui\u00e7\u00e3o e uso dos recursos faun\u00edsticos de Mo\u00e7ambique, realiza estudos de determina\u00e7\u00e3o do estado de conserva\u00e7\u00e3o das esp\u00e9cies faun\u00edsticas, e investiga aspectos da hist\u00f3ria natural das esp\u00e9cies de fauna. Nas suas actividades de extens\u00e3o presta servi\u00e7os p\u00fablicos de apoio ao ensino, educa\u00e7\u00e3o informal do cidad\u00e3o, divulga\u00e7\u00e3o do patrim\u00f3nio faun\u00edstico e cultural (etnogr\u00e1fico) e servi\u00e7os de assessoria \u00e0s institui\u00e7\u00f5es p\u00fablicas e privadas nas \u00e1reas de fauna e biodiversidade. O Museu \u00e9 tamb\u00e9m uma institui\u00e7\u00e3o de refer\u00eancia tur\u00edstica de Mo\u00e7ambique e da Cidade de Maputo, servindo como local de divulga\u00e7\u00e3o do patrim\u00f3nio faun\u00edstico e cultural e de divulga\u00e7\u00e3o da biodiversidade aos cidad\u00e3os nacionais e estrangeiros.<\/div><\/div><\/div><\/div>\t\t\t\t\t\t\t\t<\/div>\n\t\t\t\t\t<\/div>\n\t\t\t\t<\/div>\n\t\t\t\t<\/div>\n\t\t","protected":false},"excerpt":{"rendered":"<p>Historial O Museu de Hist\u00f3ria Natural (MHN), foi fundado a 05 de Julho de 1913 com designa\u00e7\u00e3o de Museu Provincial [&hellip;]<\/p>\n","protected":false},"author":1,"featured_media":0,"parent":0,"menu_order":0,"comment_status":"closed","ping_status":"closed","template":"","meta":{"site-sidebar-layout":"no-sidebar","site-content-layout":"","ast-site-content-layout":"full-width-container","site-content-style":"default","site-sidebar-style":"default","ast-global-header-display":"","ast-banner-title-visibility":"","ast-main-header-display":"","ast-hfb-above-header-display":"","ast-hfb-below-header-display":"","ast-hfb-mobile-header-display":"","site-post-title":"disabled","ast-breadcrumbs-content":"","ast-featured-img":"disabled","footer-sml-layout":"","ast-disable-related-posts":"","theme-transparent-header-meta":"default","adv-header-id-meta":"","stick-header-meta":"","header-above-stick-meta":"","header-main-stick-meta":"","header-below-stick-meta":"","astra-migrate-meta-layouts":"set","ast-page-background-enabled":"default","ast-page-background-meta":{"desktop":{"background-color":"var(--ast-global-color-5)","background-image":"","background-repeat":"repeat","background-position":"center center","background-size":"auto","background-attachment":"scroll","background-type":"","background-media":"","overlay-type":"","overlay-color":"","overlay-opacity":"","overlay-gradient":""},"tablet":{"background-color":"","background-image":"","background-repeat":"repeat","background-position":"center center","background-size":"auto","background-attachment":"scroll","background-type":"","background-media":"","overlay-type":"","overlay-color":"","overlay-opacity":"","overlay-gradient":""},"mobile":{"background-color":"","background-image":"","background-repeat":"repeat","background-position":"center center","background-size":"auto","background-attachment":"scroll","background-type":"","background-media":"","overlay-type":"","overlay-color":"","overlay-opacity":"","overlay-gradient":""}},"ast-content-background-meta":{"desktop":{"background-color":"var(--ast-global-color-4)","background-image":"","background-repeat":"repeat","background-position":"center center","background-size":"auto","background-attachment":"scroll","background-type":"","background-media":"","overlay-type":"","overlay-color":"","overlay-opacity":"","overlay-gradient":""},"tablet":{"background-color":"var(--ast-global-color-4)","background-image":"","background-repeat":"repeat","background-position":"center center","background-size":"auto","background-attachment":"scroll","background-type":"","background-media":"","overlay-type":"","overlay-color":"","overlay-opacity":"","overlay-gradient":""},"mobile":{"background-color":"var(--ast-global-color-4)","background-image":"","background-repeat":"repeat","background-position":"center center","background-size":"auto","background-attachment":"scroll","background-type":"","background-media":"","overlay-type":"","overlay-color":"","overlay-opacity":"","overlay-gradient":""}},"footnotes":""},"class_list":["post-418","page","type-page","status-publish","hentry"],"_links":{"self":[{"href":"https:\/\/mhnm.uem.mz\/index.php\/wp-json\/wp\/v2\/pages\/418","targetHints":{"allow":["GET"]}}],"collection":[{"href":"https:\/\/mhnm.uem.mz\/index.php\/wp-json\/wp\/v2\/pages"}],"about":[{"href":"https:\/\/mhnm.uem.mz\/index.php\/wp-json\/wp\/v2\/types\/page"}],"author":[{"embeddable":true,"href":"https:\/\/mhnm.uem.mz\/index.php\/wp-json\/wp\/v2\/users\/1"}],"replies":[{"embeddable":true,"href":"https:\/\/mhnm.uem.mz\/index.php\/wp-json\/wp\/v2\/comments?post=418"}],"version-history":[{"count":3,"href":"https:\/\/mhnm.uem.mz\/index.php\/wp-json\/wp\/v2\/pages\/418\/revisions"}],"predecessor-version":[{"id":1327,"href":"https:\/\/mhnm.uem.mz\/index.php\/wp-json\/wp\/v2\/pages\/418\/revisions\/1327"}],"wp:attachment":[{"href":"https:\/\/mhnm.uem.mz\/index.php\/wp-json\/wp\/v2\/media?parent=418"}],"curies":[{"name":"wp","href":"https:\/\/api.w.org\/{rel}","templated":true}]}}