{"id":427,"date":"2025-09-09T12:59:26","date_gmt":"2025-09-09T12:59:26","guid":{"rendered":"https:\/\/mhnm.ghost.uem.mz\/?page_id=427"},"modified":"2025-09-09T12:59:26","modified_gmt":"2025-09-09T12:59:26","slug":"conselho-do-museu","status":"publish","type":"page","link":"https:\/\/mhnm.uem.mz\/index.php\/conselho-do-museu\/","title":{"rendered":"Conselho do Museu"},"content":{"rendered":"\t\t<div data-elementor-type=\"wp-page\" data-elementor-id=\"427\" class=\"elementor elementor-427\">\n\t\t\t\t<div class=\"elementor-element elementor-element-9e65241 e-flex e-con-boxed e-con e-parent\" data-id=\"9e65241\" data-element_type=\"container\" data-e-type=\"container\">\n\t\t\t\t\t<div class=\"e-con-inner\">\n\t\t\t\t<div class=\"elementor-element elementor-element-d5d9dd5 elementor-widget elementor-widget-heading\" data-id=\"d5d9dd5\" data-element_type=\"widget\" data-e-type=\"widget\" data-widget_type=\"heading.default\">\n\t\t\t\t\t<h2 class=\"elementor-heading-title elementor-size-default\">Conselho do Museu<\/h2>\t\t\t\t<\/div>\n\t\t\t\t\t<\/div>\n\t\t\t\t<\/div>\n\t\t<div class=\"elementor-element elementor-element-44275b0 e-flex e-con-boxed e-con e-parent\" data-id=\"44275b0\" data-element_type=\"container\" data-e-type=\"container\">\n\t\t\t\t\t<div class=\"e-con-inner\">\n\t\t<div class=\"elementor-element elementor-element-45a89c3 e-con-full e-flex e-con e-child\" data-id=\"45a89c3\" data-element_type=\"container\" data-e-type=\"container\">\n\t\t\t\t<div class=\"elementor-element elementor-element-90c4695 elementor-widget elementor-widget-image\" data-id=\"90c4695\" data-element_type=\"widget\" data-e-type=\"widget\" data-widget_type=\"image.default\">\n\t\t\t\t\t\t\t\t\t\t\t\t\t\t\t<img decoding=\"async\" width=\"192\" height=\"192\" src=\"https:\/\/mhnm.uem.mz\/wp-content\/uploads\/2025\/09\/Lucilia-Chuquela.png\" class=\"attachment-large size-large wp-image-877\" alt=\"\" srcset=\"https:\/\/mhnm.uem.mz\/wp-content\/uploads\/2025\/09\/Lucilia-Chuquela.png 192w, https:\/\/mhnm.uem.mz\/wp-content\/uploads\/2025\/09\/Lucilia-Chuquela-150x150.png 150w\" sizes=\"(max-width: 192px) 100vw, 192px\" \/>\t\t\t\t\t\t\t\t\t\t\t\t\t\t\t<\/div>\n\t\t\t\t<div class=\"elementor-element elementor-element-22c9d90 elementor-widget elementor-widget-text-editor\" data-id=\"22c9d90\" data-element_type=\"widget\" data-e-type=\"widget\" data-widget_type=\"text-editor.default\">\n\t\t\t\t\t\t\t\t\t<h4><span dir=\"auto\" style=\"vertical-align: inherit\"><span dir=\"auto\" style=\"vertical-align: inherit\">Luc\u00edlia Chuquela<\/span><\/span><\/h4><h5><span dir=\"auto\" style=\"vertical-align: inherit\"><span dir=\"auto\" style=\"vertical-align: inherit\">Diretora<\/span><\/span><\/h5>\t\t\t\t\t\t\t\t<\/div>\n\t\t\t\t<\/div>\n\t\t<div class=\"elementor-element elementor-element-994ced5 e-con-full e-flex e-con e-child\" data-id=\"994ced5\" data-element_type=\"container\" data-e-type=\"container\">\n\t\t\t\t<div class=\"elementor-element elementor-element-6354c52 elementor-widget elementor-widget-image\" data-id=\"6354c52\" data-element_type=\"widget\" data-e-type=\"widget\" data-widget_type=\"image.default\">\n\t\t\t\t\t\t\t\t\t\t\t\t\t\t\t<img decoding=\"async\" width=\"192\" height=\"192\" src=\"https:\/\/mhnm.uem.mz\/wp-content\/uploads\/2025\/09\/Daniel-Abreu.png\" class=\"attachment-large size-large wp-image-881\" alt=\"\" srcset=\"https:\/\/mhnm.uem.mz\/wp-content\/uploads\/2025\/09\/Daniel-Abreu.png 192w, https:\/\/mhnm.uem.mz\/wp-content\/uploads\/2025\/09\/Daniel-Abreu-150x150.png 150w\" sizes=\"(max-width: 192px) 100vw, 192px\" \/>\t\t\t\t\t\t\t\t\t\t\t\t\t\t\t<\/div>\n\t\t\t\t<div class=\"elementor-element elementor-element-42ff0f8 elementor-widget elementor-widget-text-editor\" data-id=\"42ff0f8\" data-element_type=\"widget\" data-e-type=\"widget\" data-widget_type=\"text-editor.default\">\n\t\t\t\t\t\t\t\t\t<h4><span dir=\"auto\" style=\"vertical-align: inherit\"><span dir=\"auto\" style=\"vertical-align: inherit\">Daniela De Abreu<\/span><\/span><\/h4><h5><span dir=\"auto\" style=\"vertical-align: inherit\"><span dir=\"auto\" style=\"vertical-align: inherit\">Diretora Adjunta<\/span><\/span><\/h5>\t\t\t\t\t\t\t\t<\/div>\n\t\t\t\t<\/div>\n\t\t<div class=\"elementor-element elementor-element-3f0e0de e-con-full e-flex e-con e-child\" data-id=\"3f0e0de\" data-element_type=\"container\" data-e-type=\"container\">\n\t\t\t\t<div class=\"elementor-element elementor-element-ee34fb9 elementor-widget elementor-widget-image\" data-id=\"ee34fb9\" data-element_type=\"widget\" data-e-type=\"widget\" data-widget_type=\"image.default\">\n\t\t\t\t\t\t\t\t\t\t\t\t\t\t\t<img decoding=\"async\" width=\"192\" height=\"192\" src=\"https:\/\/mhnm.uem.mz\/wp-content\/uploads\/2025\/09\/Carlos-Gove.png\" class=\"attachment-large size-large wp-image-876\" alt=\"\" srcset=\"https:\/\/mhnm.uem.mz\/wp-content\/uploads\/2025\/09\/Carlos-Gove.png 192w, https:\/\/mhnm.uem.mz\/wp-content\/uploads\/2025\/09\/Carlos-Gove-150x150.png 150w\" sizes=\"(max-width: 192px) 100vw, 192px\" \/>\t\t\t\t\t\t\t\t\t\t\t\t\t\t\t<\/div>\n\t\t\t\t<div class=\"elementor-element elementor-element-1f08f3e elementor-widget elementor-widget-text-editor\" data-id=\"1f08f3e\" data-element_type=\"widget\" data-e-type=\"widget\" data-widget_type=\"text-editor.default\">\n\t\t\t\t\t\t\t\t\t<h4><span dir=\"auto\" style=\"vertical-align: inherit\"><span dir=\"auto\" style=\"vertical-align: inherit\">Carlos Jo\u00e3o Gove<\/span><\/span><\/h4>\t\t\t\t\t\t\t\t<\/div>\n\t\t\t\t<\/div>\n\t\t<div class=\"elementor-element elementor-element-e4603fc e-con-full e-flex e-con e-child\" data-id=\"e4603fc\" data-element_type=\"container\" data-e-type=\"container\">\n\t\t\t\t<div class=\"elementor-element elementor-element-dbb817b elementor-widget elementor-widget-image\" data-id=\"dbb817b\" data-element_type=\"widget\" data-e-type=\"widget\" data-widget_type=\"image.default\">\n\t\t\t\t\t\t\t\t\t\t\t\t\t\t\t<img loading=\"lazy\" decoding=\"async\" width=\"192\" height=\"192\" src=\"https:\/\/mhnm.uem.mz\/wp-content\/uploads\/2025\/09\/Fernando-Guivala.png\" class=\"attachment-large size-large wp-image-882\" alt=\"\" srcset=\"https:\/\/mhnm.uem.mz\/wp-content\/uploads\/2025\/09\/Fernando-Guivala.png 192w, https:\/\/mhnm.uem.mz\/wp-content\/uploads\/2025\/09\/Fernando-Guivala-150x150.png 150w\" sizes=\"(max-width: 192px) 100vw, 192px\" \/>\t\t\t\t\t\t\t\t\t\t\t\t\t\t\t<\/div>\n\t\t\t\t<div class=\"elementor-element elementor-element-8509ae2 elementor-widget elementor-widget-text-editor\" data-id=\"8509ae2\" data-element_type=\"widget\" data-e-type=\"widget\" data-widget_type=\"text-editor.default\">\n\t\t\t\t\t\t\t\t\t<h4><span dir=\"auto\" style=\"vertical-align: inherit\"><span dir=\"auto\" style=\"vertical-align: inherit\">Fernando Ar\u00e3o Guivala<\/span><\/span><\/h4>\t\t\t\t\t\t\t\t<\/div>\n\t\t\t\t<\/div>\n\t\t<div class=\"elementor-element elementor-element-ec8dfef e-con-full e-flex e-con e-child\" data-id=\"ec8dfef\" data-element_type=\"container\" data-e-type=\"container\">\n\t\t\t\t<div class=\"elementor-element elementor-element-0551a4e elementor-widget elementor-widget-image\" data-id=\"0551a4e\" data-element_type=\"widget\" data-e-type=\"widget\" data-widget_type=\"image.default\">\n\t\t\t\t\t\t\t\t\t\t\t\t\t\t\t<img loading=\"lazy\" decoding=\"async\" width=\"192\" height=\"192\" src=\"https:\/\/mhnm.uem.mz\/wp-content\/uploads\/2025\/09\/Raimundo-Nhabomba.png\" class=\"attachment-large size-large wp-image-885\" alt=\"\" srcset=\"https:\/\/mhnm.uem.mz\/wp-content\/uploads\/2025\/09\/Raimundo-Nhabomba.png 192w, https:\/\/mhnm.uem.mz\/wp-content\/uploads\/2025\/09\/Raimundo-Nhabomba-150x150.png 150w\" sizes=\"(max-width: 192px) 100vw, 192px\" \/>\t\t\t\t\t\t\t\t\t\t\t\t\t\t\t<\/div>\n\t\t\t\t<div class=\"elementor-element elementor-element-197e7f8 elementor-widget elementor-widget-text-editor\" data-id=\"197e7f8\" data-element_type=\"widget\" data-e-type=\"widget\" data-widget_type=\"text-editor.default\">\n\t\t\t\t\t\t\t\t\t<h4><strong><span dir=\"auto\" style=\"vertical-align: inherit\"><span dir=\"auto\" style=\"vertical-align: inherit\">Raimundo Rosinho Nhabomba<\/span><\/span><\/strong><\/h4>\t\t\t\t\t\t\t\t<\/div>\n\t\t\t\t<\/div>\n\t\t\t\t\t<\/div>\n\t\t\t\t<\/div>\n\t\t<div class=\"elementor-element elementor-element-1d9f0b1 e-flex e-con-boxed e-con e-parent\" data-id=\"1d9f0b1\" data-element_type=\"container\" data-e-type=\"container\">\n\t\t\t\t\t<div class=\"e-con-inner\">\n\t\t<div class=\"elementor-element elementor-element-1c3adfc e-con-full e-flex e-con e-child\" data-id=\"1c3adfc\" data-element_type=\"container\" data-e-type=\"container\">\n\t\t\t\t<div class=\"elementor-element elementor-element-dcd8c9b elementor-widget elementor-widget-image\" data-id=\"dcd8c9b\" data-element_type=\"widget\" data-e-type=\"widget\" data-widget_type=\"image.default\">\n\t\t\t\t\t\t\t\t\t\t\t\t\t\t\t<img loading=\"lazy\" decoding=\"async\" width=\"192\" height=\"192\" src=\"https:\/\/mhnm.uem.mz\/wp-content\/uploads\/2025\/09\/Horacio-Sozinho.png\" class=\"attachment-large size-large wp-image-883\" alt=\"\" srcset=\"https:\/\/mhnm.uem.mz\/wp-content\/uploads\/2025\/09\/Horacio-Sozinho.png 192w, https:\/\/mhnm.uem.mz\/wp-content\/uploads\/2025\/09\/Horacio-Sozinho-150x150.png 150w\" sizes=\"(max-width: 192px) 100vw, 192px\" \/>\t\t\t\t\t\t\t\t\t\t\t\t\t\t\t<\/div>\n\t\t\t\t<div class=\"elementor-element elementor-element-5840733 elementor-widget elementor-widget-text-editor\" data-id=\"5840733\" data-element_type=\"widget\" data-e-type=\"widget\" data-widget_type=\"text-editor.default\">\n\t\t\t\t\t\t\t\t\t<h4><strong><span dir=\"auto\" style=\"vertical-align: inherit\"><span dir=\"auto\" style=\"vertical-align: inherit\">Hor\u00e1cio Sozinho<\/span><\/span><\/strong><\/h4>\t\t\t\t\t\t\t\t<\/div>\n\t\t\t\t<\/div>\n\t\t<div class=\"elementor-element elementor-element-bd005a7 e-con-full e-flex e-con e-child\" data-id=\"bd005a7\" data-element_type=\"container\" data-e-type=\"container\">\n\t\t\t\t<div class=\"elementor-element elementor-element-d661846 elementor-widget elementor-widget-image\" data-id=\"d661846\" data-element_type=\"widget\" data-e-type=\"widget\" data-widget_type=\"image.default\">\n\t\t\t\t\t\t\t\t\t\t\t\t\t\t\t<img loading=\"lazy\" decoding=\"async\" width=\"192\" height=\"192\" src=\"https:\/\/mhnm.uem.mz\/wp-content\/uploads\/2025\/09\/Marcela-Chelene.png\" class=\"attachment-large size-large wp-image-884\" alt=\"\" srcset=\"https:\/\/mhnm.uem.mz\/wp-content\/uploads\/2025\/09\/Marcela-Chelene.png 192w, https:\/\/mhnm.uem.mz\/wp-content\/uploads\/2025\/09\/Marcela-Chelene-150x150.png 150w\" sizes=\"(max-width: 192px) 100vw, 192px\" \/>\t\t\t\t\t\t\t\t\t\t\t\t\t\t\t<\/div>\n\t\t\t\t<div class=\"elementor-element elementor-element-623c021 elementor-widget elementor-widget-text-editor\" data-id=\"623c021\" data-element_type=\"widget\" data-e-type=\"widget\" data-widget_type=\"text-editor.default\">\n\t\t\t\t\t\t\t\t\t<h4><strong><span dir=\"auto\" style=\"vertical-align: inherit\"><span dir=\"auto\" style=\"vertical-align: inherit\">Marcela Chelene<\/span><\/span><\/strong><\/h4>\t\t\t\t\t\t\t\t<\/div>\n\t\t\t\t<\/div>\n\t\t<div class=\"elementor-element elementor-element-f3ecba8 e-con-full e-flex e-con e-child\" data-id=\"f3ecba8\" data-element_type=\"container\" data-e-type=\"container\">\n\t\t\t\t<\/div>\n\t\t<div class=\"elementor-element elementor-element-c729ad9 e-con-full e-flex e-con e-child\" data-id=\"c729ad9\" data-element_type=\"container\" data-e-type=\"container\">\n\t\t\t\t<\/div>\n\t\t<div class=\"elementor-element elementor-element-5a48981 e-con-full e-flex e-con e-child\" data-id=\"5a48981\" data-element_type=\"container\" data-e-type=\"container\">\n\t\t\t\t<\/div>\n\t\t\t\t\t<\/div>\n\t\t\t\t<\/div>\n\t\t\t\t<\/div>\n\t\t","protected":false},"excerpt":{"rendered":"<p>Conselho do Museu Luc\u00edlia Chuquela Diretora Daniela De Abreu Diretora Adjunta Carlos Jo\u00e3o Gove Fernando Ar\u00e3o Guivala Raimundo Rosinho Nhabomba [&hellip;]<\/p>\n","protected":false},"author":1,"featured_media":0,"parent":0,"menu_order":0,"comment_status":"closed","ping_status":"closed","template":"","meta":{"site-sidebar-layout":"no-sidebar","site-content-layout":"","ast-site-content-layout":"full-width-container","site-content-style":"default","site-sidebar-style":"default","ast-global-header-display":"","ast-banner-title-visibility":"","ast-main-header-display":"","ast-hfb-above-header-display":"","ast-hfb-below-header-display":"","ast-hfb-mobile-header-display":"","site-post-title":"disabled","ast-breadcrumbs-content":"","ast-featured-img":"disabled","footer-sml-layout":"","ast-disable-related-posts":"","theme-transparent-header-meta":"default","adv-header-id-meta":"","stick-header-meta":"","header-above-stick-meta":"","header-main-stick-meta":"","header-below-stick-meta":"","astra-migrate-meta-layouts":"set","ast-page-background-enabled":"default","ast-page-background-meta":{"desktop":{"background-color":"var(--ast-global-color-5)","background-image":"","background-repeat":"repeat","background-position":"center center","background-size":"auto","background-attachment":"scroll","background-type":"","background-media":"","overlay-type":"","overlay-color":"","overlay-opacity":"","overlay-gradient":""},"tablet":{"background-color":"","background-image":"","background-repeat":"repeat","background-position":"center center","background-size":"auto","background-attachment":"scroll","background-type":"","background-media":"","overlay-type":"","overlay-color":"","overlay-opacity":"","overlay-gradient":""},"mobile":{"background-color":"","background-image":"","background-repeat":"repeat","background-position":"center center","background-size":"auto","background-attachment":"scroll","background-type":"","background-media":"","overlay-type":"","overlay-color":"","overlay-opacity":"","overlay-gradient":""}},"ast-content-background-meta":{"desktop":{"background-color":"var(--ast-global-color-4)","background-image":"","background-repeat":"repeat","background-position":"center center","background-size":"auto","background-attachment":"scroll","background-type":"","background-media":"","overlay-type":"","overlay-color":"","overlay-opacity":"","overlay-gradient":""},"tablet":{"background-color":"var(--ast-global-color-4)","background-image":"","background-repeat":"repeat","background-position":"center center","background-size":"auto","background-attachment":"scroll","background-type":"","background-media":"","overlay-type":"","overlay-color":"","overlay-opacity":"","overlay-gradient":""},"mobile":{"background-color":"var(--ast-global-color-4)","background-image":"","background-repeat":"repeat","background-position":"center center","background-size":"auto","background-attachment":"scroll","background-type":"","background-media":"","overlay-type":"","overlay-color":"","overlay-opacity":"","overlay-gradient":""}},"footnotes":""},"class_list":["post-427","page","type-page","status-publish","hentry"],"_links":{"self":[{"href":"https:\/\/mhnm.uem.mz\/index.php\/wp-json\/wp\/v2\/pages\/427","targetHints":{"allow":["GET"]}}],"collection":[{"href":"https:\/\/mhnm.uem.mz\/index.php\/wp-json\/wp\/v2\/pages"}],"about":[{"href":"https:\/\/mhnm.uem.mz\/index.php\/wp-json\/wp\/v2\/types\/page"}],"author":[{"embeddable":true,"href":"https:\/\/mhnm.uem.mz\/index.php\/wp-json\/wp\/v2\/users\/1"}],"replies":[{"embeddable":true,"href":"https:\/\/mhnm.uem.mz\/index.php\/wp-json\/wp\/v2\/comments?post=427"}],"version-history":[{"count":0,"href":"https:\/\/mhnm.uem.mz\/index.php\/wp-json\/wp\/v2\/pages\/427\/revisions"}],"wp:attachment":[{"href":"https:\/\/mhnm.uem.mz\/index.php\/wp-json\/wp\/v2\/media?parent=427"}],"curies":[{"name":"wp","href":"https:\/\/api.w.org\/{rel}","templated":true}]}}