{"id":545,"date":"2025-09-11T08:32:46","date_gmt":"2025-09-11T08:32:46","guid":{"rendered":"https:\/\/mhnm.ghost.uem.mz\/?page_id=545"},"modified":"2025-09-18T14:35:15","modified_gmt":"2025-09-18T14:35:15","slug":"curadores","status":"publish","type":"page","link":"https:\/\/mhnm.uem.mz\/index.php\/curadores\/","title":{"rendered":"Curadores"},"content":{"rendered":"\t\t<div data-elementor-type=\"wp-page\" data-elementor-id=\"545\" class=\"elementor elementor-545\">\n\t\t\t\t<div class=\"elementor-element elementor-element-2d21292 e-flex e-con-boxed e-con e-parent\" data-id=\"2d21292\" data-element_type=\"container\" data-e-type=\"container\">\n\t\t\t\t\t<div class=\"e-con-inner\">\n\t\t\t\t<div class=\"elementor-element elementor-element-ec59e2c elementor-widget elementor-widget-heading\" data-id=\"ec59e2c\" data-element_type=\"widget\" data-e-type=\"widget\" data-widget_type=\"heading.default\">\n\t\t\t\t\t<h2 class=\"elementor-heading-title elementor-size-default\">Curadores<\/h2>\t\t\t\t<\/div>\n\t\t\t\t\t<\/div>\n\t\t\t\t<\/div>\n\t\t<div class=\"elementor-element elementor-element-9b6bdeb e-flex e-con-boxed e-con e-parent\" data-id=\"9b6bdeb\" data-element_type=\"container\" data-e-type=\"container\">\n\t\t\t\t\t<div class=\"e-con-inner\">\n\t\t\t\t<div class=\"elementor-element elementor-element-19294e5 elementor-widget elementor-widget-text-editor\" data-id=\"19294e5\" data-element_type=\"widget\" data-e-type=\"widget\" data-widget_type=\"text-editor.default\">\n\t\t\t\t\t\t\t\t\t<div class=\"elementor-element elementor-element-950ebab elementor-widget elementor-widget-text-editor\" data-id=\"950ebab\" data-element_type=\"widget\" data-widget_type=\"text-editor.default\"><div class=\"elementor-widget-container\" style=\"color: #000000;\">Curadores s\u00e3o profissionais especializados e respons\u00e1veis pela gest\u00e3o e preserva\u00e7\u00e3o das cole\u00e7\u00f5es de um Museu.<br \/>Eles desempenham um papel crucial na organiza\u00e7\u00e3o, pesquisa, interpreta\u00e7\u00e3o e exibi\u00e7\u00e3o de objectos, obras de arte,<br \/>artefactos, e outras pe\u00e7as que comp\u00f5em o acervo do Museu. <br \/>O Museu de Hist\u00f3ria Natural tem Seis (6) curadores, a saber:<\/div><\/div><div class=\"elementor-element elementor-element-089f7b4 elementor-widget elementor-widget-text-editor\" data-id=\"089f7b4\" data-element_type=\"widget\" data-widget_type=\"text-editor.default\"><div class=\"elementor-widget-container\" style=\"color: #000000;\"><ul><li><strong>Almeida Tom\u00e1s Guissamulo<\/strong> \u2013 Mam\u00edferos Marinhos e Terrestres<\/li><li><strong>\u00c1lvaro Albino Vetina<\/strong> \u2013 Invertebrados Marinhos<\/li><li><strong>Bernardo Muatinte<\/strong> \u2013 Entomologia<\/li><li><strong>Carlos Manuel Bento<\/strong> \u2013 Aves<\/li><li><strong>Daniela Carvalho de Abreu<\/strong> \u2013 Invertebrados Marinhos<\/li><li><strong>Erica Elena Tovela<\/strong> \u2013 Peixes<\/li><\/ul><\/div><\/div>\t\t\t\t\t\t\t\t<\/div>\n\t\t\t\t\t<\/div>\n\t\t\t\t<\/div>\n\t\t\t\t<\/div>\n\t\t","protected":false},"excerpt":{"rendered":"<p>Curadores Curadores s\u00e3o profissionais especializados e respons\u00e1veis pela gest\u00e3o e preserva\u00e7\u00e3o das cole\u00e7\u00f5es de um Museu.Eles desempenham um papel crucial [&hellip;]<\/p>\n","protected":false},"author":1,"featured_media":0,"parent":0,"menu_order":0,"comment_status":"closed","ping_status":"closed","template":"","meta":{"site-sidebar-layout":"no-sidebar","site-content-layout":"","ast-site-content-layout":"full-width-container","site-content-style":"default","site-sidebar-style":"default","ast-global-header-display":"","ast-banner-title-visibility":"","ast-main-header-display":"","ast-hfb-above-header-display":"","ast-hfb-below-header-display":"","ast-hfb-mobile-header-display":"","site-post-title":"disabled","ast-breadcrumbs-content":"","ast-featured-img":"disabled","footer-sml-layout":"","ast-disable-related-posts":"","theme-transparent-header-meta":"default","adv-header-id-meta":"","stick-header-meta":"","header-above-stick-meta":"","header-main-stick-meta":"","header-below-stick-meta":"","astra-migrate-meta-layouts":"set","ast-page-background-enabled":"default","ast-page-background-meta":{"desktop":{"background-color":"var(--ast-global-color-5)","background-image":"","background-repeat":"repeat","background-position":"center center","background-size":"auto","background-attachment":"scroll","background-type":"","background-media":"","overlay-type":"","overlay-color":"","overlay-opacity":"","overlay-gradient":""},"tablet":{"background-color":"","background-image":"","background-repeat":"repeat","background-position":"center center","background-size":"auto","background-attachment":"scroll","background-type":"","background-media":"","overlay-type":"","overlay-color":"","overlay-opacity":"","overlay-gradient":""},"mobile":{"background-color":"","background-image":"","background-repeat":"repeat","background-position":"center center","background-size":"auto","background-attachment":"scroll","background-type":"","background-media":"","overlay-type":"","overlay-color":"","overlay-opacity":"","overlay-gradient":""}},"ast-content-background-meta":{"desktop":{"background-color":"var(--ast-global-color-4)","background-image":"","background-repeat":"repeat","background-position":"center center","background-size":"auto","background-attachment":"scroll","background-type":"","background-media":"","overlay-type":"","overlay-color":"","overlay-opacity":"","overlay-gradient":""},"tablet":{"background-color":"var(--ast-global-color-4)","background-image":"","background-repeat":"repeat","background-position":"center center","background-size":"auto","background-attachment":"scroll","background-type":"","background-media":"","overlay-type":"","overlay-color":"","overlay-opacity":"","overlay-gradient":""},"mobile":{"background-color":"var(--ast-global-color-4)","background-image":"","background-repeat":"repeat","background-position":"center center","background-size":"auto","background-attachment":"scroll","background-type":"","background-media":"","overlay-type":"","overlay-color":"","overlay-opacity":"","overlay-gradient":""}},"footnotes":""},"class_list":["post-545","page","type-page","status-publish","hentry"],"_links":{"self":[{"href":"https:\/\/mhnm.uem.mz\/index.php\/wp-json\/wp\/v2\/pages\/545","targetHints":{"allow":["GET"]}}],"collection":[{"href":"https:\/\/mhnm.uem.mz\/index.php\/wp-json\/wp\/v2\/pages"}],"about":[{"href":"https:\/\/mhnm.uem.mz\/index.php\/wp-json\/wp\/v2\/types\/page"}],"author":[{"embeddable":true,"href":"https:\/\/mhnm.uem.mz\/index.php\/wp-json\/wp\/v2\/users\/1"}],"replies":[{"embeddable":true,"href":"https:\/\/mhnm.uem.mz\/index.php\/wp-json\/wp\/v2\/comments?post=545"}],"version-history":[{"count":3,"href":"https:\/\/mhnm.uem.mz\/index.php\/wp-json\/wp\/v2\/pages\/545\/revisions"}],"predecessor-version":[{"id":1330,"href":"https:\/\/mhnm.uem.mz\/index.php\/wp-json\/wp\/v2\/pages\/545\/revisions\/1330"}],"wp:attachment":[{"href":"https:\/\/mhnm.uem.mz\/index.php\/wp-json\/wp\/v2\/media?parent=545"}],"curies":[{"name":"wp","href":"https:\/\/api.w.org\/{rel}","templated":true}]}}