{"id":557,"date":"2025-09-11T08:42:22","date_gmt":"2025-09-11T08:42:22","guid":{"rendered":"https:\/\/mhnm.ghost.uem.mz\/?page_id=557"},"modified":"2025-09-18T18:25:45","modified_gmt":"2025-09-18T18:25:45","slug":"exposicao","status":"publish","type":"page","link":"https:\/\/mhnm.uem.mz\/index.php\/exposicao\/","title":{"rendered":"Exposi\u00e7\u00e3o"},"content":{"rendered":"\t\t<div data-elementor-type=\"wp-page\" data-elementor-id=\"557\" class=\"elementor elementor-557\">\n\t\t\t\t<div class=\"elementor-element elementor-element-b5994a8 e-flex e-con-boxed e-con e-parent\" data-id=\"b5994a8\" data-element_type=\"container\" data-e-type=\"container\">\n\t\t\t\t\t<div class=\"e-con-inner\">\n\t\t\t\t<div class=\"elementor-element elementor-element-d7cef49 elementor-widget elementor-widget-heading\" data-id=\"d7cef49\" data-element_type=\"widget\" data-e-type=\"widget\" data-widget_type=\"heading.default\">\n\t\t\t\t\t<h2 class=\"elementor-heading-title elementor-size-default\">Exposi\u00e7\u00e3o<\/h2>\t\t\t\t<\/div>\n\t\t\t\t<div class=\"elementor-element elementor-element-d86b267 elementor-widget elementor-widget-text-editor\" data-id=\"d86b267\" data-element_type=\"widget\" data-e-type=\"widget\" data-widget_type=\"text-editor.default\">\n\t\t\t\t\t\t\t\t\t<p>As colec\u00e7\u00f5es do Museu de Hist\u00f3ria Natural de Maputo ilustram alguns dos ambientes naturais em que os animais vivem e permitem visualizar o funcionamento do ecossistema e a intera\u00e7\u00e3o entre as diferentes esp\u00e9cies.<br \/>As colec\u00e7\u00f5es expostas s\u00e3o variadas, em alguns casos \u00fanicas no mundo, e compreendem cerca de 3.324 pe\u00e7as, entre mam\u00edferos, r\u00e9pteis, peixes, invertebrados marinhos e terrestres.<br \/>O Museu de Hist\u00f3ria Natural de Maputo integra ainda a cole\u00e7\u00e3o etnogr\u00e1fica que caracteriza os h\u00e1bitos culturais de alguns grupos sociais de Mo\u00e7ambique e objetos informativos usados para educa\u00e7\u00e3o ambiental.<br \/>As colec\u00e7\u00f5es do Museu s\u00e3o uma refer\u00eancia para a hist\u00f3ria de Mo\u00e7ambique, documentando os diferentes ecossistemas (marinhos e terrestres) que podemos encontrar em Mo\u00e7ambique.<br \/>Para al\u00e9m disso, o Museu de Hist\u00f3ria Natural de Maputo inclui v\u00e1rias colec\u00e7\u00f5es cient\u00edficas, incluindo numerosos hol\u00f3tipos e a mais rica cole\u00e7\u00e3o dedicada \u00e0 gesta\u00e7\u00e3o de elefantes, contendo 14 fetos de elefante do primeiro ao 22\u00ba m\u00eas de gesta\u00e7\u00e3o que data desde a Primeira Guerra Mundial.<br \/>O Museu de Hist\u00f3ria Natural de Maputo est\u00e1 a passar agora por um processo de transforma\u00e7\u00e3o que inclui uma requalifica\u00e7\u00e3o arquitet\u00f3nica e museol\u00f3gica, ambas com a finalidade de deixar o Museu mais moderno. Ap\u00f3s essa transforma\u00e7\u00e3o, o Museu, passar\u00e1 a contar com apresenta\u00e7\u00e3o hol\u00edstica do ecossistema, em que todos os v\u00e1rios habitats e animais de Mo\u00e7ambique ser\u00e3o mostrados na sua rela\u00e7\u00e3o natural, uma apresenta\u00e7\u00e3o da regi\u00e3o costeira contando tamb\u00e9m com a representa\u00e7\u00e3o da biodiversidade associada aos ambientes fluviais e ser\u00e1 destacada a rica biodiversidade das zonas perifluviais e perilacustres. Ser\u00e1 dedicado um amplo espa\u00e7o aos ambientes da Savana, que ser\u00e1 completado por numerosos pontos de aprofundamento.<br \/>Por \u00faltimo, gra\u00e7as \u00e0 reorganiza\u00e7\u00e3o dos espa\u00e7os que ser\u00e1 efectuada durante as obras de renova\u00e7\u00e3o, o Museu dispor\u00e1 de um espa\u00e7o dedicado a exposi\u00e7\u00f5es cronol\u00f3gicas desde as suas origens at\u00e9 \u00e0 atualidade e uma grande sala espec\u00edfica para exposi\u00e7\u00f5es tempor\u00e1rias.<\/p>\t\t\t\t\t\t\t\t<\/div>\n\t\t\t\t\t<\/div>\n\t\t\t\t<\/div>\n\t\t\t\t<\/div>\n\t\t","protected":false},"excerpt":{"rendered":"<p>Exposi\u00e7\u00e3o As colec\u00e7\u00f5es do Museu de Hist\u00f3ria Natural de Maputo ilustram alguns dos ambientes naturais em que os animais vivem [&hellip;]<\/p>\n","protected":false},"author":1,"featured_media":0,"parent":0,"menu_order":0,"comment_status":"closed","ping_status":"closed","template":"","meta":{"site-sidebar-layout":"no-sidebar","site-content-layout":"","ast-site-content-layout":"full-width-container","site-content-style":"default","site-sidebar-style":"default","ast-global-header-display":"","ast-banner-title-visibility":"","ast-main-header-display":"","ast-hfb-above-header-display":"","ast-hfb-below-header-display":"","ast-hfb-mobile-header-display":"","site-post-title":"disabled","ast-breadcrumbs-content":"","ast-featured-img":"disabled","footer-sml-layout":"","ast-disable-related-posts":"","theme-transparent-header-meta":"default","adv-header-id-meta":"","stick-header-meta":"","header-above-stick-meta":"","header-main-stick-meta":"","header-below-stick-meta":"","astra-migrate-meta-layouts":"set","ast-page-background-enabled":"default","ast-page-background-meta":{"desktop":{"background-color":"var(--ast-global-color-5)","background-image":"","background-repeat":"repeat","background-position":"center center","background-size":"auto","background-attachment":"scroll","background-type":"","background-media":"","overlay-type":"","overlay-color":"","overlay-opacity":"","overlay-gradient":""},"tablet":{"background-color":"","background-image":"","background-repeat":"repeat","background-position":"center center","background-size":"auto","background-attachment":"scroll","background-type":"","background-media":"","overlay-type":"","overlay-color":"","overlay-opacity":"","overlay-gradient":""},"mobile":{"background-color":"","background-image":"","background-repeat":"repeat","background-position":"center center","background-size":"auto","background-attachment":"scroll","background-type":"","background-media":"","overlay-type":"","overlay-color":"","overlay-opacity":"","overlay-gradient":""}},"ast-content-background-meta":{"desktop":{"background-color":"var(--ast-global-color-4)","background-image":"","background-repeat":"repeat","background-position":"center center","background-size":"auto","background-attachment":"scroll","background-type":"","background-media":"","overlay-type":"","overlay-color":"","overlay-opacity":"","overlay-gradient":""},"tablet":{"background-color":"var(--ast-global-color-4)","background-image":"","background-repeat":"repeat","background-position":"center center","background-size":"auto","background-attachment":"scroll","background-type":"","background-media":"","overlay-type":"","overlay-color":"","overlay-opacity":"","overlay-gradient":""},"mobile":{"background-color":"var(--ast-global-color-4)","background-image":"","background-repeat":"repeat","background-position":"center center","background-size":"auto","background-attachment":"scroll","background-type":"","background-media":"","overlay-type":"","overlay-color":"","overlay-opacity":"","overlay-gradient":""}},"footnotes":""},"class_list":["post-557","page","type-page","status-publish","hentry"],"_links":{"self":[{"href":"https:\/\/mhnm.uem.mz\/index.php\/wp-json\/wp\/v2\/pages\/557","targetHints":{"allow":["GET"]}}],"collection":[{"href":"https:\/\/mhnm.uem.mz\/index.php\/wp-json\/wp\/v2\/pages"}],"about":[{"href":"https:\/\/mhnm.uem.mz\/index.php\/wp-json\/wp\/v2\/types\/page"}],"author":[{"embeddable":true,"href":"https:\/\/mhnm.uem.mz\/index.php\/wp-json\/wp\/v2\/users\/1"}],"replies":[{"embeddable":true,"href":"https:\/\/mhnm.uem.mz\/index.php\/wp-json\/wp\/v2\/comments?post=557"}],"version-history":[{"count":3,"href":"https:\/\/mhnm.uem.mz\/index.php\/wp-json\/wp\/v2\/pages\/557\/revisions"}],"predecessor-version":[{"id":1333,"href":"https:\/\/mhnm.uem.mz\/index.php\/wp-json\/wp\/v2\/pages\/557\/revisions\/1333"}],"wp:attachment":[{"href":"https:\/\/mhnm.uem.mz\/index.php\/wp-json\/wp\/v2\/media?parent=557"}],"curies":[{"name":"wp","href":"https:\/\/api.w.org\/{rel}","templated":true}]}}