{"id":558,"date":"2025-09-11T08:42:22","date_gmt":"2025-09-11T08:42:22","guid":{"rendered":"https:\/\/mhnm.ghost.uem.mz\/?page_id=558"},"modified":"2025-09-18T18:26:49","modified_gmt":"2025-09-18T18:26:49","slug":"coleccao-cientifica","status":"publish","type":"page","link":"https:\/\/mhnm.uem.mz\/index.php\/coleccao-cientifica\/","title":{"rendered":"Colec\u00e7\u00e3o cient\u00edfica"},"content":{"rendered":"\t\t<div data-elementor-type=\"wp-page\" data-elementor-id=\"558\" class=\"elementor elementor-558\">\n\t\t\t\t<div class=\"elementor-element elementor-element-73d0433 e-flex e-con-boxed e-con e-parent\" data-id=\"73d0433\" data-element_type=\"container\" data-e-type=\"container\">\n\t\t\t\t\t<div class=\"e-con-inner\">\n\t\t\t\t<div class=\"elementor-element elementor-element-261c0bb elementor-widget elementor-widget-text-editor\" data-id=\"261c0bb\" data-element_type=\"widget\" data-e-type=\"widget\" data-widget_type=\"text-editor.default\">\n\t\t\t\t\t\t\t\t\t<div class=\"elementor-element elementor-element-ea90e7d e-flex e-con-boxed e-con e-parent e-lazyloaded\" data-id=\"ea90e7d\" data-element_type=\"container\"><div class=\"e-con-inner\" style=\"text-align: left;\"><div class=\"elementor-element elementor-element-a8bce1c elementor-widget elementor-widget-heading\" data-id=\"a8bce1c\" data-element_type=\"widget\" data-widget_type=\"heading.default\"><div class=\"elementor-widget-container\"><h2 class=\"elementor-heading-title elementor-size-default\"><span style=\"color: #22702d;\">Cole\u00e7\u00f5es Cient\u00edficas<\/span><\/h2><\/div><\/div><div class=\"elementor-element elementor-element-85cea5b elementor-widget elementor-widget-text-editor\" data-id=\"85cea5b\" data-element_type=\"widget\" data-widget_type=\"text-editor.default\"><div class=\"elementor-widget-container\" style=\"color: #000000; text-align: justify;\">As Cole\u00e7\u00f5es Cient\u00edficas desempenham um papel fundamental na preserva\u00e7\u00e3o, estudo e dissemina\u00e7\u00e3o do conhecimento nas diversas \u00e1reas da Ci\u00eancia. Essas Cole\u00e7\u00f5es consistem em um conjunto organizado e catalogados de esp\u00e9cimes, objectos ou informa\u00e7\u00f5es que representam a diversidade biol\u00f3gica, ecol\u00f3gica, cultural e\/ou hist\u00f3rica do nosso planeta.<\/div><\/div><\/div><\/div><div class=\"elementor-element elementor-element-7fa8664 e-flex e-con-boxed e-con e-parent e-lazyloaded\" data-id=\"7fa8664\" data-element_type=\"container\"><div class=\"e-con-inner\"><div class=\"elementor-element elementor-element-5925afa e-con-full e-transform e-flex e-con e-child\"><div class=\"elementor-element elementor-element-83e0397 elementor-widget elementor-widget-heading\"><div class=\"elementor-widget-container\"><h3 class=\"elementor-heading-title elementor-size-default\"><span style=\"color: #22702d;\">Preserva\u00e7\u00e3o da Biodiversidade<\/span><\/h3><\/div><\/div><div class=\"elementor-element elementor-element-ca7cd47 elementor-widget elementor-widget-text-editor\"><div class=\"elementor-widget-container\" style=\"color: #000000; text-align: justify;\">Nas Cole\u00e7\u00f5es Cient\u00edficas biol\u00f3gicas como em Museus de Hist\u00f3ria Natural e herb\u00e1rios, s\u00e3o armazenados exemplares de plantas, animais, fungos e microorganismos. Estes exemplares designa-se por \u201cesp\u00e9cimes\u201d servem como registos tang\u00edveis da biodiversidade permitindo que os cientistas estudem as suas caracter\u00edsticas e as diferentes formas de vida ao longo do tempo.<\/div><\/div><\/div><div class=\"elementor-element elementor-element-febb5d2 e-con-full e-transform e-flex e-con e-child\"><div class=\"elementor-element elementor-element-bd34bab elementor-widget elementor-widget-heading\"><div class=\"elementor-widget-container\"><h3 class=\"elementor-heading-title elementor-size-default\"><span style=\"color: #22702d;\">Recursos para a Pesquisa<\/span><\/h3><\/div><\/div><div class=\"elementor-element elementor-element-8563f1f elementor-widget elementor-widget-text-editor\"><div class=\"elementor-widget-container\" style=\"color: #000000; text-align: justify;\">As Cole\u00e7\u00f5es Cient\u00edficas proporcionam recursos essenciais (tamb\u00e9m designados por acervos) para a pesquisa em diversas disciplinas como as Ci\u00eancias Biol\u00f3gicas, Antropol\u00f3gicas, Geol\u00f3gicas e outros. Os profissionais de cada \u00e1rea cient\u00edfica utilizam esses acervos para conduzir estudos taxon\u00f3micos, sistem\u00e1ticos, evolutivos e geol\u00f3gicos.<\/div><\/div><\/div><div class=\"elementor-element elementor-element-d11ae9b e-con-full e-transform e-flex e-con e-child\"><div class=\"elementor-element elementor-element-acc3855 elementor-widget elementor-widget-heading\"><div class=\"elementor-widget-container\"><h3 class=\"elementor-heading-title elementor-size-default\"><span style=\"color: #22702d;\">Documenta\u00e7\u00e3o Cultural e Hist\u00f3rica<\/span><\/h3><\/div><\/div><div class=\"elementor-element elementor-element-dd7a882 elementor-widget elementor-widget-text-editor\"><div class=\"elementor-widget-container\" style=\"color: #000000; text-align: justify;\">Al\u00e9m dos acervos biol\u00f3gicos, existem cole\u00e7\u00f5es que documentam aspectos culturais e hist\u00f3ricos da Humanidade. Os Museus Etnogr\u00e1ficos e Arquivos Hist\u00f3ricos, guardam objectos, artefactos e documentos que ajudam a preservar e compreender diferentes aspectos das civiliza\u00e7\u00f5es passadas e presente.<\/div><\/div><\/div><div class=\"elementor-element elementor-element-86c5996 e-con-full e-transform e-flex e-con e-child\"><div class=\"elementor-element elementor-element-0ba2b66 elementor-widget elementor-widget-heading\"><div class=\"elementor-widget-container\"><h3 class=\"elementor-heading-title elementor-size-default\"><span style=\"color: #22702d;\">Educa\u00e7\u00e3o e divulga\u00e7\u00e3o Cient\u00edfica<\/span><\/h3><\/div><\/div><div class=\"elementor-element elementor-element-b50bb6c elementor-widget elementor-widget-text-editor\"><div class=\"elementor-widget-container\" style=\"color: #000000; text-align: justify;\">As cole\u00e7\u00f5es cient\u00edficas desempenham um papel vital na Educa\u00e7\u00e3o e divulga\u00e7\u00e3o da Ci\u00eancia. Elas proporcionam aos Estudantes, Pesquisadores e ao p\u00fablico em geral a oportunidade de explorar a riqueza da diversidade natural e cultural do nosso Museu. Os acervos podem ser usados para fins de ensino, proporcionando aos estudantes material autentico que permitam conhecer a diversidade natural e cultural e usar o conhecimento adquirido para compreender as mudan\u00e7as que ocorrem na natureza.<\/div><\/div><\/div><div class=\"elementor-element elementor-element-c9fd3c2 e-con-full e-transform e-flex e-con e-child\"><div class=\"elementor-element elementor-element-a2db747 elementor-widget elementor-widget-heading\"><div class=\"elementor-widget-container\"><h3 class=\"elementor-heading-title elementor-size-default\"><span style=\"color: #22702d;\">Desafios e quest\u00f5es \u00c9ticas<\/span><\/h3><\/div><\/div><div class=\"elementor-element elementor-element-2685738 elementor-widget elementor-widget-text-editor\"><div class=\"elementor-widget-container\" style=\"color: #000000; text-align: justify;\">A gest\u00e3o de Cole\u00e7\u00f5es Cient\u00edficas envolve desafios \u00e9ticos como a origem e aquisi\u00e7\u00e3o de esp\u00e9cimes, especialmente quando se trata de artefactos culturais. O debate sobre a repatria\u00e7\u00e3o de itens culturais e considera\u00e7\u00e3o da diversidade de perspectivas s\u00e3o t\u00f3picos relevantes nesse contexto. No entanto, al\u00e9m da origem, um dos desafios consiste e garantir a manuten\u00e7\u00e3o de esp\u00e9cimes demasiado antigos, evitando a sua deteriora\u00e7\u00e3o, que \u00e9 causada por elementos da natureza e escassez de recursos materiais e financeiros, bem como de recursos humanos capacitados.<\/div><\/div><\/div><div class=\"elementor-element elementor-element-8253da7 e-con-full e-transform e-flex e-con e-child\"><div class=\"elementor-element elementor-element-5d0dcfd elementor-widget elementor-widget-heading\"><div class=\"elementor-widget-container\"><h3 class=\"elementor-heading-title elementor-size-default\"><span style=\"color: #22702d;\">Digitaliza\u00e7\u00e3o Global<\/span><\/h3><\/div><\/div><div class=\"elementor-element elementor-element-9839669 elementor-widget elementor-widget-text-editor\"><div class=\"elementor-widget-container\" style=\"color: #000000; text-align: justify;\">Com o avan\u00e7o da tecnologia, muitas cole\u00e7\u00f5es cient\u00edficas est\u00e3o passando por processos de digitaliza\u00e7\u00e3o para facilitar o acesso global. Isso permite que os pesquisadores em diferentes partes do mundo explorem virtualmente esses acervos, promovendo a colabora\u00e7\u00e3o internacional.<br \/><br \/><br \/>Em resumo, as cole\u00e7\u00f5es cient\u00edficas desempenham um papel integral na preserva\u00e7\u00e3o do nosso patrim\u00f3nio natural e cultural, fornecendo recursos valiosos para a pesquisa e educa\u00e7\u00e3o. A intersec\u00e7\u00e3o entre a preserva\u00e7\u00e3o f\u00edsica e acessibilidade digital abre novas fronteiras para a compreens\u00e3o e aprecia\u00e7\u00e3o da diversidade que define o nosso planeta.<\/div><\/div><\/div><\/div><\/div><div class=\"elementor-element elementor-element-621f3f2 e-flex e-con-boxed e-con e-parent e-lazyloaded\"><div class=\"e-con-inner\"><div class=\"elementor-element elementor-element-fef6e8e elementor-widget elementor-widget-heading\"><div class=\"elementor-widget-container\"><h2 class=\"elementor-heading-title elementor-size-default\"><span style=\"color: #22702d;\">Cole\u00e7\u00f5es existente no Museu de Hist\u00f3ria Natural<\/span><\/h2><\/div><\/div><div class=\"elementor-element elementor-element-a7f3e6a elementor-widget elementor-widget-text-editor\"><div class=\"elementor-widget-container\" style=\"color: #000000; text-align: justify;\">Bem-vindo \u00e0 fascinante jornada das cole\u00e7\u00f5es Cient\u00edficas do Museu de Hist\u00f3ria Natural. Neste espa\u00e7o \u00fanico, convidamos-lhe a explorar um universo diversificado e enriquecedor de artefatos (rel\u00edquias que contam a hist\u00f3ria de diferentes aspectos da humanidade e das ci\u00eancias biol\u00f3gicas).<br \/><br \/><br \/>Cada item exposto abaixo, representa um elo precioso entre o passado e o presente, um testemunho tang\u00edvel de experi\u00eancias e express\u00f5es cient\u00edficas e humanas.<\/div><\/div><\/div><\/div><div class=\"elementor-element elementor-element-2317bdc e-flex e-con-boxed e-con e-parent e-lazyloaded\"><div class=\"e-con-inner\"><div class=\"elementor-element elementor-element-348c336 e-con-full e-flex e-con e-child\"><div class=\"elementor-element elementor-element-cf822a5 elementor-widget elementor-widget-text-editor\"><div class=\"elementor-widget-container\" style=\"color: #000000; text-align: justify;\">1. Etnografia <br \/>2. Insectos <br \/>3. Invertebrados marinhos da \u00e1gua doce <br \/>4. Mam\u00edferos marinhos e terrestres <br \/>5. Peixes <br \/>6. R\u00e9pteis e anf\u00edbios<\/div><\/div><\/div><\/div><\/div>\t\t\t\t\t\t\t\t<\/div>\n\t\t\t\t\t<\/div>\n\t\t\t\t<\/div>\n\t\t\t\t<\/div>\n\t\t","protected":false},"excerpt":{"rendered":"<p>Cole\u00e7\u00f5es Cient\u00edficas As Cole\u00e7\u00f5es Cient\u00edficas desempenham um papel fundamental na preserva\u00e7\u00e3o, estudo e dissemina\u00e7\u00e3o do conhecimento nas diversas \u00e1reas da [&hellip;]<\/p>\n","protected":false},"author":1,"featured_media":0,"parent":0,"menu_order":0,"comment_status":"closed","ping_status":"closed","template":"","meta":{"site-sidebar-layout":"no-sidebar","site-content-layout":"","ast-site-content-layout":"full-width-container","site-content-style":"default","site-sidebar-style":"default","ast-global-header-display":"","ast-banner-title-visibility":"","ast-main-header-display":"disabled","ast-hfb-above-header-display":"","ast-hfb-below-header-display":"","ast-hfb-mobile-header-display":"","site-post-title":"disabled","ast-breadcrumbs-content":"","ast-featured-img":"disabled","footer-sml-layout":"","ast-disable-related-posts":"","theme-transparent-header-meta":"default","adv-header-id-meta":"","stick-header-meta":"","header-above-stick-meta":"","header-main-stick-meta":"","header-below-stick-meta":"","astra-migrate-meta-layouts":"set","ast-page-background-enabled":"default","ast-page-background-meta":{"desktop":{"background-color":"var(--ast-global-color-5)","background-image":"","background-repeat":"repeat","background-position":"center center","background-size":"auto","background-attachment":"scroll","background-type":"","background-media":"","overlay-type":"","overlay-color":"","overlay-opacity":"","overlay-gradient":""},"tablet":{"background-color":"","background-image":"","background-repeat":"repeat","background-position":"center center","background-size":"auto","background-attachment":"scroll","background-type":"","background-media":"","overlay-type":"","overlay-color":"","overlay-opacity":"","overlay-gradient":""},"mobile":{"background-color":"","background-image":"","background-repeat":"repeat","background-position":"center center","background-size":"auto","background-attachment":"scroll","background-type":"","background-media":"","overlay-type":"","overlay-color":"","overlay-opacity":"","overlay-gradient":""}},"ast-content-background-meta":{"desktop":{"background-color":"var(--ast-global-color-4)","background-image":"","background-repeat":"repeat","background-position":"center center","background-size":"auto","background-attachment":"scroll","background-type":"","background-media":"","overlay-type":"","overlay-color":"","overlay-opacity":"","overlay-gradient":""},"tablet":{"background-color":"var(--ast-global-color-4)","background-image":"","background-repeat":"repeat","background-position":"center center","background-size":"auto","background-attachment":"scroll","background-type":"","background-media":"","overlay-type":"","overlay-color":"","overlay-opacity":"","overlay-gradient":""},"mobile":{"background-color":"var(--ast-global-color-4)","background-image":"","background-repeat":"repeat","background-position":"center center","background-size":"auto","background-attachment":"scroll","background-type":"","background-media":"","overlay-type":"","overlay-color":"","overlay-opacity":"","overlay-gradient":""}},"footnotes":""},"class_list":["post-558","page","type-page","status-publish","hentry"],"_links":{"self":[{"href":"https:\/\/mhnm.uem.mz\/index.php\/wp-json\/wp\/v2\/pages\/558","targetHints":{"allow":["GET"]}}],"collection":[{"href":"https:\/\/mhnm.uem.mz\/index.php\/wp-json\/wp\/v2\/pages"}],"about":[{"href":"https:\/\/mhnm.uem.mz\/index.php\/wp-json\/wp\/v2\/types\/page"}],"author":[{"embeddable":true,"href":"https:\/\/mhnm.uem.mz\/index.php\/wp-json\/wp\/v2\/users\/1"}],"replies":[{"embeddable":true,"href":"https:\/\/mhnm.uem.mz\/index.php\/wp-json\/wp\/v2\/comments?post=558"}],"version-history":[{"count":3,"href":"https:\/\/mhnm.uem.mz\/index.php\/wp-json\/wp\/v2\/pages\/558\/revisions"}],"predecessor-version":[{"id":1336,"href":"https:\/\/mhnm.uem.mz\/index.php\/wp-json\/wp\/v2\/pages\/558\/revisions\/1336"}],"wp:attachment":[{"href":"https:\/\/mhnm.uem.mz\/index.php\/wp-json\/wp\/v2\/media?parent=558"}],"curies":[{"name":"wp","href":"https:\/\/api.w.org\/{rel}","templated":true}]}}