{"id":560,"date":"2025-09-11T08:42:22","date_gmt":"2025-09-11T08:42:22","guid":{"rendered":"https:\/\/mhnm.ghost.uem.mz\/?page_id=560"},"modified":"2025-09-11T08:42:22","modified_gmt":"2025-09-11T08:42:22","slug":"educacao-ambiental","status":"publish","type":"page","link":"https:\/\/mhnm.uem.mz\/index.php\/educacao-ambiental\/","title":{"rendered":"Educa\u00e7\u00e3o Ambiental"},"content":{"rendered":"\t\t<div data-elementor-type=\"wp-page\" data-elementor-id=\"560\" class=\"elementor elementor-560\">\n\t\t\t\t<div class=\"elementor-element elementor-element-8489d4c e-flex e-con-boxed e-con e-parent\" data-id=\"8489d4c\" data-element_type=\"container\" data-e-type=\"container\">\n\t\t\t\t\t<div class=\"e-con-inner\">\n\t\t\t\t<div class=\"elementor-element elementor-element-43e3f51 elementor-widget elementor-widget-heading\" data-id=\"43e3f51\" data-element_type=\"widget\" data-e-type=\"widget\" data-widget_type=\"heading.default\">\n\t\t\t\t\t<h2 class=\"elementor-heading-title elementor-size-default\">Educa\u00e7\u00e3o Ambiental<\/h2>\t\t\t\t<\/div>\n\t\t\t\t<div class=\"elementor-element elementor-element-6b71e75 elementor-widget elementor-widget-text-editor\" data-id=\"6b71e75\" data-element_type=\"widget\" data-e-type=\"widget\" data-widget_type=\"text-editor.default\">\n\t\t\t\t\t\t\t\t\t<p>Bem-vindo \u00e0 Janela da Educa\u00e7\u00e3o Ambiental do Museu de Hist\u00f3ria Natural de Maputo<br \/>Explorar e compreender o mundo natural ao nosso redor \u00e9 essencial para preservar e proteger nosso planeta para as gera\u00e7\u00f5es futuras.<br \/>Nossa miss\u00e3o \u00e9 inspirar a aprecia\u00e7\u00e3o e o respeito pelo meio ambiente, promovendo a conscientiza\u00e7\u00e3o sobre quest\u00f5es ambientais importantes e incentivando a\u00e7\u00f5es positivas para a conserva\u00e7\u00e3o da biodiversidade. Aqui, voc\u00ea encontrar\u00e1 uma variedade de recursos educacionais, exposi\u00e7\u00f5es interativas e atividades envolventes projetadas para todas as idades.<br \/>Desde a explora\u00e7\u00e3o de habitats naturais \u00fanicos do nosso pa\u00eds at\u00e9 a descoberta das maravilhas da vida selvagem, o sector de Educa\u00e7\u00e3o Ambiental do Museu de Hist\u00f3ria Natural de Maputo oferece uma oportunidade emocionante de aprender sobre a interconex\u00e3o entre todos os seres vivos e o papel crucial que desempenhamos na prote\u00e7\u00e3o do nosso planeta.<br \/>Junte-se a n\u00f3s nesta jornada educativa e inspiradora enquanto trabalhamos juntos para criar um futuro mais sustent\u00e1vel e harmonioso para todas as formas de vida na Terra.<br \/>Actividades que o sector realiza:<\/p><ul><li>Exposi\u00e7\u00f5es tempor\u00e1rias<\/li><li>Proje\u00e7\u00e3o de filmes<\/li><li>Palestras<\/li><li>Workshops<\/li><li>Visitas guiadas<\/li><\/ul>\t\t\t\t\t\t\t\t<\/div>\n\t\t\t\t\t<\/div>\n\t\t\t\t<\/div>\n\t\t\t\t<\/div>\n\t\t","protected":false},"excerpt":{"rendered":"<p>Educa\u00e7\u00e3o Ambiental Bem-vindo \u00e0 Janela da Educa\u00e7\u00e3o Ambiental do Museu de Hist\u00f3ria Natural de MaputoExplorar e compreender o mundo natural [&hellip;]<\/p>\n","protected":false},"author":1,"featured_media":0,"parent":0,"menu_order":0,"comment_status":"closed","ping_status":"closed","template":"","meta":{"site-sidebar-layout":"no-sidebar","site-content-layout":"","ast-site-content-layout":"full-width-container","site-content-style":"default","site-sidebar-style":"default","ast-global-header-display":"","ast-banner-title-visibility":"","ast-main-header-display":"","ast-hfb-above-header-display":"","ast-hfb-below-header-display":"","ast-hfb-mobile-header-display":"","site-post-title":"disabled","ast-breadcrumbs-content":"","ast-featured-img":"disabled","footer-sml-layout":"","ast-disable-related-posts":"","theme-transparent-header-meta":"default","adv-header-id-meta":"","stick-header-meta":"","header-above-stick-meta":"","header-main-stick-meta":"","header-below-stick-meta":"","astra-migrate-meta-layouts":"set","ast-page-background-enabled":"default","ast-page-background-meta":{"desktop":{"background-color":"var(--ast-global-color-5)","background-image":"","background-repeat":"repeat","background-position":"center center","background-size":"auto","background-attachment":"scroll","background-type":"","background-media":"","overlay-type":"","overlay-color":"","overlay-opacity":"","overlay-gradient":""},"tablet":{"background-color":"","background-image":"","background-repeat":"repeat","background-position":"center center","background-size":"auto","background-attachment":"scroll","background-type":"","background-media":"","overlay-type":"","overlay-color":"","overlay-opacity":"","overlay-gradient":""},"mobile":{"background-color":"","background-image":"","background-repeat":"repeat","background-position":"center center","background-size":"auto","background-attachment":"scroll","background-type":"","background-media":"","overlay-type":"","overlay-color":"","overlay-opacity":"","overlay-gradient":""}},"ast-content-background-meta":{"desktop":{"background-color":"var(--ast-global-color-4)","background-image":"","background-repeat":"repeat","background-position":"center center","background-size":"auto","background-attachment":"scroll","background-type":"","background-media":"","overlay-type":"","overlay-color":"","overlay-opacity":"","overlay-gradient":""},"tablet":{"background-color":"var(--ast-global-color-4)","background-image":"","background-repeat":"repeat","background-position":"center center","background-size":"auto","background-attachment":"scroll","background-type":"","background-media":"","overlay-type":"","overlay-color":"","overlay-opacity":"","overlay-gradient":""},"mobile":{"background-color":"var(--ast-global-color-4)","background-image":"","background-repeat":"repeat","background-position":"center center","background-size":"auto","background-attachment":"scroll","background-type":"","background-media":"","overlay-type":"","overlay-color":"","overlay-opacity":"","overlay-gradient":""}},"footnotes":""},"class_list":["post-560","page","type-page","status-publish","hentry"],"_links":{"self":[{"href":"https:\/\/mhnm.uem.mz\/index.php\/wp-json\/wp\/v2\/pages\/560","targetHints":{"allow":["GET"]}}],"collection":[{"href":"https:\/\/mhnm.uem.mz\/index.php\/wp-json\/wp\/v2\/pages"}],"about":[{"href":"https:\/\/mhnm.uem.mz\/index.php\/wp-json\/wp\/v2\/types\/page"}],"author":[{"embeddable":true,"href":"https:\/\/mhnm.uem.mz\/index.php\/wp-json\/wp\/v2\/users\/1"}],"replies":[{"embeddable":true,"href":"https:\/\/mhnm.uem.mz\/index.php\/wp-json\/wp\/v2\/comments?post=560"}],"version-history":[{"count":0,"href":"https:\/\/mhnm.uem.mz\/index.php\/wp-json\/wp\/v2\/pages\/560\/revisions"}],"wp:attachment":[{"href":"https:\/\/mhnm.uem.mz\/index.php\/wp-json\/wp\/v2\/media?parent=560"}],"curies":[{"name":"wp","href":"https:\/\/api.w.org\/{rel}","templated":true}]}}