{"id":561,"date":"2025-09-11T08:42:22","date_gmt":"2025-09-11T08:42:22","guid":{"rendered":"https:\/\/mhnm.ghost.uem.mz\/?page_id=561"},"modified":"2025-09-11T08:42:22","modified_gmt":"2025-09-11T08:42:22","slug":"visitas-guiadas","status":"publish","type":"page","link":"https:\/\/mhnm.uem.mz\/index.php\/visitas-guiadas\/","title":{"rendered":"Visitas Guiadas"},"content":{"rendered":"\t\t<div data-elementor-type=\"wp-page\" data-elementor-id=\"561\" class=\"elementor elementor-561\">\n\t\t\t\t<div class=\"elementor-element elementor-element-f9321a3 e-flex e-con-boxed e-con e-parent\" data-id=\"f9321a3\" data-element_type=\"container\" data-e-type=\"container\">\n\t\t\t\t\t<div class=\"e-con-inner\">\n\t\t\t\t<div class=\"elementor-element elementor-element-b34de68 elementor-widget elementor-widget-heading\" data-id=\"b34de68\" data-element_type=\"widget\" data-e-type=\"widget\" data-widget_type=\"heading.default\">\n\t\t\t\t\t<h2 class=\"elementor-heading-title elementor-size-default\">Descubra o Encanto do Nosso Museu: Visita Guiada para uma Experi\u00eancia Memor\u00e1vel<\/h2>\t\t\t\t<\/div>\n\t\t\t\t<div class=\"elementor-element elementor-element-2bc07db elementor-widget elementor-widget-text-editor\" data-id=\"2bc07db\" data-element_type=\"widget\" data-e-type=\"widget\" data-widget_type=\"text-editor.default\">\n\t\t\t\t\t\t\t\t\t<p>Uma das principais actividades que realizamos no \u00e2mbito da educa\u00e7\u00e3o ambiental s\u00e3o as visitas guiadas.<br \/>Embarque, nestas visitas, em uma jornada emocionante pela riqueza da hist\u00f3ria e da natureza no Museu de Hist\u00f3ria Natural de Maputo! Seja voc\u00ea um apaixonado pela natureza, um entusiasta da hist\u00f3ria ou simplesmente algu\u00e9m curioso em aprender algo novo, nossas visitas guiadas oferecem uma oportunidade \u00fanica para mergulhar nas maravilhas do nosso patrim\u00f4nio cultural e natural.<br \/>Nossos guias especializados, apaixonados pela hist\u00f3ria e pela natureza de Mo\u00e7ambique, ir\u00e3o acompanh\u00e1-lo em uma viagem fascinante, compartilhando hist\u00f3rias que dar\u00e3o vida \u00e0s exposi\u00e7\u00f5es e artefactos que voc\u00ea encontrar\u00e1 ao longo do caminho. De descobertas surpreendentes a narrativas envolventes, cada visita guiada \u00e9 uma experi\u00eancia enriquecedora e educativa para todas as idades.<br \/>Ao longo do percurso, voc\u00ea ter\u00e1 a oportunidade de explorar nossas exposi\u00e7\u00f5es permanentes e tempor\u00e1rias, numa viagem com destino a biodiversidade mo\u00e7ambicana contemplando o espa\u00e7o natural em que os animais vivem e como eles interagem uns com os outros.<\/p>\t\t\t\t\t\t\t\t<\/div>\n\t\t\t\t\t<\/div>\n\t\t\t\t<\/div>\n\t\t\t\t<\/div>\n\t\t","protected":false},"excerpt":{"rendered":"<p>Descubra o Encanto do Nosso Museu: Visita Guiada para uma Experi\u00eancia Memor\u00e1vel Uma das principais actividades que realizamos no \u00e2mbito [&hellip;]<\/p>\n","protected":false},"author":1,"featured_media":0,"parent":0,"menu_order":0,"comment_status":"closed","ping_status":"closed","template":"","meta":{"site-sidebar-layout":"no-sidebar","site-content-layout":"","ast-site-content-layout":"full-width-container","site-content-style":"default","site-sidebar-style":"default","ast-global-header-display":"","ast-banner-title-visibility":"","ast-main-header-display":"","ast-hfb-above-header-display":"","ast-hfb-below-header-display":"","ast-hfb-mobile-header-display":"","site-post-title":"disabled","ast-breadcrumbs-content":"","ast-featured-img":"disabled","footer-sml-layout":"","ast-disable-related-posts":"","theme-transparent-header-meta":"default","adv-header-id-meta":"","stick-header-meta":"","header-above-stick-meta":"","header-main-stick-meta":"","header-below-stick-meta":"","astra-migrate-meta-layouts":"set","ast-page-background-enabled":"default","ast-page-background-meta":{"desktop":{"background-color":"var(--ast-global-color-5)","background-image":"","background-repeat":"repeat","background-position":"center center","background-size":"auto","background-attachment":"scroll","background-type":"","background-media":"","overlay-type":"","overlay-color":"","overlay-opacity":"","overlay-gradient":""},"tablet":{"background-color":"","background-image":"","background-repeat":"repeat","background-position":"center center","background-size":"auto","background-attachment":"scroll","background-type":"","background-media":"","overlay-type":"","overlay-color":"","overlay-opacity":"","overlay-gradient":""},"mobile":{"background-color":"","background-image":"","background-repeat":"repeat","background-position":"center center","background-size":"auto","background-attachment":"scroll","background-type":"","background-media":"","overlay-type":"","overlay-color":"","overlay-opacity":"","overlay-gradient":""}},"ast-content-background-meta":{"desktop":{"background-color":"var(--ast-global-color-4)","background-image":"","background-repeat":"repeat","background-position":"center center","background-size":"auto","background-attachment":"scroll","background-type":"","background-media":"","overlay-type":"","overlay-color":"","overlay-opacity":"","overlay-gradient":""},"tablet":{"background-color":"var(--ast-global-color-4)","background-image":"","background-repeat":"repeat","background-position":"center center","background-size":"auto","background-attachment":"scroll","background-type":"","background-media":"","overlay-type":"","overlay-color":"","overlay-opacity":"","overlay-gradient":""},"mobile":{"background-color":"var(--ast-global-color-4)","background-image":"","background-repeat":"repeat","background-position":"center center","background-size":"auto","background-attachment":"scroll","background-type":"","background-media":"","overlay-type":"","overlay-color":"","overlay-opacity":"","overlay-gradient":""}},"footnotes":""},"class_list":["post-561","page","type-page","status-publish","hentry"],"_links":{"self":[{"href":"https:\/\/mhnm.uem.mz\/index.php\/wp-json\/wp\/v2\/pages\/561","targetHints":{"allow":["GET"]}}],"collection":[{"href":"https:\/\/mhnm.uem.mz\/index.php\/wp-json\/wp\/v2\/pages"}],"about":[{"href":"https:\/\/mhnm.uem.mz\/index.php\/wp-json\/wp\/v2\/types\/page"}],"author":[{"embeddable":true,"href":"https:\/\/mhnm.uem.mz\/index.php\/wp-json\/wp\/v2\/users\/1"}],"replies":[{"embeddable":true,"href":"https:\/\/mhnm.uem.mz\/index.php\/wp-json\/wp\/v2\/comments?post=561"}],"version-history":[{"count":0,"href":"https:\/\/mhnm.uem.mz\/index.php\/wp-json\/wp\/v2\/pages\/561\/revisions"}],"wp:attachment":[{"href":"https:\/\/mhnm.uem.mz\/index.php\/wp-json\/wp\/v2\/media?parent=561"}],"curies":[{"name":"wp","href":"https:\/\/api.w.org\/{rel}","templated":true}]}}