{"id":563,"date":"2025-09-11T08:42:22","date_gmt":"2025-09-11T08:42:22","guid":{"rendered":"https:\/\/mhnm.ghost.uem.mz\/?page_id=563"},"modified":"2025-09-11T08:42:22","modified_gmt":"2025-09-11T08:42:22","slug":"museu-vai-a-escolas","status":"publish","type":"page","link":"https:\/\/mhnm.uem.mz\/index.php\/museu-vai-a-escolas\/","title":{"rendered":"Museu Vai  a Escolas"},"content":{"rendered":"\t\t<div data-elementor-type=\"wp-page\" data-elementor-id=\"563\" class=\"elementor elementor-563\">\n\t\t\t\t<div class=\"elementor-element elementor-element-635e839 e-flex e-con-boxed e-con e-parent\" data-id=\"635e839\" data-element_type=\"container\" data-e-type=\"container\">\n\t\t\t\t\t<div class=\"e-con-inner\">\n\t\t\t\t<div class=\"elementor-element elementor-element-173c87c elementor-widget elementor-widget-heading\" data-id=\"173c87c\" data-element_type=\"widget\" data-e-type=\"widget\" data-widget_type=\"heading.default\">\n\t\t\t\t\t<h2 class=\"elementor-heading-title elementor-size-default\">Leve a Experi\u00eancia do Museu para sua Escola<\/h2>\t\t\t\t<\/div>\n\t\t\t\t<div class=\"elementor-element elementor-element-042bf05 elementor-widget elementor-widget-text-editor\" data-id=\"042bf05\" data-element_type=\"widget\" data-e-type=\"widget\" data-widget_type=\"text-editor.default\">\n\t\t\t\t\t\t\t\t\t<p>O Museu de Hist\u00f3ria Natural de Maputo est\u00e1 comprometido em promover a educa\u00e7\u00e3o e a descoberta em todas as idades. Agora, estamos a trazer a experi\u00eancia do museu diretamente para sua escola com nosso programa \u201cMuseu vai as Escolas\u201d.<br \/>Nosso programa oferece uma variedade de recursos educacionais emocionantes, incluindo apresenta\u00e7\u00f5es interativas, atividades pr\u00e1ticas e exposi\u00e7\u00f5es itinerantes, projetadas para enriquecer o curr\u00edculo escolar e inspirar os alunos a explorar o mundo natural.<br \/>Desde palestras sobre biodiversidade at\u00e9 workshops pr\u00e1ticos sobre conserva\u00e7\u00e3o, nosso objetivo \u00e9 envolver os alunos em uma jornada educativa emocionante, enquanto promovemos a conscientiza\u00e7\u00e3o sobre quest\u00f5es ambientais importantes.<br \/>Nossos educadores qualificados e apaixonados est\u00e3o prontos para trazer a magia do museu para sua escola, proporcionando uma experi\u00eancia \u00fanica de aprendizado que ir\u00e1 inspirar e motivar todos n\u00edveis de ensino a se tornarem defensores ativos do meio ambiente.<br \/>Junte-se a n\u00f3s enquanto levamos a fascina\u00e7\u00e3o do museu diretamente para sua sala de aula. Pode solicitar uma visita do Museu para a sua escola enviando uma carta de pedido de visita ao email:\u00a0<b>mhn@uem.mz<\/b><\/p>\t\t\t\t\t\t\t\t<\/div>\n\t\t\t\t\t<\/div>\n\t\t\t\t<\/div>\n\t\t\t\t<\/div>\n\t\t","protected":false},"excerpt":{"rendered":"<p>Leve a Experi\u00eancia do Museu para sua Escola O Museu de Hist\u00f3ria Natural de Maputo est\u00e1 comprometido em promover a [&hellip;]<\/p>\n","protected":false},"author":1,"featured_media":0,"parent":0,"menu_order":0,"comment_status":"closed","ping_status":"closed","template":"","meta":{"site-sidebar-layout":"no-sidebar","site-content-layout":"","ast-site-content-layout":"full-width-container","site-content-style":"default","site-sidebar-style":"default","ast-global-header-display":"","ast-banner-title-visibility":"","ast-main-header-display":"","ast-hfb-above-header-display":"","ast-hfb-below-header-display":"","ast-hfb-mobile-header-display":"","site-post-title":"disabled","ast-breadcrumbs-content":"","ast-featured-img":"disabled","footer-sml-layout":"","ast-disable-related-posts":"","theme-transparent-header-meta":"default","adv-header-id-meta":"","stick-header-meta":"","header-above-stick-meta":"","header-main-stick-meta":"","header-below-stick-meta":"","astra-migrate-meta-layouts":"set","ast-page-background-enabled":"default","ast-page-background-meta":{"desktop":{"background-color":"var(--ast-global-color-5)","background-image":"","background-repeat":"repeat","background-position":"center center","background-size":"auto","background-attachment":"scroll","background-type":"","background-media":"","overlay-type":"","overlay-color":"","overlay-opacity":"","overlay-gradient":""},"tablet":{"background-color":"","background-image":"","background-repeat":"repeat","background-position":"center center","background-size":"auto","background-attachment":"scroll","background-type":"","background-media":"","overlay-type":"","overlay-color":"","overlay-opacity":"","overlay-gradient":""},"mobile":{"background-color":"","background-image":"","background-repeat":"repeat","background-position":"center center","background-size":"auto","background-attachment":"scroll","background-type":"","background-media":"","overlay-type":"","overlay-color":"","overlay-opacity":"","overlay-gradient":""}},"ast-content-background-meta":{"desktop":{"background-color":"var(--ast-global-color-4)","background-image":"","background-repeat":"repeat","background-position":"center center","background-size":"auto","background-attachment":"scroll","background-type":"","background-media":"","overlay-type":"","overlay-color":"","overlay-opacity":"","overlay-gradient":""},"tablet":{"background-color":"var(--ast-global-color-4)","background-image":"","background-repeat":"repeat","background-position":"center center","background-size":"auto","background-attachment":"scroll","background-type":"","background-media":"","overlay-type":"","overlay-color":"","overlay-opacity":"","overlay-gradient":""},"mobile":{"background-color":"var(--ast-global-color-4)","background-image":"","background-repeat":"repeat","background-position":"center center","background-size":"auto","background-attachment":"scroll","background-type":"","background-media":"","overlay-type":"","overlay-color":"","overlay-opacity":"","overlay-gradient":""}},"footnotes":""},"class_list":["post-563","page","type-page","status-publish","hentry"],"_links":{"self":[{"href":"https:\/\/mhnm.uem.mz\/index.php\/wp-json\/wp\/v2\/pages\/563","targetHints":{"allow":["GET"]}}],"collection":[{"href":"https:\/\/mhnm.uem.mz\/index.php\/wp-json\/wp\/v2\/pages"}],"about":[{"href":"https:\/\/mhnm.uem.mz\/index.php\/wp-json\/wp\/v2\/types\/page"}],"author":[{"embeddable":true,"href":"https:\/\/mhnm.uem.mz\/index.php\/wp-json\/wp\/v2\/users\/1"}],"replies":[{"embeddable":true,"href":"https:\/\/mhnm.uem.mz\/index.php\/wp-json\/wp\/v2\/comments?post=563"}],"version-history":[{"count":0,"href":"https:\/\/mhnm.uem.mz\/index.php\/wp-json\/wp\/v2\/pages\/563\/revisions"}],"wp:attachment":[{"href":"https:\/\/mhnm.uem.mz\/index.php\/wp-json\/wp\/v2\/media?parent=563"}],"curies":[{"name":"wp","href":"https:\/\/api.w.org\/{rel}","templated":true}]}}