{"id":683,"date":"2025-09-11T11:59:35","date_gmt":"2025-09-11T11:59:35","guid":{"rendered":"https:\/\/mhnm.ghost.uem.mz\/?page_id=683"},"modified":"2025-09-18T18:28:07","modified_gmt":"2025-09-18T18:28:07","slug":"linhas-de-investigacao","status":"publish","type":"page","link":"https:\/\/mhnm.uem.mz\/index.php\/linhas-de-investigacao\/","title":{"rendered":"Linhas de investiga\u00e7\u00e3o"},"content":{"rendered":"\t\t<div data-elementor-type=\"wp-page\" data-elementor-id=\"683\" class=\"elementor elementor-683\">\n\t\t\t\t<div class=\"elementor-element elementor-element-2e00966 e-flex e-con-boxed e-con e-parent\" data-id=\"2e00966\" data-element_type=\"container\" data-e-type=\"container\">\n\t\t\t\t\t<div class=\"e-con-inner\">\n\t\t\t\t<div class=\"elementor-element elementor-element-d01fdc1 elementor-widget elementor-widget-heading\" data-id=\"d01fdc1\" data-element_type=\"widget\" data-e-type=\"widget\" data-widget_type=\"heading.default\">\n\t\t\t\t\t<h2 class=\"elementor-heading-title elementor-size-default\">Linhas de Investiga\u00e7\u00e3o<\/h2>\t\t\t\t<\/div>\n\t\t\t\t<div class=\"elementor-element elementor-element-651cf7e elementor-widget elementor-widget-text-editor\" data-id=\"651cf7e\" data-element_type=\"widget\" data-e-type=\"widget\" data-widget_type=\"text-editor.default\">\n\t\t\t\t\t\t\t\t\t<div class=\"elementor-element elementor-element-1122fd4 elementor-widget elementor-widget-text-editor\" data-id=\"1122fd4\" data-element_type=\"widget\" data-widget_type=\"text-editor.default\"><div class=\"elementor-widget-container\"><p><span style=\"color: #000000;\">S\u00e3o \u00e1reas espec\u00edficas de Estudo em um determinado campo acad\u00e9mico ou cient\u00edfico. Essas linhas orientam o foco das investiga\u00e7\u00f5es e de projectos de pesquisa desenvolvidos por acad\u00e9micos, pesquisadores estudantes em uma institui\u00e7\u00e3o ou \u00e1rea espec\u00edfica. Abaixo est\u00e3o alguns exemplos de linhas de pesquisa em diferentes campos desenvolvidos no Museu de Hist\u00f3ria Natural.<\/span><\/p><\/div><\/div><div class=\"elementor-element elementor-element-4ea95e0 elementor-icon-list--layout-traditional elementor-list-item-link-full_width elementor-widget elementor-widget-icon-list\" data-id=\"4ea95e0\" data-element_type=\"widget\" data-widget_type=\"icon-list.default\"><div class=\"elementor-widget-container\"><ul class=\"elementor-icon-list-items\"><li class=\"elementor-icon-list-item\"><span class=\"elementor-icon-list-text\" style=\"color: #000000;\">Barcoding de insectos<\/span><\/li><li class=\"elementor-icon-list-item\"><span class=\"elementor-icon-list-text\" style=\"color: #000000;\">Barcoding de peixes marinhos e de \u00e1gua doce e distribui\u00e7\u00e3o<\/span><\/li><li class=\"elementor-icon-list-item\"><span class=\"elementor-icon-list-text\" style=\"color: #000000;\">Estudo de B\u00fafalos<\/span><\/li><\/ul><\/div><\/div>\t\t\t\t\t\t\t\t<\/div>\n\t\t\t\t\t<\/div>\n\t\t\t\t<\/div>\n\t\t\t\t<\/div>\n\t\t","protected":false},"excerpt":{"rendered":"<p>Linhas de Investiga\u00e7\u00e3o S\u00e3o \u00e1reas espec\u00edficas de Estudo em um determinado campo acad\u00e9mico ou cient\u00edfico. Essas linhas orientam o foco [&hellip;]<\/p>\n","protected":false},"author":1,"featured_media":0,"parent":0,"menu_order":0,"comment_status":"closed","ping_status":"closed","template":"","meta":{"site-sidebar-layout":"no-sidebar","site-content-layout":"","ast-site-content-layout":"full-width-container","site-content-style":"default","site-sidebar-style":"default","ast-global-header-display":"","ast-banner-title-visibility":"","ast-main-header-display":"","ast-hfb-above-header-display":"","ast-hfb-below-header-display":"","ast-hfb-mobile-header-display":"","site-post-title":"disabled","ast-breadcrumbs-content":"","ast-featured-img":"","footer-sml-layout":"","ast-disable-related-posts":"","theme-transparent-header-meta":"default","adv-header-id-meta":"","stick-header-meta":"","header-above-stick-meta":"","header-main-stick-meta":"","header-below-stick-meta":"","astra-migrate-meta-layouts":"set","ast-page-background-enabled":"default","ast-page-background-meta":{"desktop":{"background-color":"var(--ast-global-color-5)","background-image":"","background-repeat":"repeat","background-position":"center center","background-size":"auto","background-attachment":"scroll","background-type":"","background-media":"","overlay-type":"","overlay-color":"","overlay-opacity":"","overlay-gradient":""},"tablet":{"background-color":"","background-image":"","background-repeat":"repeat","background-position":"center center","background-size":"auto","background-attachment":"scroll","background-type":"","background-media":"","overlay-type":"","overlay-color":"","overlay-opacity":"","overlay-gradient":""},"mobile":{"background-color":"","background-image":"","background-repeat":"repeat","background-position":"center center","background-size":"auto","background-attachment":"scroll","background-type":"","background-media":"","overlay-type":"","overlay-color":"","overlay-opacity":"","overlay-gradient":""}},"ast-content-background-meta":{"desktop":{"background-color":"var(--ast-global-color-4)","background-image":"","background-repeat":"repeat","background-position":"center center","background-size":"auto","background-attachment":"scroll","background-type":"","background-media":"","overlay-type":"","overlay-color":"","overlay-opacity":"","overlay-gradient":""},"tablet":{"background-color":"var(--ast-global-color-4)","background-image":"","background-repeat":"repeat","background-position":"center center","background-size":"auto","background-attachment":"scroll","background-type":"","background-media":"","overlay-type":"","overlay-color":"","overlay-opacity":"","overlay-gradient":""},"mobile":{"background-color":"var(--ast-global-color-4)","background-image":"","background-repeat":"repeat","background-position":"center center","background-size":"auto","background-attachment":"scroll","background-type":"","background-media":"","overlay-type":"","overlay-color":"","overlay-opacity":"","overlay-gradient":""}},"footnotes":""},"class_list":["post-683","page","type-page","status-publish","hentry"],"_links":{"self":[{"href":"https:\/\/mhnm.uem.mz\/index.php\/wp-json\/wp\/v2\/pages\/683","targetHints":{"allow":["GET"]}}],"collection":[{"href":"https:\/\/mhnm.uem.mz\/index.php\/wp-json\/wp\/v2\/pages"}],"about":[{"href":"https:\/\/mhnm.uem.mz\/index.php\/wp-json\/wp\/v2\/types\/page"}],"author":[{"embeddable":true,"href":"https:\/\/mhnm.uem.mz\/index.php\/wp-json\/wp\/v2\/users\/1"}],"replies":[{"embeddable":true,"href":"https:\/\/mhnm.uem.mz\/index.php\/wp-json\/wp\/v2\/comments?post=683"}],"version-history":[{"count":3,"href":"https:\/\/mhnm.uem.mz\/index.php\/wp-json\/wp\/v2\/pages\/683\/revisions"}],"predecessor-version":[{"id":1342,"href":"https:\/\/mhnm.uem.mz\/index.php\/wp-json\/wp\/v2\/pages\/683\/revisions\/1342"}],"wp:attachment":[{"href":"https:\/\/mhnm.uem.mz\/index.php\/wp-json\/wp\/v2\/media?parent=683"}],"curies":[{"name":"wp","href":"https:\/\/api.w.org\/{rel}","templated":true}]}}