{"id":685,"date":"2025-09-11T11:59:35","date_gmt":"2025-09-11T11:59:35","guid":{"rendered":"https:\/\/mhnm.ghost.uem.mz\/?page_id=685"},"modified":"2025-09-18T18:28:43","modified_gmt":"2025-09-18T18:28:43","slug":"actividades-em-cursos","status":"publish","type":"page","link":"https:\/\/mhnm.uem.mz\/index.php\/actividades-em-cursos\/","title":{"rendered":"Actividades em Cursos"},"content":{"rendered":"\t\t<div data-elementor-type=\"wp-page\" data-elementor-id=\"685\" class=\"elementor elementor-685\">\n\t\t\t\t<div class=\"elementor-element elementor-element-ea9a57a e-flex e-con-boxed e-con e-parent\" data-id=\"ea9a57a\" data-element_type=\"container\" data-e-type=\"container\">\n\t\t\t\t\t<div class=\"e-con-inner\">\n\t\t\t\t<div class=\"elementor-element elementor-element-ce1fddf elementor-widget elementor-widget-heading\" data-id=\"ce1fddf\" data-element_type=\"widget\" data-e-type=\"widget\" data-widget_type=\"heading.default\">\n\t\t\t\t\t<h2 class=\"elementor-heading-title elementor-size-default\">Actividades de investiga\u00e7\u00e3o em curso<\/h2>\t\t\t\t<\/div>\n\t\t\t\t<div class=\"elementor-element elementor-element-0eafddc elementor-widget elementor-widget-text-editor\" data-id=\"0eafddc\" data-element_type=\"widget\" data-e-type=\"widget\" data-widget_type=\"text-editor.default\">\n\t\t\t\t\t\t\t\t\t<ul><li><span style=\"color: #000000;\">Gest\u00e3o de Cole\u00e7\u00f5es cient\u00edficas;<\/span><\/li><li><span style=\"color: #000000;\">Manuten\u00e7\u00e3o e Cataloga\u00e7\u00e3o;<\/span><\/li><li><span style=\"color: #000000;\">Treinamento sobre t\u00e9cnicas de pesquisa;<\/span><\/li><li><span style=\"color: #000000;\">Gerir equipamento do Laborat\u00f3rio;<\/span><\/li><li><span style=\"color: #000000;\">Garantir manipula\u00e7\u00e3o e conserva\u00e7\u00e3o adequada das amostras;<\/span><\/li><li><span style=\"color: #000000;\">Angaria\u00e7\u00e3o de fundos;<\/span><\/li><li><span style=\"color: #000000;\">Presta\u00e7\u00e3o de Consultoria;<\/span><\/li><li><span style=\"color: #000000;\">Na \u00e1rea da gen\u00e9tica, o Museu de Hist\u00f3ria Natural faz a recolha de amostras de peixes e mam\u00edferos para o Biobanco e atualmente est\u00e1 fazendo um estudo sobre Aves, invertebrados marinhos atrav\u00e9s de expedi\u00e7\u00f5es;<\/span><\/li><li><span style=\"color: #000000;\">O Museu recebe amostras de outras institui\u00e7\u00f5es e, no ano passado recebeu amostras da reserva de Chimanimane e outras do monte Mague\/Mabo atrav\u00e9s da colabora\u00e7\u00e3o de investigadores que vimham fazer trabalhos em Mo\u00e7ambique.<\/span><\/li><\/ul>\t\t\t\t\t\t\t\t<\/div>\n\t\t\t\t\t<\/div>\n\t\t\t\t<\/div>\n\t\t\t\t<\/div>\n\t\t","protected":false},"excerpt":{"rendered":"<p>Actividades de investiga\u00e7\u00e3o em curso Gest\u00e3o de Cole\u00e7\u00f5es cient\u00edficas; Manuten\u00e7\u00e3o e Cataloga\u00e7\u00e3o; Treinamento sobre t\u00e9cnicas de pesquisa; Gerir equipamento do [&hellip;]<\/p>\n","protected":false},"author":1,"featured_media":0,"parent":0,"menu_order":0,"comment_status":"closed","ping_status":"closed","template":"","meta":{"site-sidebar-layout":"no-sidebar","site-content-layout":"","ast-site-content-layout":"full-width-container","site-content-style":"default","site-sidebar-style":"default","ast-global-header-display":"","ast-banner-title-visibility":"","ast-main-header-display":"","ast-hfb-above-header-display":"","ast-hfb-below-header-display":"","ast-hfb-mobile-header-display":"","site-post-title":"disabled","ast-breadcrumbs-content":"","ast-featured-img":"","footer-sml-layout":"","ast-disable-related-posts":"","theme-transparent-header-meta":"default","adv-header-id-meta":"","stick-header-meta":"","header-above-stick-meta":"","header-main-stick-meta":"","header-below-stick-meta":"","astra-migrate-meta-layouts":"set","ast-page-background-enabled":"default","ast-page-background-meta":{"desktop":{"background-color":"var(--ast-global-color-5)","background-image":"","background-repeat":"repeat","background-position":"center center","background-size":"auto","background-attachment":"scroll","background-type":"","background-media":"","overlay-type":"","overlay-color":"","overlay-opacity":"","overlay-gradient":""},"tablet":{"background-color":"","background-image":"","background-repeat":"repeat","background-position":"center center","background-size":"auto","background-attachment":"scroll","background-type":"","background-media":"","overlay-type":"","overlay-color":"","overlay-opacity":"","overlay-gradient":""},"mobile":{"background-color":"","background-image":"","background-repeat":"repeat","background-position":"center center","background-size":"auto","background-attachment":"scroll","background-type":"","background-media":"","overlay-type":"","overlay-color":"","overlay-opacity":"","overlay-gradient":""}},"ast-content-background-meta":{"desktop":{"background-color":"var(--ast-global-color-4)","background-image":"","background-repeat":"repeat","background-position":"center center","background-size":"auto","background-attachment":"scroll","background-type":"","background-media":"","overlay-type":"","overlay-color":"","overlay-opacity":"","overlay-gradient":""},"tablet":{"background-color":"var(--ast-global-color-4)","background-image":"","background-repeat":"repeat","background-position":"center center","background-size":"auto","background-attachment":"scroll","background-type":"","background-media":"","overlay-type":"","overlay-color":"","overlay-opacity":"","overlay-gradient":""},"mobile":{"background-color":"var(--ast-global-color-4)","background-image":"","background-repeat":"repeat","background-position":"center center","background-size":"auto","background-attachment":"scroll","background-type":"","background-media":"","overlay-type":"","overlay-color":"","overlay-opacity":"","overlay-gradient":""}},"footnotes":""},"class_list":["post-685","page","type-page","status-publish","hentry"],"_links":{"self":[{"href":"https:\/\/mhnm.uem.mz\/index.php\/wp-json\/wp\/v2\/pages\/685","targetHints":{"allow":["GET"]}}],"collection":[{"href":"https:\/\/mhnm.uem.mz\/index.php\/wp-json\/wp\/v2\/pages"}],"about":[{"href":"https:\/\/mhnm.uem.mz\/index.php\/wp-json\/wp\/v2\/types\/page"}],"author":[{"embeddable":true,"href":"https:\/\/mhnm.uem.mz\/index.php\/wp-json\/wp\/v2\/users\/1"}],"replies":[{"embeddable":true,"href":"https:\/\/mhnm.uem.mz\/index.php\/wp-json\/wp\/v2\/comments?post=685"}],"version-history":[{"count":3,"href":"https:\/\/mhnm.uem.mz\/index.php\/wp-json\/wp\/v2\/pages\/685\/revisions"}],"predecessor-version":[{"id":1345,"href":"https:\/\/mhnm.uem.mz\/index.php\/wp-json\/wp\/v2\/pages\/685\/revisions\/1345"}],"wp:attachment":[{"href":"https:\/\/mhnm.uem.mz\/index.php\/wp-json\/wp\/v2\/media?parent=685"}],"curies":[{"name":"wp","href":"https:\/\/api.w.org\/{rel}","templated":true}]}}