{"id":686,"date":"2025-09-11T11:59:35","date_gmt":"2025-09-11T11:59:35","guid":{"rendered":"https:\/\/mhnm.ghost.uem.mz\/?page_id=686"},"modified":"2025-09-11T11:59:35","modified_gmt":"2025-09-11T11:59:35","slug":"laboratorios","status":"publish","type":"page","link":"https:\/\/mhnm.uem.mz\/index.php\/laboratorios\/","title":{"rendered":"Laboratorios"},"content":{"rendered":"\t\t<div data-elementor-type=\"wp-page\" data-elementor-id=\"686\" class=\"elementor elementor-686\">\n\t\t\t\t<div class=\"elementor-element elementor-element-f4c857c e-flex e-con-boxed e-con e-parent\" data-id=\"f4c857c\" data-element_type=\"container\" data-e-type=\"container\">\n\t\t\t\t\t<div class=\"e-con-inner\">\n\t\t\t\t<div class=\"elementor-element elementor-element-c12f868 elementor-widget elementor-widget-heading\" data-id=\"c12f868\" data-element_type=\"widget\" data-e-type=\"widget\" data-widget_type=\"heading.default\">\n\t\t\t\t\t<h2 class=\"elementor-heading-title elementor-size-default\">Laborat\u00f3rios<\/h2>\t\t\t\t<\/div>\n\t\t\t\t<div class=\"elementor-element elementor-element-a9deb62 elementor-widget elementor-widget-text-editor\" data-id=\"a9deb62\" data-element_type=\"widget\" data-e-type=\"widget\" data-widget_type=\"text-editor.default\">\n\t\t\t\t\t\t\t\t\t<p><span style=\"color: #000000\">Laborat\u00f3rios s\u00e3o espa\u00e7os especialmente projectados e equipados para a realiza\u00e7\u00e3o de experimentos, pesquisas cient\u00edficas, an\u00e1lises e testes em diversas \u00e1reas do conhecimento. Eles s\u00e3o ambientes controlados, onde Cientistas, pesquisadores, estudantes e profissionais podem conduzir experimentos de maneira segura e eficiente.<\/span><br \/><span style=\"color: #000000\">Os laborat\u00f3rios s\u00e3o fundamentais em muitas disciplinas, incluindo qu\u00edmica, fisica, biologia, engenharia, medicina e ci\u00eancias da computa\u00e7\u00e3o. Eles proporcionam um local dedicado para a manipula\u00e7\u00e3o de instrumentos, amostras e equipamentos especializados, permitindo a observa\u00e7\u00e3o e coleta de dados de forma precisa e controlada.<\/span><br \/><span style=\"color: #000000\">Al\u00e9m disso, os laborat\u00f3rios desempenham um papel crucial no avan\u00e7o da pesquisa cient\u00edfica, na inova\u00e7\u00e3o tecnol\u00f3gica e no treinamento de profissionais em diversas \u00e1reas. Eles podem variar em escala e complexidade, desde pequenos laborat\u00f3rios de pesquisa acad\u00e9mica at\u00e9 laborat\u00f3rios industriais de larga escala.<\/span><br \/><span style=\"color: #000000\">Os laborat\u00f3rios podem incluir equipamentos como microsc\u00f3pios, espectr\u00f4metros, centr\u00edfugas,reatores qu\u00edmicos, computadores e outros dispositivos especializados, dependendo da natureza espec\u00edfica da pesquisa ou das actividades realizadas no local. A seguran\u00e7a \u00e9 uma considera\u00e7\u00e3o primordial em laborat\u00f3rios, e os procedimentos adequados s\u00e3o seguidos para garantir a prote\u00e7\u00e3o dos indiv\u00edduos envolvidos e a integra\u00e7\u00e3o dos experimentos.<\/span><\/p>\t\t\t\t\t\t\t\t<\/div>\n\t\t\t\t\t<\/div>\n\t\t\t\t<\/div>\n\t\t\t\t<\/div>\n\t\t","protected":false},"excerpt":{"rendered":"<p>Laborat\u00f3rios Laborat\u00f3rios s\u00e3o espa\u00e7os especialmente projectados e equipados para a realiza\u00e7\u00e3o de experimentos, pesquisas cient\u00edficas, an\u00e1lises e testes em diversas [&hellip;]<\/p>\n","protected":false},"author":1,"featured_media":0,"parent":0,"menu_order":0,"comment_status":"closed","ping_status":"closed","template":"","meta":{"site-sidebar-layout":"no-sidebar","site-content-layout":"","ast-site-content-layout":"full-width-container","site-content-style":"default","site-sidebar-style":"default","ast-global-header-display":"","ast-banner-title-visibility":"","ast-main-header-display":"","ast-hfb-above-header-display":"","ast-hfb-below-header-display":"","ast-hfb-mobile-header-display":"","site-post-title":"disabled","ast-breadcrumbs-content":"","ast-featured-img":"","footer-sml-layout":"","ast-disable-related-posts":"","theme-transparent-header-meta":"default","adv-header-id-meta":"","stick-header-meta":"","header-above-stick-meta":"","header-main-stick-meta":"","header-below-stick-meta":"","astra-migrate-meta-layouts":"set","ast-page-background-enabled":"default","ast-page-background-meta":{"desktop":{"background-color":"var(--ast-global-color-5)","background-image":"","background-repeat":"repeat","background-position":"center center","background-size":"auto","background-attachment":"scroll","background-type":"","background-media":"","overlay-type":"","overlay-color":"","overlay-opacity":"","overlay-gradient":""},"tablet":{"background-color":"","background-image":"","background-repeat":"repeat","background-position":"center center","background-size":"auto","background-attachment":"scroll","background-type":"","background-media":"","overlay-type":"","overlay-color":"","overlay-opacity":"","overlay-gradient":""},"mobile":{"background-color":"","background-image":"","background-repeat":"repeat","background-position":"center center","background-size":"auto","background-attachment":"scroll","background-type":"","background-media":"","overlay-type":"","overlay-color":"","overlay-opacity":"","overlay-gradient":""}},"ast-content-background-meta":{"desktop":{"background-color":"var(--ast-global-color-4)","background-image":"","background-repeat":"repeat","background-position":"center center","background-size":"auto","background-attachment":"scroll","background-type":"","background-media":"","overlay-type":"","overlay-color":"","overlay-opacity":"","overlay-gradient":""},"tablet":{"background-color":"var(--ast-global-color-4)","background-image":"","background-repeat":"repeat","background-position":"center center","background-size":"auto","background-attachment":"scroll","background-type":"","background-media":"","overlay-type":"","overlay-color":"","overlay-opacity":"","overlay-gradient":""},"mobile":{"background-color":"var(--ast-global-color-4)","background-image":"","background-repeat":"repeat","background-position":"center center","background-size":"auto","background-attachment":"scroll","background-type":"","background-media":"","overlay-type":"","overlay-color":"","overlay-opacity":"","overlay-gradient":""}},"footnotes":""},"class_list":["post-686","page","type-page","status-publish","hentry"],"_links":{"self":[{"href":"https:\/\/mhnm.uem.mz\/index.php\/wp-json\/wp\/v2\/pages\/686","targetHints":{"allow":["GET"]}}],"collection":[{"href":"https:\/\/mhnm.uem.mz\/index.php\/wp-json\/wp\/v2\/pages"}],"about":[{"href":"https:\/\/mhnm.uem.mz\/index.php\/wp-json\/wp\/v2\/types\/page"}],"author":[{"embeddable":true,"href":"https:\/\/mhnm.uem.mz\/index.php\/wp-json\/wp\/v2\/users\/1"}],"replies":[{"embeddable":true,"href":"https:\/\/mhnm.uem.mz\/index.php\/wp-json\/wp\/v2\/comments?post=686"}],"version-history":[{"count":0,"href":"https:\/\/mhnm.uem.mz\/index.php\/wp-json\/wp\/v2\/pages\/686\/revisions"}],"wp:attachment":[{"href":"https:\/\/mhnm.uem.mz\/index.php\/wp-json\/wp\/v2\/media?parent=686"}],"curies":[{"name":"wp","href":"https:\/\/api.w.org\/{rel}","templated":true}]}}