{"id":687,"date":"2025-09-11T11:59:35","date_gmt":"2025-09-11T11:59:35","guid":{"rendered":"https:\/\/mhnm.ghost.uem.mz\/?page_id=687"},"modified":"2025-09-11T11:59:35","modified_gmt":"2025-09-11T11:59:35","slug":"publicacoes","status":"publish","type":"page","link":"https:\/\/mhnm.uem.mz\/index.php\/publicacoes\/","title":{"rendered":"Publica\u00e7\u00f5es"},"content":{"rendered":"\t\t<div data-elementor-type=\"wp-page\" data-elementor-id=\"687\" class=\"elementor elementor-687\">\n\t\t\t\t<div class=\"elementor-element elementor-element-7022fed e-flex e-con-boxed e-con e-parent\" data-id=\"7022fed\" data-element_type=\"container\" data-e-type=\"container\">\n\t\t\t\t\t<div class=\"e-con-inner\">\n\t\t\t\t<div class=\"elementor-element elementor-element-d850b8c elementor-widget elementor-widget-heading\" data-id=\"d850b8c\" data-element_type=\"widget\" data-e-type=\"widget\" data-widget_type=\"heading.default\">\n\t\t\t\t\t<h2 class=\"elementor-heading-title elementor-size-default\">Publica\u00e7\u00f5es<\/h2>\t\t\t\t<\/div>\n\t\t\t\t<div class=\"elementor-element elementor-element-b56769b elementor-widget elementor-widget-text-editor\" data-id=\"b56769b\" data-element_type=\"widget\" data-e-type=\"widget\" data-widget_type=\"text-editor.default\">\n\t\t\t\t\t\t\t\t\t<p><span style=\"color: #000000\">\u00c9 com grande satisfa\u00e7\u00e3o que apresentamos a lista de publica\u00e7\u00f5es cient\u00edficas do Museu de Hist\u00f3ria Natural. Esta compila\u00e7\u00e3o reflete o empenho cont\u00ednuo em contribuir para o avan\u00e7o do conhecimento na \u00e1rea da Biodiversidade.<\/span><br \/><span style=\"color: #000000\">Ao longo dos anos, os investigadores do Museu de Hist\u00f3ria Natural, tem dedicado esfor\u00e7os para pesquisar e abordar quest\u00f5es relevantes em suas respectivas \u00e1reas de especialidade. Cada artigo listado representa n\u00e3o apenas um marco em suas carreiras, mas tamb\u00e9m uma contribui\u00e7\u00e3o tang\u00edvel da institui\u00e7\u00e3o .<\/span><br \/><span style=\"color: #000000\">A nossa esperan\u00e7a \u00e9 que esta lista sirva n\u00e3o apenas como um registo de realiza\u00e7\u00f5es passadas, mas tamb\u00e9m como um catalizador para futuras colabora\u00e7\u00f5es, discuss\u00f5es e avan\u00e7os na busca pelo entendimento e solu\u00e7\u00e3o de desafios complexos.<\/span><br \/><span style=\"color: #000000\">O Museu agradece \u00e0 todos os colaboradores e \u00e0s institui\u00e7\u00f5es parceiras que tornaram possivel constituir este rico conjunto de publica\u00e7\u00f5es. O Museu continua comprometido em explorar novas fronteiras e espera contribuir ainda mais para o enriquecimento do di\u00e1logo acad\u00e9mico e cient\u00edfico.<\/span><\/p>\t\t\t\t\t\t\t\t<\/div>\n\t\t\t\t\t<\/div>\n\t\t\t\t<\/div>\n\t\t\t\t<\/div>\n\t\t","protected":false},"excerpt":{"rendered":"<p>Publica\u00e7\u00f5es \u00c9 com grande satisfa\u00e7\u00e3o que apresentamos a lista de publica\u00e7\u00f5es cient\u00edficas do Museu de Hist\u00f3ria Natural. Esta compila\u00e7\u00e3o reflete [&hellip;]<\/p>\n","protected":false},"author":1,"featured_media":0,"parent":0,"menu_order":0,"comment_status":"closed","ping_status":"closed","template":"","meta":{"site-sidebar-layout":"no-sidebar","site-content-layout":"","ast-site-content-layout":"full-width-container","site-content-style":"default","site-sidebar-style":"default","ast-global-header-display":"","ast-banner-title-visibility":"","ast-main-header-display":"","ast-hfb-above-header-display":"","ast-hfb-below-header-display":"","ast-hfb-mobile-header-display":"","site-post-title":"disabled","ast-breadcrumbs-content":"","ast-featured-img":"","footer-sml-layout":"","ast-disable-related-posts":"","theme-transparent-header-meta":"default","adv-header-id-meta":"","stick-header-meta":"","header-above-stick-meta":"","header-main-stick-meta":"","header-below-stick-meta":"","astra-migrate-meta-layouts":"set","ast-page-background-enabled":"default","ast-page-background-meta":{"desktop":{"background-color":"var(--ast-global-color-5)","background-image":"","background-repeat":"repeat","background-position":"center center","background-size":"auto","background-attachment":"scroll","background-type":"","background-media":"","overlay-type":"","overlay-color":"","overlay-opacity":"","overlay-gradient":""},"tablet":{"background-color":"","background-image":"","background-repeat":"repeat","background-position":"center center","background-size":"auto","background-attachment":"scroll","background-type":"","background-media":"","overlay-type":"","overlay-color":"","overlay-opacity":"","overlay-gradient":""},"mobile":{"background-color":"","background-image":"","background-repeat":"repeat","background-position":"center center","background-size":"auto","background-attachment":"scroll","background-type":"","background-media":"","overlay-type":"","overlay-color":"","overlay-opacity":"","overlay-gradient":""}},"ast-content-background-meta":{"desktop":{"background-color":"var(--ast-global-color-4)","background-image":"","background-repeat":"repeat","background-position":"center center","background-size":"auto","background-attachment":"scroll","background-type":"","background-media":"","overlay-type":"","overlay-color":"","overlay-opacity":"","overlay-gradient":""},"tablet":{"background-color":"var(--ast-global-color-4)","background-image":"","background-repeat":"repeat","background-position":"center center","background-size":"auto","background-attachment":"scroll","background-type":"","background-media":"","overlay-type":"","overlay-color":"","overlay-opacity":"","overlay-gradient":""},"mobile":{"background-color":"var(--ast-global-color-4)","background-image":"","background-repeat":"repeat","background-position":"center center","background-size":"auto","background-attachment":"scroll","background-type":"","background-media":"","overlay-type":"","overlay-color":"","overlay-opacity":"","overlay-gradient":""}},"footnotes":""},"class_list":["post-687","page","type-page","status-publish","hentry"],"_links":{"self":[{"href":"https:\/\/mhnm.uem.mz\/index.php\/wp-json\/wp\/v2\/pages\/687","targetHints":{"allow":["GET"]}}],"collection":[{"href":"https:\/\/mhnm.uem.mz\/index.php\/wp-json\/wp\/v2\/pages"}],"about":[{"href":"https:\/\/mhnm.uem.mz\/index.php\/wp-json\/wp\/v2\/types\/page"}],"author":[{"embeddable":true,"href":"https:\/\/mhnm.uem.mz\/index.php\/wp-json\/wp\/v2\/users\/1"}],"replies":[{"embeddable":true,"href":"https:\/\/mhnm.uem.mz\/index.php\/wp-json\/wp\/v2\/comments?post=687"}],"version-history":[{"count":0,"href":"https:\/\/mhnm.uem.mz\/index.php\/wp-json\/wp\/v2\/pages\/687\/revisions"}],"wp:attachment":[{"href":"https:\/\/mhnm.uem.mz\/index.php\/wp-json\/wp\/v2\/media?parent=687"}],"curies":[{"name":"wp","href":"https:\/\/api.w.org\/{rel}","templated":true}]}}