{"id":700,"date":"2025-09-11T12:01:45","date_gmt":"2025-09-11T12:01:45","guid":{"rendered":"https:\/\/mhnm.ghost.uem.mz\/?page_id=700"},"modified":"2025-09-11T12:01:45","modified_gmt":"2025-09-11T12:01:45","slug":"biobanco","status":"publish","type":"page","link":"https:\/\/mhnm.uem.mz\/index.php\/biobanco\/","title":{"rendered":"BioBanco"},"content":{"rendered":"\t\t<div data-elementor-type=\"wp-page\" data-elementor-id=\"700\" class=\"elementor elementor-700\">\n\t\t\t\t<div class=\"elementor-element elementor-element-813a50f e-flex e-con-boxed e-con e-parent\" data-id=\"813a50f\" data-element_type=\"container\" data-e-type=\"container\">\n\t\t\t\t\t<div class=\"e-con-inner\">\n\t\t\t\t<div class=\"elementor-element elementor-element-657c14d elementor-widget elementor-widget-heading\" data-id=\"657c14d\" data-element_type=\"widget\" data-e-type=\"widget\" data-widget_type=\"heading.default\">\n\t\t\t\t\t<h2 class=\"elementor-heading-title elementor-size-default\">Biobanco<\/h2>\t\t\t\t<\/div>\n\t\t\t\t<div class=\"elementor-element elementor-element-bb13e15 elementor-widget elementor-widget-text-editor\" data-id=\"bb13e15\" data-element_type=\"widget\" data-e-type=\"widget\" data-widget_type=\"text-editor.default\">\n\t\t\t\t\t\t\t\t\t<p>Biobanco ou Biobank \u00e9 uma instala\u00e7\u00e3o (edif\u00edcio) que armazena e ger\u00eancia amostras biol\u00f3gicas, humanas ou de outros organismos para fins de pesquisa cient\u00edficas . Essas amostras podem incluir sangue, tecidos, c\u00e9lulas, DNA, RNA, e outros materiais biol\u00f3gicos relevantes.<\/p><p>O principal objectivo principal de um Biobanco \u00e9 conservar , processar, armazenar, e distribuir essas amostras colectadas.\u00a0 e para pesquisadores que est\u00e3o conduzido estudos em uma variedade de campos como gen\u00e9tica, medicina, epidemiologia e biologia molecular.<\/p><p>O Museu de Hist\u00f3ria Natural, desenvolve as seguintes actividades:<\/p><ul><li>Gerir equipamento do laborat\u00f3rio;<\/li><li>\u00a0Gerir a manipula\u00e7\u00e3o e conserva\u00e7\u00e3o adequada das amostras;<\/li><li>Manter a Base de dados de cole\u00e7\u00f5es do grupo de fauna;<\/li><li>Executar t\u00e9cnicas de extra\u00e7\u00e3o e PCR ( insectos, peixes, fezes de B\u00fafalo, Tubar\u00f5es e Raias);<\/li><li>\u00a0Gerir actividades do Biobanco;<\/li><li>\u00a0Coordenar envio para locais de sequenciamento e receber resultados;<\/li><li>\u00a0\u00a0Fazer invent\u00e1rio de Laboratorio e garantir seu bom estado.<\/li><\/ul><p>As amostras s\u00e3o\u00a0 armazenadas em condi\u00e7\u00f5es controladas,\u00a0 a temperaturas muito baixas, para preservar sua integridade e viabilidade ao longo do tempo. O Biobanco do MHN n\u00e3o apenas gerencia as amostras f\u00edsicas, mas tamb\u00e9m coleta e gerencia informa\u00e7\u00f5es associadas, como dados como a sequencias\u00a0 gen\u00e9ticas e informa\u00e7\u00e3o sobre a origem das amostras.<\/p><p>As amostras armazenadas podem ser fornecidas as para pesquisadores que solicitam acesso para estudos espec\u00edficos. Esse processo \u00e9 geralmente regulamentado para garantir que as amostras sejam utilizadas de maneira \u00e9tica e legal.<\/p><p>No contexto da contribui\u00e7\u00e3o para a pesquisa, o biobanco desempenha um papel crucial na acelera\u00e7\u00e3o da pesquisa\u00a0 fornecendo o acesso a uma grande variedade de amostras que podem ser fundamentais para entender a distribui\u00e7\u00e3o das esp\u00e9cies e a analise da diversidade gen\u00e9tica. Esses recursos s\u00e3o valiosos para a comunidade cient\u00edfica, permitido o estudo em larga escala e a identifi\u00e7\u00e3o de biomarcadores, factores gen\u00e9ticos e outros aspectos relevantes para avan\u00e7os na medicina e na pesquisa biom\u00e9trica. No entanto, \u00e9 importante garantir que o uso das amostras sejam conduzidos com respeito aos princ\u00edpios \u00e9ticos e \u00e0 privacidade dos doadores.<\/p>\t\t\t\t\t\t\t\t<\/div>\n\t\t\t\t\t<\/div>\n\t\t\t\t<\/div>\n\t\t\t\t<\/div>\n\t\t","protected":false},"excerpt":{"rendered":"<p>Biobanco Biobanco ou Biobank \u00e9 uma instala\u00e7\u00e3o (edif\u00edcio) que armazena e ger\u00eancia amostras biol\u00f3gicas, humanas ou de outros organismos para [&hellip;]<\/p>\n","protected":false},"author":1,"featured_media":0,"parent":0,"menu_order":0,"comment_status":"closed","ping_status":"closed","template":"","meta":{"site-sidebar-layout":"no-sidebar","site-content-layout":"","ast-site-content-layout":"full-width-container","site-content-style":"default","site-sidebar-style":"default","ast-global-header-display":"","ast-banner-title-visibility":"","ast-main-header-display":"","ast-hfb-above-header-display":"","ast-hfb-below-header-display":"","ast-hfb-mobile-header-display":"","site-post-title":"disabled","ast-breadcrumbs-content":"","ast-featured-img":"","footer-sml-layout":"","ast-disable-related-posts":"","theme-transparent-header-meta":"default","adv-header-id-meta":"","stick-header-meta":"","header-above-stick-meta":"","header-main-stick-meta":"","header-below-stick-meta":"","astra-migrate-meta-layouts":"set","ast-page-background-enabled":"default","ast-page-background-meta":{"desktop":{"background-color":"var(--ast-global-color-5)","background-image":"","background-repeat":"repeat","background-position":"center center","background-size":"auto","background-attachment":"scroll","background-type":"","background-media":"","overlay-type":"","overlay-color":"","overlay-opacity":"","overlay-gradient":""},"tablet":{"background-color":"","background-image":"","background-repeat":"repeat","background-position":"center center","background-size":"auto","background-attachment":"scroll","background-type":"","background-media":"","overlay-type":"","overlay-color":"","overlay-opacity":"","overlay-gradient":""},"mobile":{"background-color":"","background-image":"","background-repeat":"repeat","background-position":"center center","background-size":"auto","background-attachment":"scroll","background-type":"","background-media":"","overlay-type":"","overlay-color":"","overlay-opacity":"","overlay-gradient":""}},"ast-content-background-meta":{"desktop":{"background-color":"var(--ast-global-color-4)","background-image":"","background-repeat":"repeat","background-position":"center center","background-size":"auto","background-attachment":"scroll","background-type":"","background-media":"","overlay-type":"","overlay-color":"","overlay-opacity":"","overlay-gradient":""},"tablet":{"background-color":"var(--ast-global-color-4)","background-image":"","background-repeat":"repeat","background-position":"center center","background-size":"auto","background-attachment":"scroll","background-type":"","background-media":"","overlay-type":"","overlay-color":"","overlay-opacity":"","overlay-gradient":""},"mobile":{"background-color":"var(--ast-global-color-4)","background-image":"","background-repeat":"repeat","background-position":"center center","background-size":"auto","background-attachment":"scroll","background-type":"","background-media":"","overlay-type":"","overlay-color":"","overlay-opacity":"","overlay-gradient":""}},"footnotes":""},"class_list":["post-700","page","type-page","status-publish","hentry"],"_links":{"self":[{"href":"https:\/\/mhnm.uem.mz\/index.php\/wp-json\/wp\/v2\/pages\/700","targetHints":{"allow":["GET"]}}],"collection":[{"href":"https:\/\/mhnm.uem.mz\/index.php\/wp-json\/wp\/v2\/pages"}],"about":[{"href":"https:\/\/mhnm.uem.mz\/index.php\/wp-json\/wp\/v2\/types\/page"}],"author":[{"embeddable":true,"href":"https:\/\/mhnm.uem.mz\/index.php\/wp-json\/wp\/v2\/users\/1"}],"replies":[{"embeddable":true,"href":"https:\/\/mhnm.uem.mz\/index.php\/wp-json\/wp\/v2\/comments?post=700"}],"version-history":[{"count":0,"href":"https:\/\/mhnm.uem.mz\/index.php\/wp-json\/wp\/v2\/pages\/700\/revisions"}],"wp:attachment":[{"href":"https:\/\/mhnm.uem.mz\/index.php\/wp-json\/wp\/v2\/media?parent=700"}],"curies":[{"name":"wp","href":"https:\/\/api.w.org\/{rel}","templated":true}]}}