{"id":701,"date":"2025-09-11T12:01:45","date_gmt":"2025-09-11T12:01:45","guid":{"rendered":"https:\/\/mhnm.ghost.uem.mz\/?page_id=701"},"modified":"2025-09-11T12:01:45","modified_gmt":"2025-09-11T12:01:45","slug":"biblioteca","status":"publish","type":"page","link":"https:\/\/mhnm.uem.mz\/index.php\/biblioteca\/","title":{"rendered":"Biblioteca"},"content":{"rendered":"\t\t<div data-elementor-type=\"wp-page\" data-elementor-id=\"701\" class=\"elementor elementor-701\">\n\t\t\t\t<div class=\"elementor-element elementor-element-059a405 e-flex e-con-boxed e-con e-parent\" data-id=\"059a405\" data-element_type=\"container\" data-e-type=\"container\">\n\t\t\t\t\t<div class=\"e-con-inner\">\n\t\t\t\t<div class=\"elementor-element elementor-element-2ee790b elementor-widget elementor-widget-heading\" data-id=\"2ee790b\" data-element_type=\"widget\" data-e-type=\"widget\" data-widget_type=\"heading.default\">\n\t\t\t\t\t<h2 class=\"elementor-heading-title elementor-size-default\">Biblioteca do Museu de Hist\u00f3ria Natural<\/h2>\t\t\t\t<\/div>\n\t\t\t\t<div class=\"elementor-element elementor-element-cfca4ba elementor-widget elementor-widget-text-editor\" data-id=\"cfca4ba\" data-element_type=\"widget\" data-e-type=\"widget\" data-widget_type=\"text-editor.default\">\n\t\t\t\t\t\t\t\t\t<div class=\"elementor-element elementor-element-510d9e1 elementor-widget elementor-widget-text-editor\" data-id=\"510d9e1\" data-element_type=\"widget\" data-widget_type=\"text-editor.default\"><div class=\"elementor-widget-container\"><p><span style=\"color: #000000\">A Biblioteca \u00e9 uma institui\u00e7\u00e3o ou local que abriga uma cole\u00e7\u00e3o de recursos informativos, como livros, peri\u00f3dicos, documentos, entre outros. O principal objetivo de uma biblioteca \u00e9 fornecer recursos para fins educacionais, informativos, de pesquisa e de Lazer.Bibliotecas podem existir em diversas formas, tamanhos e tipos, desde pequenas bibliotecas locais at\u00e9 grandes bibliotecas Acad\u00e9micas ou nacionais.<\/span><br \/><span style=\"color: #000000\">A principal fun\u00e7\u00e3o de uma biblioteca \u00e9 facilitar o acesso ao conhecimento e \u00e0 informa\u00e7\u00e3o. Isso \u00e9 feito por meio de servi\u00e7os.<\/span><\/p><\/div><\/div><div class=\"elementor-element elementor-element-19bfd18 elementor-widget elementor-widget-heading\" data-id=\"19bfd18\" data-element_type=\"widget\" data-widget_type=\"heading.default\"><div class=\"elementor-widget-container\"><h4 class=\"elementor-heading-title elementor-size-default\"><span style=\"color: #22702d\">Servi\u00e7os oferecidos pela Biblioteca:<\/span><\/h4><\/div><\/div><div class=\"elementor-element elementor-element-6afa0c4 elementor-icon-list--layout-traditional elementor-list-item-link-full_width elementor-widget elementor-widget-icon-list\" data-id=\"6afa0c4\" data-element_type=\"widget\" data-widget_type=\"icon-list.default\"><div class=\"elementor-widget-container\"><ul class=\"elementor-icon-list-items\"><li class=\"elementor-icon-list-item\"><span class=\"elementor-icon-list-text\" style=\"color: #000000\">Cataloga\u00e7\u00e3o<\/span><\/li><li class=\"elementor-icon-list-item\"><span class=\"elementor-icon-list-text\" style=\"color: #000000\">Classifica\u00e7\u00e3o de material bibliogr\u00e1fico<\/span><\/li><li class=\"elementor-icon-list-item\"><span class=\"elementor-icon-list-text\" style=\"color: #000000\">Consulta ao acervo<\/span><\/li><li class=\"elementor-icon-list-item\"><span class=\"elementor-icon-list-text\" style=\"color: #000000\">Empr\u00e9stimos especiais<\/span><\/li><li class=\"elementor-icon-list-item\"><span class=\"elementor-icon-list-text\" style=\"color: #000000\">Indexa\u00e7\u00e3o<\/span><\/li><li class=\"elementor-icon-list-item\"><span class=\"elementor-icon-list-text\" style=\"color: #000000\">Orienta\u00e7\u00f5es de pesquisa, Consulta \u00e0 base de dados<\/span><\/li><li class=\"elementor-icon-list-item\"><span class=\"elementor-icon-list-text\" style=\"color: #000000\">Visitas orientadas<\/span><\/li><\/ul><\/div><\/div>\t\t\t\t\t\t\t\t<\/div>\n\t\t\t\t\t<\/div>\n\t\t\t\t<\/div>\n\t\t\t\t<\/div>\n\t\t","protected":false},"excerpt":{"rendered":"<p>Biblioteca do Museu de Hist\u00f3ria Natural A Biblioteca \u00e9 uma institui\u00e7\u00e3o ou local que abriga uma cole\u00e7\u00e3o de recursos informativos, [&hellip;]<\/p>\n","protected":false},"author":1,"featured_media":0,"parent":0,"menu_order":0,"comment_status":"closed","ping_status":"closed","template":"","meta":{"site-sidebar-layout":"no-sidebar","site-content-layout":"","ast-site-content-layout":"full-width-container","site-content-style":"default","site-sidebar-style":"default","ast-global-header-display":"","ast-banner-title-visibility":"","ast-main-header-display":"","ast-hfb-above-header-display":"","ast-hfb-below-header-display":"","ast-hfb-mobile-header-display":"","site-post-title":"disabled","ast-breadcrumbs-content":"","ast-featured-img":"","footer-sml-layout":"","ast-disable-related-posts":"","theme-transparent-header-meta":"default","adv-header-id-meta":"","stick-header-meta":"","header-above-stick-meta":"","header-main-stick-meta":"","header-below-stick-meta":"","astra-migrate-meta-layouts":"set","ast-page-background-enabled":"default","ast-page-background-meta":{"desktop":{"background-color":"var(--ast-global-color-5)","background-image":"","background-repeat":"repeat","background-position":"center center","background-size":"auto","background-attachment":"scroll","background-type":"","background-media":"","overlay-type":"","overlay-color":"","overlay-opacity":"","overlay-gradient":""},"tablet":{"background-color":"","background-image":"","background-repeat":"repeat","background-position":"center center","background-size":"auto","background-attachment":"scroll","background-type":"","background-media":"","overlay-type":"","overlay-color":"","overlay-opacity":"","overlay-gradient":""},"mobile":{"background-color":"","background-image":"","background-repeat":"repeat","background-position":"center center","background-size":"auto","background-attachment":"scroll","background-type":"","background-media":"","overlay-type":"","overlay-color":"","overlay-opacity":"","overlay-gradient":""}},"ast-content-background-meta":{"desktop":{"background-color":"var(--ast-global-color-4)","background-image":"","background-repeat":"repeat","background-position":"center center","background-size":"auto","background-attachment":"scroll","background-type":"","background-media":"","overlay-type":"","overlay-color":"","overlay-opacity":"","overlay-gradient":""},"tablet":{"background-color":"var(--ast-global-color-4)","background-image":"","background-repeat":"repeat","background-position":"center center","background-size":"auto","background-attachment":"scroll","background-type":"","background-media":"","overlay-type":"","overlay-color":"","overlay-opacity":"","overlay-gradient":""},"mobile":{"background-color":"var(--ast-global-color-4)","background-image":"","background-repeat":"repeat","background-position":"center center","background-size":"auto","background-attachment":"scroll","background-type":"","background-media":"","overlay-type":"","overlay-color":"","overlay-opacity":"","overlay-gradient":""}},"footnotes":""},"class_list":["post-701","page","type-page","status-publish","hentry"],"_links":{"self":[{"href":"https:\/\/mhnm.uem.mz\/index.php\/wp-json\/wp\/v2\/pages\/701","targetHints":{"allow":["GET"]}}],"collection":[{"href":"https:\/\/mhnm.uem.mz\/index.php\/wp-json\/wp\/v2\/pages"}],"about":[{"href":"https:\/\/mhnm.uem.mz\/index.php\/wp-json\/wp\/v2\/types\/page"}],"author":[{"embeddable":true,"href":"https:\/\/mhnm.uem.mz\/index.php\/wp-json\/wp\/v2\/users\/1"}],"replies":[{"embeddable":true,"href":"https:\/\/mhnm.uem.mz\/index.php\/wp-json\/wp\/v2\/comments?post=701"}],"version-history":[{"count":0,"href":"https:\/\/mhnm.uem.mz\/index.php\/wp-json\/wp\/v2\/pages\/701\/revisions"}],"wp:attachment":[{"href":"https:\/\/mhnm.uem.mz\/index.php\/wp-json\/wp\/v2\/media?parent=701"}],"curies":[{"name":"wp","href":"https:\/\/api.w.org\/{rel}","templated":true}]}}