{"id":703,"date":"2025-09-11T12:01:45","date_gmt":"2025-09-11T12:01:45","guid":{"rendered":"https:\/\/mhnm.ghost.uem.mz\/?page_id=703"},"modified":"2025-09-11T12:01:45","modified_gmt":"2025-09-11T12:01:45","slug":"taxidermy","status":"publish","type":"page","link":"https:\/\/mhnm.uem.mz\/index.php\/taxidermy\/","title":{"rendered":"Taxidermy"},"content":{"rendered":"\t\t<div data-elementor-type=\"wp-page\" data-elementor-id=\"703\" class=\"elementor elementor-703\">\n\t\t\t\t<div class=\"elementor-element elementor-element-7d9994a e-flex e-con-boxed e-con e-parent\" data-id=\"7d9994a\" data-element_type=\"container\" data-e-type=\"container\">\n\t\t\t\t\t<div class=\"e-con-inner\">\n\t\t\t\t<div class=\"elementor-element elementor-element-350956a elementor-widget elementor-widget-heading\" data-id=\"350956a\" data-element_type=\"widget\" data-e-type=\"widget\" data-widget_type=\"heading.default\">\n\t\t\t\t\t<h2 class=\"elementor-heading-title elementor-size-default\">Taxidermia<\/h2>\t\t\t\t<\/div>\n\t\t\t\t<div class=\"elementor-element elementor-element-ef50f53 elementor-widget elementor-widget-text-editor\" data-id=\"ef50f53\" data-element_type=\"widget\" data-e-type=\"widget\" data-widget_type=\"text-editor.default\">\n\t\t\t\t\t\t\t\t\t<p>Taxidermia \u00e9 a arte ou t\u00e9cnica de preservar animais mortos para exibi\u00e7\u00e3o ou estudo. \u00c9 o processo de preparar a pele de um animal e mont\u00e1-lo em uma forma tridimensional para criar uma apresenta\u00e7\u00e3o realista do animal.<br \/>O processo de Taxidermia envolve v\u00e1rias etapas, incluindo a remo\u00e7\u00e3o da pele do animal, limpeza e preserva\u00e7\u00e3o dessa pele, cria\u00e7\u00e3o de uma estrutura interna (chamada de manequim) para dar forma ao corpo do animal e finalmente a montagem da pele sobre essa estrutura. .Al\u00e9m disso, os olhos frequentemente s\u00e3o substitu\u00eddos por olhos de vidro para dar uma apar\u00eancia mais natural.<br \/>Esta arte \u00e9 usada em Museus para exibir esp\u00e9cimes de animais para fins educacionais e cient\u00edficos. Tamb\u00e9m \u00e9 utilizada em ambientes de ca\u00e7a e pesca para criar trof\u00e9us de animais ca\u00e7ados.<\/p>\t\t\t\t\t\t\t\t<\/div>\n\t\t\t\t\t<\/div>\n\t\t\t\t<\/div>\n\t\t<div class=\"elementor-element elementor-element-2c09aa2 e-flex e-con-boxed e-con e-parent\" data-id=\"2c09aa2\" data-element_type=\"container\" data-e-type=\"container\">\n\t\t\t\t\t<div class=\"e-con-inner\">\n\t\t\t\t<div class=\"elementor-element elementor-element-02994e8 elementor-widget elementor-widget-text-editor\" data-id=\"02994e8\" data-element_type=\"widget\" data-e-type=\"widget\" data-widget_type=\"text-editor.default\">\n\t\t\t\t\t\t\t\t\t<div class=\"elementor-element elementor-element-3fd367b e-flex e-con-boxed e-con e-parent e-lazyloaded\" data-id=\"3fd367b\" data-element_type=\"container\">\n<div class=\"e-con-inner\">\n<div class=\"elementor-element elementor-element-3c914fd elementor-widget elementor-widget-heading\" data-id=\"3c914fd\" data-element_type=\"widget\" data-widget_type=\"heading.default\">\n<div class=\"elementor-widget-container\">\n<h2 class=\"elementor-heading-title elementor-size-default\"><span style=\"color: #22702D\">Principais actividades<\/span><\/h2>\n<\/div>\n<\/div>\n<div class=\"elementor-element elementor-element-19cb62a elementor-icon-list--layout-traditional elementor-list-item-link-full_width elementor-widget elementor-widget-icon-list\" data-id=\"19cb62a\" data-element_type=\"widget\" data-widget_type=\"icon-list.default\">\n<div class=\"elementor-widget-container\">\n<ul class=\"elementor-icon-list-items\">\n \t<li class=\"elementor-icon-list-item\"><span class=\"elementor-icon-list-text\" style=\"color: #000000\">Manuten\u00e7\u00e3o de esp\u00e9cimes e diversos<\/span><\/li>\n \t<li class=\"elementor-icon-list-item\"><span class=\"elementor-icon-list-text\" style=\"color: #000000\">Montagem de animais em taxidermia<\/span><\/li>\n<\/ul>\n<\/div>\n<\/div>\n<\/div>\n<\/div>\n<div class=\"elementor-element elementor-element-620179b e-flex e-con-boxed e-con e-parent e-lazyloaded\" data-id=\"620179b\" data-element_type=\"container\">\n<div class=\"e-con-inner\">\n<div class=\"elementor-element elementor-element-11d76f5 elementor-widget elementor-widget-heading\" data-id=\"11d76f5\" data-element_type=\"widget\" data-widget_type=\"heading.default\">\n<div class=\"elementor-widget-container\">\n<h2 class=\"elementor-heading-title elementor-size-default\"><span style=\"color: #22702D\">Pre\u00e7os para Montagem de Animais em Taxidermia e Manuten\u00e7\u00e3o de Esp\u00e9cimes<\/span><\/h2>\n<\/div>\n<\/div>\n<div class=\"elementor-element elementor-element-30f01fa elementor-widget elementor-widget-text-editor\" data-id=\"30f01fa\" data-element_type=\"widget\" data-widget_type=\"text-editor.default\">\n<div class=\"elementor-widget-container\">\n\n<span style=\"color: #000000\">Mam\u00edferos\u00a0<\/span>\n\n<\/div>\n<\/div>\n<div class=\"elementor-element elementor-element-d37b5f8 eael-table-align-center eael-dt-th-align-left elementor-widget elementor-widget-eael-data-table\" data-id=\"d37b5f8\" data-element_type=\"widget\" data-widget_type=\"eael-data-table.default\">\n<div class=\"elementor-widget-container\">\n<div id=\"eael-data-table-wrapper-d37b5f8\" class=\"eael-data-table-wrap\" data-table_id=\"d37b5f8\" data-custom_responsive=\"false\">\n<table id=\"eael-data-table-d37b5f8\" class=\"tablesorter eael-data-table center\">\n<thead>\n<tr class=\"table-header\">\n<th id=\"\" class=\"\" colspan=\"\"><span class=\"data-table-header-text\" style=\"color: #000000\">No.<\/span><\/th>\n<th id=\"\" class=\"\" colspan=\"\"><span class=\"data-table-header-text\" style=\"color: #000000\">Designa\u00e7\u00e3o<\/span><\/th>\n<th id=\"\" class=\"\" colspan=\"\"><span class=\"data-table-header-text\" style=\"color: #000000\">Pre\u00e7o<\/span><\/th>\n<\/tr>\n<\/thead>\n<tbody>\n<tr>\n<td id=\"\" class=\"\" colspan=\"\" rowspan=\"\">\n<div class=\"td-content-wrapper\">\n<div class=\"td-content\"><span style=\"color: #000000\">01<\/span><\/div>\n<\/div><\/td>\n<td id=\"\" class=\"\" colspan=\"\" rowspan=\"\">\n<div class=\"td-content-wrapper\">\n<div class=\"td-content\"><span style=\"color: #000000\">Cabe\u00e7a de B\u00fafalo<\/span><\/div>\n<\/div><\/td>\n<td id=\"\" class=\"\" colspan=\"\" rowspan=\"\">\n<div class=\"td-content-wrapper\">\n<div class=\"td-content\"><span style=\"color: #000000\">25.000.00 MTS<\/span><\/div>\n<\/div><\/td>\n<\/tr>\n<tr>\n<td id=\"\" class=\"\" colspan=\"\" rowspan=\"\">\n<div class=\"td-content-wrapper\">\n<div class=\"td-content\"><span style=\"color: #000000\">02<\/span><\/div>\n<\/div><\/td>\n<td id=\"\" class=\"\" colspan=\"\" rowspan=\"\">\n<div class=\"td-content-wrapper\">\n<div class=\"td-content\"><span style=\"color: #000000\">Cabe\u00e7a de Ant\u00edlope<\/span><\/div>\n<\/div><\/td>\n<td id=\"\" class=\"\" colspan=\"\" rowspan=\"\">\n<div class=\"td-content-wrapper\">\n<div class=\"td-content\"><span style=\"color: #000000\">20.000.00 MTS<\/span><\/div>\n<\/div><\/td>\n<\/tr>\n<tr>\n<td id=\"\" class=\"\" colspan=\"\" rowspan=\"\">\n<div class=\"td-content-wrapper\">\n<div class=\"td-content\"><span style=\"color: #000000\">03<\/span><\/div>\n<\/div><\/td>\n<td id=\"\" class=\"\" colspan=\"\" rowspan=\"\">\n<div class=\"td-content-wrapper\">\n<div class=\"td-content\"><span style=\"color: #000000\">Le\u00e3o Inteiro<\/span><\/div>\n<\/div><\/td>\n<td id=\"\" class=\"\" colspan=\"\" rowspan=\"\">\n<div class=\"td-content-wrapper\">\n<div class=\"td-content\"><span style=\"color: #000000\">55.000.00 MTS<\/span><\/div>\n<\/div><\/td>\n<\/tr>\n<tr>\n<td id=\"\" class=\"\" colspan=\"\" rowspan=\"\">\n<div class=\"td-content-wrapper\">\n<div class=\"td-content\"><span style=\"color: #000000\">04<\/span><\/div>\n<\/div><\/td>\n<td id=\"\" class=\"\" colspan=\"\" rowspan=\"\">\n<div class=\"td-content-wrapper\">\n<div class=\"td-content\"><span style=\"color: #000000\">Leopardo Inteiro<\/span><\/div>\n<\/div><\/td>\n<td id=\"\" class=\"\" colspan=\"\" rowspan=\"\">\n<div class=\"td-content-wrapper\">\n<div class=\"td-content\"><span style=\"color: #000000\">52.000.00 MTS<\/span><\/div>\n<\/div><\/td>\n<\/tr>\n<tr>\n<td id=\"\" class=\"\" colspan=\"\" rowspan=\"\">\n<div class=\"td-content-wrapper\">\n<div class=\"td-content\"><span style=\"color: #000000\">05<\/span><\/div>\n<\/div><\/td>\n<td id=\"\" class=\"\" colspan=\"\" rowspan=\"\">\n<div class=\"td-content-wrapper\">\n<div class=\"td-content\"><span style=\"color: #000000\">Coelho Montado Inteiro<\/span><\/div>\n<\/div><\/td>\n<td id=\"\" class=\"\" colspan=\"\" rowspan=\"\">\n<div class=\"td-content-wrapper\">\n<div class=\"td-content\"><span style=\"color: #000000\">11.000.00 MTS<\/span><\/div>\n<\/div><\/td>\n<\/tr>\n<tr>\n<td id=\"\" class=\"\" colspan=\"\" rowspan=\"\">\n<div class=\"td-content-wrapper\">\n<div class=\"td-content\"><span style=\"color: #000000\">06<\/span><\/div>\n<\/div><\/td>\n<td id=\"\" class=\"\" colspan=\"\" rowspan=\"\">\n<div class=\"td-content-wrapper\">\n<div class=\"td-content\"><span style=\"color: #000000\">Gato Inteiro<\/span><\/div>\n<\/div><\/td>\n<td id=\"\" class=\"\" colspan=\"\" rowspan=\"\">\n<div class=\"td-content-wrapper\">\n<div class=\"td-content\"><span style=\"color: #000000\">11.000.00 MTS<\/span><\/div>\n<\/div><\/td>\n<\/tr>\n<\/tbody>\n<\/table>\n<\/div>\n<\/div>\n<\/div>\n<div class=\"elementor-element elementor-element-27b5a3c elementor-widget elementor-widget-text-editor\" data-id=\"27b5a3c\" data-element_type=\"widget\" data-widget_type=\"text-editor.default\">\n<div class=\"elementor-widget-container\">\n\n<span style=\"color: #000000\">Peixes\u00a0<\/span>\n\n<\/div>\n<\/div>\n<div class=\"elementor-element elementor-element-fcaa9d0 eael-table-align-center eael-dt-th-align-left elementor-widget elementor-widget-eael-data-table\" data-id=\"fcaa9d0\" data-element_type=\"widget\" data-widget_type=\"eael-data-table.default\">\n<div class=\"elementor-widget-container\">\n<div id=\"eael-data-table-wrapper-fcaa9d0\" class=\"eael-data-table-wrap\" data-table_id=\"fcaa9d0\" data-custom_responsive=\"false\">\n<table id=\"eael-data-table-fcaa9d0\" class=\"tablesorter eael-data-table center\">\n<thead>\n<tr class=\"table-header\">\n<th id=\"\" class=\"\" colspan=\"\"><span class=\"data-table-header-text\" style=\"color: #000000\">No.<\/span><\/th>\n<th id=\"\" class=\"\" colspan=\"\"><span class=\"data-table-header-text\" style=\"color: #000000\">Designa\u00e7\u00e3o<\/span><\/th>\n<th id=\"\" class=\"\" colspan=\"\"><span class=\"data-table-header-text\" style=\"color: #000000\">Pre\u00e7o<\/span><\/th>\n<\/tr>\n<\/thead>\n<tbody>\n<tr>\n<td id=\"\" class=\"\" colspan=\"\" rowspan=\"\">\n<div class=\"td-content-wrapper\">\n<div class=\"td-content\"><span style=\"color: #000000\">07<\/span><\/div>\n<\/div><\/td>\n<td id=\"\" class=\"\" colspan=\"\" rowspan=\"\">\n<div class=\"td-content-wrapper\">\n<div class=\"td-content\"><span style=\"color: #000000\">Valeiro \u2013 Grande Porte<\/span><\/div>\n<\/div><\/td>\n<td id=\"\" class=\"\" colspan=\"\" rowspan=\"\">\n<div class=\"td-content-wrapper\">\n<div class=\"td-content\"><span style=\"color: #000000\">20.000.00 MTS<\/span><\/div>\n<\/div><\/td>\n<\/tr>\n<tr>\n<td id=\"\" class=\"\" colspan=\"\" rowspan=\"\">\n<div class=\"td-content-wrapper\">\n<div class=\"td-content\"><span style=\"color: #000000\">08<\/span><\/div>\n<\/div><\/td>\n<td id=\"\" class=\"\" colspan=\"\" rowspan=\"\">\n<div class=\"td-content-wrapper\">\n<div class=\"td-content\"><span style=\"color: #000000\">Valeiro \u2013 Pequeno Porte<\/span><\/div>\n<\/div><\/td>\n<td id=\"\" class=\"\" colspan=\"\" rowspan=\"\">\n<div class=\"td-content-wrapper\">\n<div class=\"td-content\"><span style=\"color: #000000\">15.000.00 MTS<\/span><\/div>\n<\/div><\/td>\n<\/tr>\n<tr>\n<td id=\"\" class=\"\" colspan=\"\" rowspan=\"\">\n<div class=\"td-content-wrapper\">\n<div class=\"td-content\"><span style=\"color: #000000\">09<\/span><\/div>\n<\/div><\/td>\n<td id=\"\" class=\"\" colspan=\"\" rowspan=\"\">\n<div class=\"td-content-wrapper\">\n<div class=\"td-content\"><span style=\"color: #000000\">Cabe\u00e7a de Valeiro \u2013 Grande Porte<\/span><\/div>\n<\/div><\/td>\n<td id=\"\" class=\"\" colspan=\"\" rowspan=\"\">\n<div class=\"td-content-wrapper\">\n<div class=\"td-content\"><span style=\"color: #000000\">12.000.00 MTS<\/span><\/div>\n<\/div><\/td>\n<\/tr>\n<tr>\n<td id=\"\" class=\"\" colspan=\"\" rowspan=\"\">\n<div class=\"td-content-wrapper\">\n<div class=\"td-content\"><span style=\"color: #000000\">10<\/span><\/div>\n<\/div><\/td>\n<td id=\"\" class=\"\" colspan=\"\" rowspan=\"\">\n<div class=\"td-content-wrapper\">\n<div class=\"td-content\"><span style=\"color: #000000\">Cabe\u00e7a de Valeiro \u2013 Pequeno Porte<\/span><\/div>\n<\/div><\/td>\n<td id=\"\" class=\"\" colspan=\"\" rowspan=\"\">\n<div class=\"td-content-wrapper\">\n<div class=\"td-content\"><span style=\"color: #000000\">10.000.00 MTS<\/span><\/div>\n<\/div><\/td>\n<\/tr>\n<tr>\n<td id=\"\" class=\"\" colspan=\"\" rowspan=\"\">\n<div class=\"td-content-wrapper\">\n<div class=\"td-content\"><span style=\"color: #000000\">11<\/span><\/div>\n<\/div><\/td>\n<td id=\"\" class=\"\" colspan=\"\" rowspan=\"\">\n<div class=\"td-content-wrapper\">\n<div class=\"td-content\"><span style=\"color: #000000\">Peixes Pequenos<\/span><\/div>\n<\/div><\/td>\n<td id=\"\" class=\"\" colspan=\"\" rowspan=\"\">\n<div class=\"td-content-wrapper\">\n<div class=\"td-content\"><span style=\"color: #000000\">6.000.00 MTS<\/span><\/div>\n<\/div><\/td>\n<\/tr>\n<tr>\n<td id=\"\" class=\"\" colspan=\"\" rowspan=\"\">\n<div class=\"td-content-wrapper\">\n<div class=\"td-content\"><span style=\"color: #000000\">12<\/span><\/div>\n<\/div><\/td>\n<td id=\"\" class=\"\" colspan=\"\" rowspan=\"\">\n<div class=\"td-content-wrapper\">\n<div class=\"td-content\"><span style=\"color: #000000\">Peixe Serra Inteiro \u2013 Grande Porte<\/span><\/div>\n<\/div><\/td>\n<td id=\"\" class=\"\" colspan=\"\" rowspan=\"\">\n<div class=\"td-content-wrapper\">\n<div class=\"td-content\"><span style=\"color: #000000\">25.000.00 MTS<\/span><\/div>\n<\/div><\/td>\n<\/tr>\n<tr>\n<td id=\"\" class=\"\" colspan=\"\" rowspan=\"\">\n<div class=\"td-content-wrapper\">\n<div class=\"td-content\"><span style=\"color: #000000\">13<\/span><\/div>\n<\/div><\/td>\n<td id=\"\" class=\"\" colspan=\"\" rowspan=\"\">\n<div class=\"td-content-wrapper\">\n<div class=\"td-content\"><span style=\"color: #000000\">Lagosta<\/span><\/div>\n<\/div><\/td>\n<td id=\"\" class=\"\" colspan=\"\" rowspan=\"\">\n<div class=\"td-content-wrapper\">\n<div class=\"td-content\"><span style=\"color: #000000\">1.800.00 MTS<\/span><\/div>\n<\/div><\/td>\n<\/tr>\n<tr>\n<td id=\"\" class=\"\" colspan=\"\" rowspan=\"\">\n<div class=\"td-content-wrapper\">\n<div class=\"td-content\"><span style=\"color: #000000\">14<\/span><\/div>\n<\/div><\/td>\n<td id=\"\" class=\"\" colspan=\"\" rowspan=\"\">\n<div class=\"td-content-wrapper\">\n<div class=\"td-content\"><span style=\"color: #000000\">Caranguejo<\/span><\/div>\n<\/div><\/td>\n<td id=\"\" class=\"\" colspan=\"\" rowspan=\"\">\n<div class=\"td-content-wrapper\">\n<div class=\"td-content\"><span style=\"color: #000000\">1.800.00 MTS<\/span><\/div>\n<\/div><\/td>\n<\/tr>\n<\/tbody>\n<\/table>\n<\/div>\n<\/div>\n<\/div>\n<div class=\"elementor-element elementor-element-7359a12 elementor-widget elementor-widget-text-editor\" data-id=\"7359a12\" data-element_type=\"widget\" data-widget_type=\"text-editor.default\">\n<div class=\"elementor-widget-container\">\n\n<span style=\"color: #000000\">P\u00e1ssaros\u00a0<\/span>\n\n<\/div>\n<\/div>\n<div class=\"elementor-element elementor-element-8cfab96 eael-table-align-center eael-dt-th-align-left elementor-widget elementor-widget-eael-data-table\" data-id=\"8cfab96\" data-element_type=\"widget\" data-widget_type=\"eael-data-table.default\">\n<div class=\"elementor-widget-container\">\n<div id=\"eael-data-table-wrapper-8cfab96\" class=\"eael-data-table-wrap\" data-table_id=\"8cfab96\" data-custom_responsive=\"false\">\n<table id=\"eael-data-table-8cfab96\" class=\"tablesorter eael-data-table center\">\n<thead>\n<tr class=\"table-header\">\n<th id=\"\" class=\"\" colspan=\"\"><span class=\"data-table-header-text\" style=\"color: #000000\">No.<\/span><\/th>\n<th id=\"\" class=\"\" colspan=\"\"><span class=\"data-table-header-text\" style=\"color: #000000\">Designa\u00e7\u00e3o<\/span><\/th>\n<th id=\"\" class=\"\" colspan=\"\"><span class=\"data-table-header-text\" style=\"color: #000000\">Pre\u00e7o<\/span><\/th>\n<\/tr>\n<\/thead>\n<tbody>\n<tr>\n<td id=\"\" class=\"\" colspan=\"\" rowspan=\"\">\n<div class=\"td-content-wrapper\">\n<div class=\"td-content\"><span style=\"color: #000000\">15<\/span><\/div>\n<\/div><\/td>\n<td id=\"\" class=\"\" colspan=\"\" rowspan=\"\">\n<div class=\"td-content-wrapper\">\n<div class=\"td-content\"><span style=\"color: #000000\">Passaros \u2013 Grande Porte<\/span><\/div>\n<\/div><\/td>\n<td id=\"\" class=\"\" colspan=\"\" rowspan=\"\">\n<div class=\"td-content-wrapper\">\n<div class=\"td-content\"><span style=\"color: #000000\">3.000.00 MTS<\/span><\/div>\n<\/div><\/td>\n<\/tr>\n<tr>\n<td id=\"\" class=\"\" colspan=\"\" rowspan=\"\">\n<div class=\"td-content-wrapper\">\n<div class=\"td-content\"><span style=\"color: #000000\">16<\/span><\/div>\n<\/div><\/td>\n<td id=\"\" class=\"\" colspan=\"\" rowspan=\"\">\n<div class=\"td-content-wrapper\">\n<div class=\"td-content\"><span style=\"color: #000000\">P\u00e1ssaros \u2013 Pequeno Porte<\/span><\/div>\n<\/div><\/td>\n<td id=\"\" class=\"\" colspan=\"\" rowspan=\"\">\n<div class=\"td-content-wrapper\">\n<div class=\"td-content\"><span style=\"color: #000000\">2.250.00 MTS<\/span><\/div>\n<\/div><\/td>\n<\/tr>\n<\/tbody>\n<\/table>\n<\/div>\n<\/div>\n<\/div>\n<div class=\"elementor-element elementor-element-f78dc48 elementor-widget elementor-widget-text-editor\" data-id=\"f78dc48\" data-element_type=\"widget\" data-widget_type=\"text-editor.default\">\n<div class=\"elementor-widget-container\">\n\n<span style=\"color: #000000\">Curtimento de Peles\u00a0<\/span>\n\n<\/div>\n<\/div>\n<div class=\"elementor-element elementor-element-ecca843 eael-table-align-center eael-dt-th-align-left elementor-widget elementor-widget-eael-data-table\" data-id=\"ecca843\" data-element_type=\"widget\" data-widget_type=\"eael-data-table.default\">\n<div class=\"elementor-widget-container\">\n<div id=\"eael-data-table-wrapper-ecca843\" class=\"eael-data-table-wrap\" data-table_id=\"ecca843\" data-custom_responsive=\"false\">\n<table id=\"eael-data-table-ecca843\" class=\"tablesorter eael-data-table center\">\n<thead>\n<tr class=\"table-header\">\n<th id=\"\" class=\"\" colspan=\"\"><span class=\"data-table-header-text\" style=\"color: #000000\">No.<\/span><\/th>\n<th id=\"\" class=\"\" colspan=\"\"><span class=\"data-table-header-text\" style=\"color: #000000\">Designa\u00e7\u00e3o<\/span><\/th>\n<th id=\"\" class=\"\" colspan=\"\"><span class=\"data-table-header-text\" style=\"color: #000000\">Pre\u00e7o<\/span><\/th>\n<\/tr>\n<\/thead>\n<tbody>\n<tr>\n<td id=\"\" class=\"\" colspan=\"\" rowspan=\"\">\n<div class=\"td-content-wrapper\">\n<div class=\"td-content\"><span style=\"color: #000000\">17<\/span><\/div>\n<\/div><\/td>\n<td id=\"\" class=\"\" colspan=\"\" rowspan=\"\">\n<div class=\"td-content-wrapper\">\n<div class=\"td-content\"><span style=\"color: #000000\">Pele de Zebra<\/span><\/div>\n<\/div><\/td>\n<td id=\"\" class=\"\" colspan=\"\" rowspan=\"\">\n<div class=\"td-content-wrapper\">\n<div class=\"td-content\"><span style=\"color: #000000\">16.000.00 MTS<\/span><\/div>\n<\/div><\/td>\n<\/tr>\n<tr>\n<td id=\"\" class=\"\" colspan=\"\" rowspan=\"\">\n<div class=\"td-content-wrapper\">\n<div class=\"td-content\"><span style=\"color: #000000\">18<\/span><\/div>\n<\/div><\/td>\n<td id=\"\" class=\"\" colspan=\"\" rowspan=\"\">\n<div class=\"td-content-wrapper\">\n<div class=\"td-content\"><span style=\"color: #000000\">Pele de Le\u00e3o<\/span><\/div>\n<\/div><\/td>\n<td id=\"\" class=\"\" colspan=\"\" rowspan=\"\">\n<div class=\"td-content-wrapper\">\n<div class=\"td-content\"><span style=\"color: #000000\">11.000.00 MTS<\/span><\/div>\n<\/div><\/td>\n<\/tr>\n<tr>\n<td id=\"\" class=\"\" colspan=\"\" rowspan=\"\">\n<div class=\"td-content-wrapper\">\n<div class=\"td-content\"><span style=\"color: #000000\">19<\/span><\/div>\n<\/div><\/td>\n<td id=\"\" class=\"\" colspan=\"\" rowspan=\"\">\n<div class=\"td-content-wrapper\">\n<div class=\"td-content\"><span style=\"color: #000000\">Pele de Ant\u00edlope<\/span><\/div>\n<\/div><\/td>\n<td id=\"\" class=\"\" colspan=\"\" rowspan=\"\">\n<div class=\"td-content-wrapper\">\n<div class=\"td-content\"><span style=\"color: #000000\">6.000.00 MTS<\/span><\/div>\n<\/div><\/td>\n<\/tr>\n<tr>\n<td id=\"\" class=\"\" colspan=\"\" rowspan=\"\">\n<div class=\"td-content-wrapper\">\n<div class=\"td-content\"><span style=\"color: #000000\">20<\/span><\/div>\n<\/div><\/td>\n<td id=\"\" class=\"\" colspan=\"\" rowspan=\"\">\n<div class=\"td-content-wrapper\">\n<div class=\"td-content\"><span style=\"color: #000000\">Pele de Jib\u00f3ia<\/span><\/div>\n<\/div><\/td>\n<td id=\"\" class=\"\" colspan=\"\" rowspan=\"\">\n<div class=\"td-content-wrapper\">\n<div class=\"td-content\"><span style=\"color: #000000\">2.250.000 MTS<\/span><\/div>\n<\/div><\/td>\n<\/tr>\n<tr>\n<td id=\"\" class=\"\" colspan=\"\" rowspan=\"\">\n<div class=\"td-content-wrapper\">\n<div class=\"td-content\"><span style=\"color: #000000\">21<\/span><\/div>\n<\/div><\/td>\n<td id=\"\" class=\"\" colspan=\"\" rowspan=\"\">\n<div class=\"td-content-wrapper\">\n<div class=\"td-content\"><span style=\"color: #000000\">Pele de Gato Selvagem<\/span><\/div>\n<\/div><\/td>\n<td id=\"\" class=\"\" colspan=\"\" rowspan=\"\">\n<div class=\"td-content-wrapper\">\n<div class=\"td-content\"><span style=\"color: #000000\">2.250.00 MTS<\/span><\/div>\n<\/div><\/td>\n<\/tr>\n<\/tbody>\n<\/table>\n<\/div>\n<\/div>\n<\/div>\n<\/div>\n<\/div>\t\t\t\t\t\t\t\t<\/div>\n\t\t\t\t\t<\/div>\n\t\t\t\t<\/div>\n\t\t\t\t<\/div>\n\t\t","protected":false},"excerpt":{"rendered":"<p>Taxidermia Taxidermia \u00e9 a arte ou t\u00e9cnica de preservar animais mortos para exibi\u00e7\u00e3o ou estudo. \u00c9 o processo de preparar [&hellip;]<\/p>\n","protected":false},"author":1,"featured_media":0,"parent":0,"menu_order":0,"comment_status":"closed","ping_status":"closed","template":"","meta":{"site-sidebar-layout":"no-sidebar","site-content-layout":"","ast-site-content-layout":"full-width-container","site-content-style":"default","site-sidebar-style":"default","ast-global-header-display":"","ast-banner-title-visibility":"","ast-main-header-display":"","ast-hfb-above-header-display":"","ast-hfb-below-header-display":"","ast-hfb-mobile-header-display":"","site-post-title":"disabled","ast-breadcrumbs-content":"","ast-featured-img":"disabled","footer-sml-layout":"","ast-disable-related-posts":"","theme-transparent-header-meta":"default","adv-header-id-meta":"","stick-header-meta":"","header-above-stick-meta":"","header-main-stick-meta":"","header-below-stick-meta":"","astra-migrate-meta-layouts":"set","ast-page-background-enabled":"default","ast-page-background-meta":{"desktop":{"background-color":"var(--ast-global-color-5)","background-image":"","background-repeat":"repeat","background-position":"center center","background-size":"auto","background-attachment":"scroll","background-type":"","background-media":"","overlay-type":"","overlay-color":"","overlay-opacity":"","overlay-gradient":""},"tablet":{"background-color":"","background-image":"","background-repeat":"repeat","background-position":"center center","background-size":"auto","background-attachment":"scroll","background-type":"","background-media":"","overlay-type":"","overlay-color":"","overlay-opacity":"","overlay-gradient":""},"mobile":{"background-color":"","background-image":"","background-repeat":"repeat","background-position":"center center","background-size":"auto","background-attachment":"scroll","background-type":"","background-media":"","overlay-type":"","overlay-color":"","overlay-opacity":"","overlay-gradient":""}},"ast-content-background-meta":{"desktop":{"background-color":"var(--ast-global-color-4)","background-image":"","background-repeat":"repeat","background-position":"center center","background-size":"auto","background-attachment":"scroll","background-type":"","background-media":"","overlay-type":"","overlay-color":"","overlay-opacity":"","overlay-gradient":""},"tablet":{"background-color":"var(--ast-global-color-4)","background-image":"","background-repeat":"repeat","background-position":"center center","background-size":"auto","background-attachment":"scroll","background-type":"","background-media":"","overlay-type":"","overlay-color":"","overlay-opacity":"","overlay-gradient":""},"mobile":{"background-color":"var(--ast-global-color-4)","background-image":"","background-repeat":"repeat","background-position":"center center","background-size":"auto","background-attachment":"scroll","background-type":"","background-media":"","overlay-type":"","overlay-color":"","overlay-opacity":"","overlay-gradient":""}},"footnotes":""},"class_list":["post-703","page","type-page","status-publish","hentry"],"_links":{"self":[{"href":"https:\/\/mhnm.uem.mz\/index.php\/wp-json\/wp\/v2\/pages\/703","targetHints":{"allow":["GET"]}}],"collection":[{"href":"https:\/\/mhnm.uem.mz\/index.php\/wp-json\/wp\/v2\/pages"}],"about":[{"href":"https:\/\/mhnm.uem.mz\/index.php\/wp-json\/wp\/v2\/types\/page"}],"author":[{"embeddable":true,"href":"https:\/\/mhnm.uem.mz\/index.php\/wp-json\/wp\/v2\/users\/1"}],"replies":[{"embeddable":true,"href":"https:\/\/mhnm.uem.mz\/index.php\/wp-json\/wp\/v2\/comments?post=703"}],"version-history":[{"count":0,"href":"https:\/\/mhnm.uem.mz\/index.php\/wp-json\/wp\/v2\/pages\/703\/revisions"}],"wp:attachment":[{"href":"https:\/\/mhnm.uem.mz\/index.php\/wp-json\/wp\/v2\/media?parent=703"}],"curies":[{"name":"wp","href":"https:\/\/api.w.org\/{rel}","templated":true}]}}