{"id":704,"date":"2025-09-11T12:01:45","date_gmt":"2025-09-11T12:01:45","guid":{"rendered":"https:\/\/mhnm.ghost.uem.mz\/?page_id=704"},"modified":"2025-09-11T12:01:45","modified_gmt":"2025-09-11T12:01:45","slug":"espacos-para-eventos","status":"publish","type":"page","link":"https:\/\/mhnm.uem.mz\/index.php\/espacos-para-eventos\/","title":{"rendered":"Espa\u00e7os para Eventos"},"content":{"rendered":"\t\t<div data-elementor-type=\"wp-page\" data-elementor-id=\"704\" class=\"elementor elementor-704\">\n\t\t\t\t<div class=\"elementor-element elementor-element-8ad882b e-flex e-con-boxed e-con e-parent\" data-id=\"8ad882b\" data-element_type=\"container\" data-e-type=\"container\">\n\t\t\t\t\t<div class=\"e-con-inner\">\n\t\t\t\t<div class=\"elementor-element elementor-element-f3e3de7 elementor-widget elementor-widget-heading\" data-id=\"f3e3de7\" data-element_type=\"widget\" data-e-type=\"widget\" data-widget_type=\"heading.default\">\n\t\t\t\t\t<h2 class=\"elementor-heading-title elementor-size-default\">Aluguer de Espa\u00e7os para Eventos<\/h2>\t\t\t\t<\/div>\n\t\t\t\t<div class=\"elementor-element elementor-element-2990d04 elementor-widget elementor-widget-text-editor\" data-id=\"2990d04\" data-element_type=\"widget\" data-e-type=\"widget\" data-widget_type=\"text-editor.default\">\n\t\t\t\t\t\t\t\t\t<p><span style=\"color: #000000\">Seja bem-vindo ao nosso espa\u00e7o exclusivo dentro do ic\u00f4nico Museu de Hist\u00f3ria Natural de Maputo! Possu\u00edmos um local ideal para aqueles que buscam uma experi\u00eancia \u00fanica em eventos e celebra\u00e7\u00f5es, seja para um casamento encantador, uma recep\u00e7\u00e3o sofisticada, uma confer\u00eancia acad\u00eamica ou um evento corporativo, nosso espa\u00e7o dentro do museu proporciona o cen\u00e1rio perfeito para fazer hist\u00f3ria.<\/span><br \/><span style=\"color: #000000\">Espa\u00e7os dispon\u00edveis para aluguer:<\/span><\/p><p><span style=\"color: #000000\">Jardim do Museu de Hist\u00f3ria Natural de Maputo\u00a0<\/span><br \/><span style=\"color: #000000\">Audit\u00f3rio do Museu de Hist\u00f3ria Natural de Maputo<\/span><br \/><span style=\"color: #000000\">\u00a0Abaixo, encontre os pre\u00e7os para aluguer de cada um deles.<\/span><\/p>\t\t\t\t\t\t\t\t<\/div>\n\t\t\t\t<div class=\"elementor-element elementor-element-2004d3e elementor-widget elementor-widget-text-editor\" data-id=\"2004d3e\" data-element_type=\"widget\" data-e-type=\"widget\" data-widget_type=\"text-editor.default\">\n\t\t\t\t\t\t\t\t\t<div class=\"elementor-element elementor-element-7bc8079 eael-table-align-center eael-dt-th-align-left elementor-widget elementor-widget-eael-data-table\" data-id=\"7bc8079\" data-element_type=\"widget\" data-widget_type=\"eael-data-table.default\"><div class=\"elementor-widget-container\"><div id=\"eael-data-table-wrapper-7bc8079\" class=\"eael-data-table-wrap\" data-table_id=\"7bc8079\" data-custom_responsive=\"false\"><table id=\"eael-data-table-7bc8079\" class=\"tablesorter eael-data-table center\"><thead><tr class=\"table-header\"><th id=\"\" class=\"\" colspan=\"\"><span class=\"data-table-header-text\" style=\"color: #000000\">No.<\/span><\/th><th id=\"\" class=\"\" colspan=\"\"><span class=\"data-table-header-text\" style=\"color: #000000\">Designa\u00e7\u00e3o<\/span><\/th><th id=\"\" class=\"\" colspan=\"\"><span class=\"data-table-header-text\" style=\"color: #000000\">Quantidade dispon\u00edvel<\/span><\/th><th id=\"\" class=\"\" colspan=\"\"><span class=\"data-table-header-text\" style=\"color: #000000\">Pre\u00e7o unit\u00e1rio<\/span><\/th><\/tr><\/thead><tbody><tr><td id=\"\" class=\"\" colspan=\"\" rowspan=\"\"><div class=\"td-content-wrapper\"><div class=\"td-content\"><span style=\"color: #000000\">01<\/span><\/div><\/div><\/td><td id=\"\" class=\"\" colspan=\"\" rowspan=\"\"><div class=\"td-content-wrapper\"><div class=\"td-content\"><span style=\"color: #000000\">Mesa<\/span><\/div><\/div><\/td><td id=\"\" class=\"\" colspan=\"\" rowspan=\"\"><div class=\"td-content-wrapper\"><div class=\"td-content\"><span style=\"color: #000000\">19<\/span><\/div><\/div><\/td><td id=\"\" class=\"\" colspan=\"\" rowspan=\"\"><div class=\"td-content-wrapper\"><div class=\"td-content\"><span style=\"color: #000000\">50,00 MT<\/span><\/div><\/div><\/td><\/tr><tr><td id=\"\" class=\"\" colspan=\"\" rowspan=\"\"><div class=\"td-content-wrapper\"><div class=\"td-content\"><span style=\"color: #000000\">02<\/span><\/div><\/div><\/td><td id=\"\" class=\"\" colspan=\"\" rowspan=\"\"><div class=\"td-content-wrapper\"><div class=\"td-content\"><span style=\"color: #000000\">Cadeira<\/span><\/div><\/div><\/td><td id=\"\" class=\"\" colspan=\"\" rowspan=\"\"><div class=\"td-content-wrapper\"><div class=\"td-content\"><span style=\"color: #000000\">79<\/span><\/div><\/div><\/td><td id=\"\" class=\"\" colspan=\"\" rowspan=\"\"><div class=\"td-content-wrapper\"><div class=\"td-content\"><span style=\"color: #000000\">25,00 MT<\/span><\/div><\/div><\/td><\/tr><tr><td id=\"\" class=\"\" colspan=\"\" rowspan=\"\"><div class=\"td-content-wrapper\"><div class=\"td-content\"><span style=\"color: #000000\">03<\/span><\/div><\/div><\/td><td id=\"\" class=\"\" colspan=\"\" rowspan=\"\"><div class=\"td-content-wrapper\"><div class=\"td-content\"><span style=\"color: #000000\">Espa\u00e7o Livre do Jardim<\/span><\/div><\/div><\/td><td id=\"\" class=\"\" colspan=\"\" rowspan=\"\"><div class=\"td-content-wrapper\"><div class=\"td-content\"><span style=\"color: #000000\">1<\/span><\/div><\/div><\/td><td id=\"\" class=\"\" colspan=\"\" rowspan=\"\"><div class=\"td-content-wrapper\"><div class=\"td-content\"><span style=\"color: #000000\">17.500 MT<\/span><\/div><\/div><\/td><\/tr><tr><td id=\"\" class=\"\" colspan=\"\" rowspan=\"\"><div class=\"td-content-wrapper\"><div class=\"td-content\"><span style=\"color: #000000\">04<\/span><\/div><\/div><\/td><td id=\"\" class=\"\" colspan=\"\" rowspan=\"\"><div class=\"td-content-wrapper\"><div class=\"td-content\"><span style=\"color: #000000\">Espa\u00e7o livre do Jardim para Funcion\u00e1rios da UEM (desconto de 25%)<\/span><\/div><\/div><\/td><td id=\"\" class=\"\" colspan=\"\" rowspan=\"\"><div class=\"td-content-wrapper\"><div class=\"td-content\"><span style=\"color: #000000\">1<\/span><\/div><\/div><\/td><td id=\"\" class=\"\" colspan=\"\" rowspan=\"\"><div class=\"td-content-wrapper\"><div class=\"td-content\"><span style=\"color: #000000\">13.125.00 MT<\/span><\/div><\/div><\/td><\/tr><\/tbody><\/table><\/div><\/div><\/div><div class=\"elementor-element elementor-element-dd2cd51 elementor-widget elementor-widget-text-editor\" data-id=\"dd2cd51\" data-element_type=\"widget\" data-widget_type=\"text-editor.default\"><div class=\"elementor-widget-container\"><p><span style=\"color: #000000\">Pre\u00e7os para aluguer da sala de Reuni\u00f5es do Museu de Hist\u00f3ria Natural:<\/span><\/p><\/div><\/div><div class=\"elementor-element elementor-element-aa29dc6 eael-table-align-center eael-dt-th-align-left elementor-widget elementor-widget-eael-data-table\" data-id=\"aa29dc6\" data-element_type=\"widget\" data-widget_type=\"eael-data-table.default\"><div class=\"elementor-widget-container\"><div id=\"eael-data-table-wrapper-aa29dc6\" class=\"eael-data-table-wrap\" data-table_id=\"aa29dc6\" data-custom_responsive=\"false\"><table id=\"eael-data-table-aa29dc6\" class=\"tablesorter eael-data-table center\"><thead><tr class=\"table-header\"><th id=\"\" class=\"\" colspan=\"\"><span class=\"data-table-header-text\" style=\"color: #000000\">Qtd.<\/span><\/th><th id=\"\" class=\"\" colspan=\"\"><span class=\"data-table-header-text\" style=\"color: #000000\">Tempo desempenho<\/span><\/th><th id=\"\" class=\"\" colspan=\"\"><span class=\"data-table-header-text\" style=\"color: #000000\">Tempo \u00datil<\/span><\/th><th id=\"\" class=\"\" colspan=\"\"><span class=\"data-table-header-text\" style=\"color: #000000\">Variante<\/span><\/th><th id=\"\" class=\"\" colspan=\"\"><span class=\"data-table-header-text\" style=\"color: #000000\">Pre\u00e7o<\/span><\/th><\/tr><\/thead><tbody><tr><td id=\"\" class=\"\" colspan=\"\" rowspan=\"\"><div class=\"td-content-wrapper\"><div class=\"td-content\"><span style=\"color: #000000\">01<\/span><\/div><\/div><\/td><td id=\"\" class=\"\" colspan=\"\" rowspan=\"\"><div class=\"td-content-wrapper\"><div class=\"td-content\"><span style=\"color: #000000\">At\u00e9 4 horas<\/span><\/div><\/div><\/td><td id=\"\" class=\"\" colspan=\"\" rowspan=\"\"><div class=\"td-content-wrapper\"><div class=\"td-content\"><span style=\"color: #000000\">08h \u2013 16h<\/span><\/div><\/div><\/td><td id=\"\" class=\"\" colspan=\"\" rowspan=\"\"><div class=\"td-content-wrapper\"><div class=\"td-content\"><span style=\"color: #000000\">Sem Som<\/span><\/div><\/div><\/td><td id=\"\" class=\"\" colspan=\"\" rowspan=\"\"><div class=\"td-content-wrapper\"><div class=\"td-content\"><span style=\"color: #000000\">3.880.00 MTS<\/span><\/div><\/div><\/td><\/tr><tr><td id=\"\" class=\"\" colspan=\"\" rowspan=\"\"><div class=\"td-content-wrapper\"><div class=\"td-content\"><span style=\"color: #000000\">02<\/span><\/div><\/div><\/td><td id=\"\" class=\"\" colspan=\"\" rowspan=\"\"><div class=\"td-content-wrapper\"><div class=\"td-content\"><span style=\"color: #000000\">At\u00e9 4 horas<\/span><\/div><\/div><\/td><td id=\"\" class=\"\" colspan=\"\" rowspan=\"\"><div class=\"td-content-wrapper\"><div class=\"td-content\"><span style=\"color: #000000\">08h-16h<\/span><\/div><\/div><\/td><td id=\"\" class=\"\" colspan=\"\" rowspan=\"\"><div class=\"td-content-wrapper\"><div class=\"td-content\"><span style=\"color: #000000\">Com Som<\/span><\/div><\/div><\/td><td id=\"\" class=\"\" colspan=\"\" rowspan=\"\"><div class=\"td-content-wrapper\"><div class=\"td-content\"><span style=\"color: #000000\">4.793.00 MTS<\/span><\/div><\/div><\/td><\/tr><tr><td id=\"\" class=\"\" colspan=\"\" rowspan=\"\"><div class=\"td-content-wrapper\"><div class=\"td-content\"><span style=\"color: #000000\">03<\/span><\/div><\/div><\/td><td id=\"\" class=\"\" colspan=\"\" rowspan=\"\"><div class=\"td-content-wrapper\"><div class=\"td-content\"><span style=\"color: #000000\">Mais de 4 horas<\/span><\/div><\/div><\/td><td id=\"\" class=\"\" colspan=\"\" rowspan=\"\"><div class=\"td-content-wrapper\"><div class=\"td-content\"><span style=\"color: #000000\">08h \u2013 16h<\/span><\/div><\/div><\/td><td id=\"\" class=\"\" colspan=\"\" rowspan=\"\"><div class=\"td-content-wrapper\"><div class=\"td-content\"><span style=\"color: #000000\">Sem Som<\/span><\/div><\/div><\/td><td id=\"\" class=\"\" colspan=\"\" rowspan=\"\"><div class=\"td-content-wrapper\"><div class=\"td-content\"><span style=\"color: #000000\">6.162.00 MTS<\/span><\/div><\/div><\/td><\/tr><tr><td id=\"\" class=\"\" colspan=\"\" rowspan=\"\"><div class=\"td-content-wrapper\"><div class=\"td-content\"><span style=\"color: #000000\">04<\/span><\/div><\/div><\/td><td id=\"\" class=\"\" colspan=\"\" rowspan=\"\"><div class=\"td-content-wrapper\"><div class=\"td-content\"><span style=\"color: #000000\">Mais de 4 horas<\/span><\/div><\/div><\/td><td id=\"\" class=\"\" colspan=\"\" rowspan=\"\"><div class=\"td-content-wrapper\"><div class=\"td-content\"><span style=\"color: #000000\">08h \u2013 16h<\/span><\/div><\/div><\/td><td id=\"\" class=\"\" colspan=\"\" rowspan=\"\"><div class=\"td-content-wrapper\"><div class=\"td-content\"><span style=\"color: #000000\">Com Som<\/span><\/div><\/div><\/td><td id=\"\" class=\"\" colspan=\"\" rowspan=\"\"><div class=\"td-content-wrapper\"><div class=\"td-content\"><span style=\"color: #000000\">7.532.00 MTS<\/span><\/div><\/div><\/td><\/tr><tr><td id=\"\" class=\"\" colspan=\"\" rowspan=\"\"><div class=\"td-content-wrapper\"><div class=\"td-content\"><span style=\"color: #000000\">05<\/span><\/div><\/div><\/td><td id=\"\" class=\"\" colspan=\"\" rowspan=\"\"><div class=\"td-content-wrapper\"><div class=\"td-content\"><span style=\"color: #000000\">Per\u00edodo Nocturno<\/span><\/div><\/div><\/td><td id=\"\" class=\"\" colspan=\"\" rowspan=\"\"><div class=\"td-content-wrapper\"><div class=\"td-content\"><span style=\"color: #000000\">16h \u2013 21h<\/span><\/div><\/div><\/td><td id=\"\" class=\"\" colspan=\"\" rowspan=\"\"><div class=\"td-content-wrapper\"><div class=\"td-content\"><span style=\"color: #000000\">Sem Som<\/span><\/div><\/div><\/td><td id=\"\" class=\"\" colspan=\"\" rowspan=\"\"><div class=\"td-content-wrapper\"><div class=\"td-content\"><span style=\"color: #000000\">3.000.00 MTS (por hora)<\/span><\/div><\/div><\/td><\/tr><tr><td id=\"\" class=\"\" colspan=\"\" rowspan=\"\"><div class=\"td-content-wrapper\"><div class=\"td-content\"><span style=\"color: #000000\">06<\/span><\/div><\/div><\/td><td id=\"\" class=\"\" colspan=\"\" rowspan=\"\"><div class=\"td-content-wrapper\"><div class=\"td-content\"><span style=\"color: #000000\">Per\u00edodo Nocturno<\/span><\/div><\/div><\/td><td id=\"\" class=\"\" colspan=\"\" rowspan=\"\"><div class=\"td-content-wrapper\"><div class=\"td-content\"><span style=\"color: #000000\">16h \u2013 21h<\/span><\/div><\/div><\/td><td id=\"\" class=\"\" colspan=\"\" rowspan=\"\"><div class=\"td-content-wrapper\"><div class=\"td-content\"><span style=\"color: #000000\">Com Som<\/span><\/div><\/div><\/td><td id=\"\" class=\"\" colspan=\"\" rowspan=\"\"><div class=\"td-content-wrapper\"><div class=\"td-content\"><span style=\"color: #000000\">3.424.00 MTS (por hora)<\/span><\/div><\/div><\/td><\/tr><tr><td id=\"\" class=\"\" colspan=\"\" rowspan=\"\"><div class=\"td-content-wrapper\"><div class=\"td-content\"><span style=\"color: #000000\">07<\/span><\/div><\/div><\/td><td id=\"\" class=\"\" colspan=\"\" rowspan=\"\"><div class=\"td-content-wrapper\"><div class=\"td-content\"><span style=\"color: #000000\">Data Show<\/span><\/div><\/div><\/td><td id=\"\" class=\"\" colspan=\"\" rowspan=\"\"><div class=\"td-content-wrapper\"><div class=\"td-content\"><span style=\"color: #000000\">Todo o dia<\/span><\/div><\/div><\/td><td id=\"\" class=\"\" colspan=\"\" rowspan=\"\"><div class=\"td-content-wrapper\"><div class=\"td-content\"><span style=\"color: #000000\">\u2013<\/span><\/div><\/div><\/td><td id=\"\" class=\"\" colspan=\"\" rowspan=\"\"><div class=\"td-content-wrapper\"><div class=\"td-content\"><span style=\"color: #000000\">3.500.00 MTS<\/span><\/div><\/div><\/td><\/tr><\/tbody><\/table><\/div><\/div><\/div><div class=\"elementor-element elementor-element-dd2f068 elementor-widget elementor-widget-text-editor\" data-id=\"dd2f068\" data-element_type=\"widget\" data-widget_type=\"text-editor.default\"><div class=\"elementor-widget-container\"><p><span style=\"color: #000000\">NB: O Audit\u00f3rio tem a capacidade de acomodar Setenta (70) pessoas, e os servi\u00e7os adicionais s\u00e3o da responsabilidade do cliente.<\/span><\/p><\/div><\/div>\t\t\t\t\t\t\t\t<\/div>\n\t\t\t\t\t<\/div>\n\t\t\t\t<\/div>\n\t\t\t\t<\/div>\n\t\t","protected":false},"excerpt":{"rendered":"<p>Aluguer de Espa\u00e7os para Eventos Seja bem-vindo ao nosso espa\u00e7o exclusivo dentro do ic\u00f4nico Museu de Hist\u00f3ria Natural de Maputo! [&hellip;]<\/p>\n","protected":false},"author":1,"featured_media":0,"parent":0,"menu_order":0,"comment_status":"closed","ping_status":"closed","template":"","meta":{"site-sidebar-layout":"no-sidebar","site-content-layout":"","ast-site-content-layout":"full-width-container","site-content-style":"default","site-sidebar-style":"default","ast-global-header-display":"","ast-banner-title-visibility":"","ast-main-header-display":"","ast-hfb-above-header-display":"","ast-hfb-below-header-display":"","ast-hfb-mobile-header-display":"","site-post-title":"disabled","ast-breadcrumbs-content":"","ast-featured-img":"","footer-sml-layout":"","ast-disable-related-posts":"","theme-transparent-header-meta":"default","adv-header-id-meta":"","stick-header-meta":"","header-above-stick-meta":"","header-main-stick-meta":"","header-below-stick-meta":"","astra-migrate-meta-layouts":"set","ast-page-background-enabled":"default","ast-page-background-meta":{"desktop":{"background-color":"var(--ast-global-color-5)","background-image":"","background-repeat":"repeat","background-position":"center center","background-size":"auto","background-attachment":"scroll","background-type":"","background-media":"","overlay-type":"","overlay-color":"","overlay-opacity":"","overlay-gradient":""},"tablet":{"background-color":"","background-image":"","background-repeat":"repeat","background-position":"center center","background-size":"auto","background-attachment":"scroll","background-type":"","background-media":"","overlay-type":"","overlay-color":"","overlay-opacity":"","overlay-gradient":""},"mobile":{"background-color":"","background-image":"","background-repeat":"repeat","background-position":"center center","background-size":"auto","background-attachment":"scroll","background-type":"","background-media":"","overlay-type":"","overlay-color":"","overlay-opacity":"","overlay-gradient":""}},"ast-content-background-meta":{"desktop":{"background-color":"var(--ast-global-color-4)","background-image":"","background-repeat":"repeat","background-position":"center center","background-size":"auto","background-attachment":"scroll","background-type":"","background-media":"","overlay-type":"","overlay-color":"","overlay-opacity":"","overlay-gradient":""},"tablet":{"background-color":"var(--ast-global-color-4)","background-image":"","background-repeat":"repeat","background-position":"center center","background-size":"auto","background-attachment":"scroll","background-type":"","background-media":"","overlay-type":"","overlay-color":"","overlay-opacity":"","overlay-gradient":""},"mobile":{"background-color":"var(--ast-global-color-4)","background-image":"","background-repeat":"repeat","background-position":"center center","background-size":"auto","background-attachment":"scroll","background-type":"","background-media":"","overlay-type":"","overlay-color":"","overlay-opacity":"","overlay-gradient":""}},"footnotes":""},"class_list":["post-704","page","type-page","status-publish","hentry"],"_links":{"self":[{"href":"https:\/\/mhnm.uem.mz\/index.php\/wp-json\/wp\/v2\/pages\/704","targetHints":{"allow":["GET"]}}],"collection":[{"href":"https:\/\/mhnm.uem.mz\/index.php\/wp-json\/wp\/v2\/pages"}],"about":[{"href":"https:\/\/mhnm.uem.mz\/index.php\/wp-json\/wp\/v2\/types\/page"}],"author":[{"embeddable":true,"href":"https:\/\/mhnm.uem.mz\/index.php\/wp-json\/wp\/v2\/users\/1"}],"replies":[{"embeddable":true,"href":"https:\/\/mhnm.uem.mz\/index.php\/wp-json\/wp\/v2\/comments?post=704"}],"version-history":[{"count":0,"href":"https:\/\/mhnm.uem.mz\/index.php\/wp-json\/wp\/v2\/pages\/704\/revisions"}],"wp:attachment":[{"href":"https:\/\/mhnm.uem.mz\/index.php\/wp-json\/wp\/v2\/media?parent=704"}],"curies":[{"name":"wp","href":"https:\/\/api.w.org\/{rel}","templated":true}]}}